{"id":68271,"date":"2022-04-07T11:52:40","date_gmt":"2022-04-07T09:52:40","guid":{"rendered":"https:\/\/yasminfood.ch\/product\/ghariba-shamsin-570g\/"},"modified":"2025-05-15T03:57:18","modified_gmt":"2025-05-15T01:57:18","slug":"ghariba-shamsin-570g","status":"publish","type":"product","link":"https:\/\/yasminfood.ch\/de\/product\/ghariba-shamsin-570g\/","title":{"rendered":"Ghariba Shamsin -570g"},"content":{"rendered":"<p>Ghariba Shamsin mit zerbrechlicher Textur und k\u00f6stlichem s\u00fc\u00dfem Geschmack, das Exotische zeichnet sich durch seine attraktive Fettfarbe aus, und es ist eine der authentischen arabischen S\u00fc\u00dfigkeiten, die seit der Antike mit gro\u00dfer Beliebtheit ber\u00fchmt ist, die exotische wird bei Feiern und Anl\u00e4ssen angeboten und gilt als unverzichtbar in Ferien und Hochzeiten, die exotische hat viele Vorteile, weil sie aus den feinsten Zutaten wie Fettleibigkeit, Grie\u00df und Zucker zubereitet wird, so dass sie voller Vitamine und Mineralien ist, die den K\u00f6rper mit Energie und Vitalit\u00e4t versorgen, und die exotische wird auf die beste Weise gelagert, um die Sicherheit des gew\u00fcnschten Produkts zu gew\u00e4hrleisten.       <\/p>\n","protected":false},"excerpt":{"rendered":"<p>Ghariba Shamsin mit zerbrechlicher Textur und k\u00f6stlichem s\u00fc\u00dfem Geschmack, das Exotische zeichnet sich durch seine attraktive Fettfarbe aus, und es<\/p>\n","protected":false},"featured_media":111268,"comment_status":"open","ping_status":"closed","template":"","meta":[],"product_brand":[],"product_cat":[301,297],"product_tag":[1912,975],"class_list":{"0":"post-68271","1":"product","2":"type-product","3":"status-publish","4":"has-post-thumbnail","6":"product_cat-arabische-suessigkeiten","7":"product_cat-dessert-chips-2","8":"product_tag-nettogewicht-570-g","9":"product_tag---de","11":"first","12":"instock","13":"taxable","14":"shipping-taxable","15":"purchasable","16":"product-type-simple"},"yoast_head":"<!-- This site is optimized with the Yoast SEO Premium plugin v26.5 (Yoast SEO v27.3) - https:\/\/yoast.com\/product\/yoast-seo-premium-wordpress\/ -->\n<title>Ghariba Shamsin -570g - Yasmin Food<\/title>\n<meta name=\"description\" content=\"Ghariba Shamsin mit einer zerbrechlichen Textur und einem k\u00f6stlichen s\u00fc\u00dfen Geschmack, das Seltsame zeichnet sich durch seine attraktive fettige und attraktive fleischige Farbe aus und ist eine der authentischen arabischen S\u00fc\u00dfigkeiten, die seit der Antike mit gro\u00dfer Beliebtheit ber\u00fchmt ist\" \/>\n<meta name=\"robots\" content=\"index, follow, max-snippet:-1, max-image-preview:large, max-video-preview:-1\" \/>\n<link rel=\"canonical\" href=\"https:\/\/yasminfood.ch\/de\/product\/ghariba-shamsin-570g\/\" \/>\n<meta property=\"og:locale\" content=\"de_DE\" \/>\n<meta property=\"og:type\" content=\"article\" \/>\n<meta property=\"og:title\" content=\"Ghariba Shamsin -570g\" \/>\n<meta property=\"og:description\" content=\"Ghariba Shamsin mit zerbrechlicher Textur und k\u00f6stlichem s\u00fc\u00dfem Geschmack, das Exotische zeichnet sich durch seine attraktive Fettfarbe aus, und es ist\" \/>\n<meta property=\"og:url\" content=\"https:\/\/yasminfood.ch\/de\/product\/ghariba-shamsin-570g\/\" \/>\n<meta property=\"og:site_name\" content=\"Yasmin Food\" \/>\n<meta property=\"article:publisher\" content=\"https:\/\/www.facebook.com\/yasminmarkt1\" \/>\n<meta property=\"article:modified_time\" content=\"2025-05-15T01:57:18+00:00\" \/>\n<meta property=\"og:image\" content=\"https:\/\/yasminfood.ch\/wp-content\/uploads\/2022\/04\/\u063a\u0631\u064a\u0628\u0629-\u0634\u0645\u0633\u064a\u0646-570\u063a-1.png\" \/>\n\t<meta property=\"og:image:width\" content=\"1080\" \/>\n\t<meta property=\"og:image:height\" content=\"1080\" \/>\n\t<meta property=\"og:image:type\" content=\"image\/png\" \/>\n<meta name=\"twitter:card\" content=\"summary_large_image\" \/>\n<meta name=\"twitter:label1\" content=\"Preis\" \/>\n\t<meta name=\"twitter:data1\" content=\"10.95&nbsp;&#067;&#072;&#070;\" \/>\n\t<meta name=\"twitter:label2\" content=\"Verf\u00fcgbarkeit\" \/>\n\t<meta name=\"twitter:data2\" content=\"Auf Lager\" \/>\n<script type=\"application\/ld+json\" class=\"yoast-schema-graph\">{\"@context\":\"https:\\\/\\\/schema.org\",\"@graph\":[{\"@type\":\"WebPage\",\"@id\":\"https:\\\/\\\/yasminfood.ch\\\/de\\\/product\\\/ghariba-shamsin-570g\\\/\",\"url\":\"https:\\\/\\\/yasminfood.ch\\\/de\\\/product\\\/ghariba-shamsin-570g\\\/\",\"name\":\"Ghariba Shamsin -570g - Yasmin Food\",\"isPartOf\":{\"@id\":\"https:\\\/\\\/yasminfood.ch\\\/de\\\/#website\"},\"primaryImageOfPage\":{\"@id\":\"https:\\\/\\\/yasminfood.ch\\\/de\\\/product\\\/ghariba-shamsin-570g\\\/#primaryimage\"},\"image\":{\"@id\":\"https:\\\/\\\/yasminfood.ch\\\/de\\\/product\\\/ghariba-shamsin-570g\\\/#primaryimage\"},\"thumbnailUrl\":\"https:\\\/\\\/yasminfood.ch\\\/wp-content\\\/uploads\\\/2022\\\/04\\\/\u063a\u0631\u064a\u0628\u0629-\u0634\u0645\u0633\u064a\u0646-570\u063a-1.png\",\"datePublished\":\"2022-04-07T09:52:40+00:00\",\"dateModified\":\"2025-05-15T01:57:18+00:00\",\"description\":\"Ghariba Shamsin mit einer zerbrechlichen Textur und einem k\u00f6stlichen s\u00fc\u00dfen Geschmack, das Seltsame zeichnet sich durch seine attraktive fettige und attraktive fleischige Farbe aus und ist eine der authentischen arabischen S\u00fc\u00dfigkeiten, die seit der Antike mit gro\u00dfer Beliebtheit ber\u00fchmt ist\",\"breadcrumb\":{\"@id\":\"https:\\\/\\\/yasminfood.ch\\\/de\\\/product\\\/ghariba-shamsin-570g\\\/#breadcrumb\"},\"inLanguage\":\"de\",\"potentialAction\":[{\"@type\":\"ReadAction\",\"target\":[\"https:\\\/\\\/yasminfood.ch\\\/de\\\/product\\\/ghariba-shamsin-570g\\\/\"]}]},{\"@type\":\"ImageObject\",\"inLanguage\":\"de\",\"@id\":\"https:\\\/\\\/yasminfood.ch\\\/de\\\/product\\\/ghariba-shamsin-570g\\\/#primaryimage\",\"url\":\"https:\\\/\\\/yasminfood.ch\\\/wp-content\\\/uploads\\\/2022\\\/04\\\/\u063a\u0631\u064a\u0628\u0629-\u0634\u0645\u0633\u064a\u0646-570\u063a-1.png\",\"contentUrl\":\"https:\\\/\\\/yasminfood.ch\\\/wp-content\\\/uploads\\\/2022\\\/04\\\/\u063a\u0631\u064a\u0628\u0629-\u0634\u0645\u0633\u064a\u0646-570\u063a-1.png\",\"width\":1080,\"height\":1080},{\"@type\":\"BreadcrumbList\",\"@id\":\"https:\\\/\\\/yasminfood.ch\\\/de\\\/product\\\/ghariba-shamsin-570g\\\/#breadcrumb\",\"itemListElement\":[{\"@type\":\"ListItem\",\"position\":1,\"name\":\"\u0627\u0644\u0631\u0626\u064a\u0633\u064a\u0629\",\"item\":\"https:\\\/\\\/yasminfood.ch\\\/de\\\/zuhause\\\/\"},{\"@type\":\"ListItem\",\"position\":2,\"name\":\"Shop\",\"item\":\"https:\\\/\\\/yasminfood.ch\\\/de\\\/shop\\\/\"},{\"@type\":\"ListItem\",\"position\":3,\"name\":\"Dessert &amp; Chips\",\"item\":\"https:\\\/\\\/yasminfood.ch\\\/de\\\/produkt-kategorie\\\/dessert-chips-2\\\/\"},{\"@type\":\"ListItem\",\"position\":4,\"name\":\"Arabische s\u00fc\u00dfigkeiten\",\"item\":\"https:\\\/\\\/yasminfood.ch\\\/de\\\/produkt-kategorie\\\/dessert-chips-2\\\/arabische-suessigkeiten\\\/\"},{\"@type\":\"ListItem\",\"position\":5,\"name\":\"Ghariba Shamsin -570g\"}]},{\"@type\":\"WebSite\",\"@id\":\"https:\\\/\\\/yasminfood.ch\\\/de\\\/#website\",\"url\":\"https:\\\/\\\/yasminfood.ch\\\/de\\\/\",\"name\":\"\u064a\u0627\u0633\u0645\u064a\u0646 \u0645\u0627\u0631\u0643\u062a\",\"description\":\"Alles, was Sie brauchen, an einem Ort\",\"publisher\":{\"@id\":\"https:\\\/\\\/yasminfood.ch\\\/de\\\/#organization\"},\"alternateName\":\"Yasmin Food\",\"potentialAction\":[{\"@type\":\"SearchAction\",\"target\":{\"@type\":\"EntryPoint\",\"urlTemplate\":\"https:\\\/\\\/yasminfood.ch\\\/de\\\/?s={search_term_string}\"},\"query-input\":{\"@type\":\"PropertyValueSpecification\",\"valueRequired\":true,\"valueName\":\"search_term_string\"}}],\"inLanguage\":\"de\"},{\"@type\":\"Organization\",\"@id\":\"https:\\\/\\\/yasminfood.ch\\\/de\\\/#organization\",\"name\":\"\u064a\u0627\u0633\u0645\u064a\u0646 \u0645\u0627\u0631\u0643\u062a\",\"alternateName\":\"Yasmin Food\",\"url\":\"https:\\\/\\\/yasminfood.ch\\\/de\\\/\",\"logo\":{\"@type\":\"ImageObject\",\"inLanguage\":\"de\",\"@id\":\"https:\\\/\\\/yasminfood.ch\\\/de\\\/#\\\/schema\\\/logo\\\/image\\\/\",\"url\":\"https:\\\/\\\/yasminfood.ch\\\/wp-content\\\/uploads\\\/2025\\\/05\\\/yasmin-food-header-logo.png\",\"contentUrl\":\"https:\\\/\\\/yasminfood.ch\\\/wp-content\\\/uploads\\\/2025\\\/05\\\/yasmin-food-header-logo.png\",\"width\":330,\"height\":120,\"caption\":\"\u064a\u0627\u0633\u0645\u064a\u0646 \u0645\u0627\u0631\u0643\u062a\"},\"image\":{\"@id\":\"https:\\\/\\\/yasminfood.ch\\\/de\\\/#\\\/schema\\\/logo\\\/image\\\/\"},\"sameAs\":[\"https:\\\/\\\/www.facebook.com\\\/yasminmarkt1\",\"https:\\\/\\\/www.tiktok.com\\\/@yasminmarkt\",\"https:\\\/\\\/www.instagram.com\\\/yasmin.markt1\\\/\",\"https:\\\/\\\/api.whatsapp.com\\\/send\\\/?phone=41799000104\"],\"publishingPrinciples\":\"https:\\\/\\\/yasminfood.ch\\\/de\\\/shop\\\/\",\"ownershipFundingInfo\":\"https:\\\/\\\/yasminfood.ch\\\/de\\\/shop\\\/\"}]}<\/script>\n<meta property=\"product:price:amount\" content=\"10.95\" \/>\n<meta property=\"product:price:currency\" content=\"CHF\" \/>\n<meta property=\"og:availability\" content=\"instock\" \/>\n<meta property=\"product:availability\" content=\"instock\" \/>\n<meta property=\"product:condition\" content=\"new\" \/>\n<!-- \/ Yoast SEO Premium plugin. -->","yoast_head_json":{"title":"Ghariba Shamsin -570g - Yasmin Food","description":"Ghariba Shamsin mit einer zerbrechlichen Textur und einem k\u00f6stlichen s\u00fc\u00dfen Geschmack, das Seltsame zeichnet sich durch seine attraktive fettige und attraktive fleischige Farbe aus und ist eine der authentischen arabischen S\u00fc\u00dfigkeiten, die seit der Antike mit gro\u00dfer Beliebtheit ber\u00fchmt ist","robots":{"index":"index","follow":"follow","max-snippet":"max-snippet:-1","max-image-preview":"max-image-preview:large","max-video-preview":"max-video-preview:-1"},"canonical":"https:\/\/yasminfood.ch\/de\/product\/ghariba-shamsin-570g\/","og_locale":"de_DE","og_type":"article","og_title":"Ghariba Shamsin -570g","og_description":"Ghariba Shamsin mit zerbrechlicher Textur und k\u00f6stlichem s\u00fc\u00dfem Geschmack, das Exotische zeichnet sich durch seine attraktive Fettfarbe aus, und es ist","og_url":"https:\/\/yasminfood.ch\/de\/product\/ghariba-shamsin-570g\/","og_site_name":"Yasmin Food","article_publisher":"https:\/\/www.facebook.com\/yasminmarkt1","article_modified_time":"2025-05-15T01:57:18+00:00","og_image":[{"width":1080,"height":1080,"url":"https:\/\/yasminfood.ch\/wp-content\/uploads\/2022\/04\/\u063a\u0631\u064a\u0628\u0629-\u0634\u0645\u0633\u064a\u0646-570\u063a-1.png","type":"image\/png"}],"twitter_card":"summary_large_image","twitter_misc":{"Preis":"10.95&nbsp;&#67;&#72;&#70;","Verf\u00fcgbarkeit":"Auf Lager"},"schema":{"@context":"https:\/\/schema.org","@graph":[{"@type":"WebPage","@id":"https:\/\/yasminfood.ch\/de\/product\/ghariba-shamsin-570g\/","url":"https:\/\/yasminfood.ch\/de\/product\/ghariba-shamsin-570g\/","name":"Ghariba Shamsin -570g - Yasmin Food","isPartOf":{"@id":"https:\/\/yasminfood.ch\/de\/#website"},"primaryImageOfPage":{"@id":"https:\/\/yasminfood.ch\/de\/product\/ghariba-shamsin-570g\/#primaryimage"},"image":{"@id":"https:\/\/yasminfood.ch\/de\/product\/ghariba-shamsin-570g\/#primaryimage"},"thumbnailUrl":"https:\/\/yasminfood.ch\/wp-content\/uploads\/2022\/04\/\u063a\u0631\u064a\u0628\u0629-\u0634\u0645\u0633\u064a\u0646-570\u063a-1.png","datePublished":"2022-04-07T09:52:40+00:00","dateModified":"2025-05-15T01:57:18+00:00","description":"Ghariba Shamsin mit einer zerbrechlichen Textur und einem k\u00f6stlichen s\u00fc\u00dfen Geschmack, das Seltsame zeichnet sich durch seine attraktive fettige und attraktive fleischige Farbe aus und ist eine der authentischen arabischen S\u00fc\u00dfigkeiten, die seit der Antike mit gro\u00dfer Beliebtheit ber\u00fchmt ist","breadcrumb":{"@id":"https:\/\/yasminfood.ch\/de\/product\/ghariba-shamsin-570g\/#breadcrumb"},"inLanguage":"de","potentialAction":[{"@type":"ReadAction","target":["https:\/\/yasminfood.ch\/de\/product\/ghariba-shamsin-570g\/"]}]},{"@type":"ImageObject","inLanguage":"de","@id":"https:\/\/yasminfood.ch\/de\/product\/ghariba-shamsin-570g\/#primaryimage","url":"https:\/\/yasminfood.ch\/wp-content\/uploads\/2022\/04\/\u063a\u0631\u064a\u0628\u0629-\u0634\u0645\u0633\u064a\u0646-570\u063a-1.png","contentUrl":"https:\/\/yasminfood.ch\/wp-content\/uploads\/2022\/04\/\u063a\u0631\u064a\u0628\u0629-\u0634\u0645\u0633\u064a\u0646-570\u063a-1.png","width":1080,"height":1080},{"@type":"BreadcrumbList","@id":"https:\/\/yasminfood.ch\/de\/product\/ghariba-shamsin-570g\/#breadcrumb","itemListElement":[{"@type":"ListItem","position":1,"name":"\u0627\u0644\u0631\u0626\u064a\u0633\u064a\u0629","item":"https:\/\/yasminfood.ch\/de\/zuhause\/"},{"@type":"ListItem","position":2,"name":"Shop","item":"https:\/\/yasminfood.ch\/de\/shop\/"},{"@type":"ListItem","position":3,"name":"Dessert &amp; Chips","item":"https:\/\/yasminfood.ch\/de\/produkt-kategorie\/dessert-chips-2\/"},{"@type":"ListItem","position":4,"name":"Arabische s\u00fc\u00dfigkeiten","item":"https:\/\/yasminfood.ch\/de\/produkt-kategorie\/dessert-chips-2\/arabische-suessigkeiten\/"},{"@type":"ListItem","position":5,"name":"Ghariba Shamsin -570g"}]},{"@type":"WebSite","@id":"https:\/\/yasminfood.ch\/de\/#website","url":"https:\/\/yasminfood.ch\/de\/","name":"\u064a\u0627\u0633\u0645\u064a\u0646 \u0645\u0627\u0631\u0643\u062a","description":"Alles, was Sie brauchen, an einem Ort","publisher":{"@id":"https:\/\/yasminfood.ch\/de\/#organization"},"alternateName":"Yasmin Food","potentialAction":[{"@type":"SearchAction","target":{"@type":"EntryPoint","urlTemplate":"https:\/\/yasminfood.ch\/de\/?s={search_term_string}"},"query-input":{"@type":"PropertyValueSpecification","valueRequired":true,"valueName":"search_term_string"}}],"inLanguage":"de"},{"@type":"Organization","@id":"https:\/\/yasminfood.ch\/de\/#organization","name":"\u064a\u0627\u0633\u0645\u064a\u0646 \u0645\u0627\u0631\u0643\u062a","alternateName":"Yasmin Food","url":"https:\/\/yasminfood.ch\/de\/","logo":{"@type":"ImageObject","inLanguage":"de","@id":"https:\/\/yasminfood.ch\/de\/#\/schema\/logo\/image\/","url":"https:\/\/yasminfood.ch\/wp-content\/uploads\/2025\/05\/yasmin-food-header-logo.png","contentUrl":"https:\/\/yasminfood.ch\/wp-content\/uploads\/2025\/05\/yasmin-food-header-logo.png","width":330,"height":120,"caption":"\u064a\u0627\u0633\u0645\u064a\u0646 \u0645\u0627\u0631\u0643\u062a"},"image":{"@id":"https:\/\/yasminfood.ch\/de\/#\/schema\/logo\/image\/"},"sameAs":["https:\/\/www.facebook.com\/yasminmarkt1","https:\/\/www.tiktok.com\/@yasminmarkt","https:\/\/www.instagram.com\/yasmin.markt1\/","https:\/\/api.whatsapp.com\/send\/?phone=41799000104"],"publishingPrinciples":"https:\/\/yasminfood.ch\/de\/shop\/","ownershipFundingInfo":"https:\/\/yasminfood.ch\/de\/shop\/"}]},"product_price_amount":"10.95","product_price_currency":"CHF","og_availability":"instock","product_availability":"instock","product_condition":"new"},"jetpack_sharing_enabled":true,"_links":{"self":[{"href":"https:\/\/yasminfood.ch\/de\/wp-json\/wp\/v2\/product\/68271","targetHints":{"allow":["GET"]}}],"collection":[{"href":"https:\/\/yasminfood.ch\/de\/wp-json\/wp\/v2\/product"}],"about":[{"href":"https:\/\/yasminfood.ch\/de\/wp-json\/wp\/v2\/types\/product"}],"replies":[{"embeddable":true,"href":"https:\/\/yasminfood.ch\/de\/wp-json\/wp\/v2\/comments?post=68271"}],"version-history":[{"count":1,"href":"https:\/\/yasminfood.ch\/de\/wp-json\/wp\/v2\/product\/68271\/revisions"}],"predecessor-version":[{"id":110739,"href":"https:\/\/yasminfood.ch\/de\/wp-json\/wp\/v2\/product\/68271\/revisions\/110739"}],"wp:featuredmedia":[{"embeddable":true,"href":"https:\/\/yasminfood.ch\/de\/wp-json\/wp\/v2\/media\/111268"}],"wp:attachment":[{"href":"https:\/\/yasminfood.ch\/de\/wp-json\/wp\/v2\/media?parent=68271"}],"wp:term":[{"taxonomy":"product_brand","embeddable":true,"href":"https:\/\/yasminfood.ch\/de\/wp-json\/wp\/v2\/product_brand?post=68271"},{"taxonomy":"product_cat","embeddable":true,"href":"https:\/\/yasminfood.ch\/de\/wp-json\/wp\/v2\/product_cat?post=68271"},{"taxonomy":"product_tag","embeddable":true,"href":"https:\/\/yasminfood.ch\/de\/wp-json\/wp\/v2\/product_tag?post=68271"}],"curies":[{"name":"wp","href":"https:\/\/api.w.org\/{rel}","templated":true}]}}