{"id":68503,"date":"2022-06-01T09:41:09","date_gmt":"2022-06-01T07:41:09","guid":{"rendered":"https:\/\/yasminfood.ch\/product\/osman-getrocknete-okra-150g\/"},"modified":"2025-11-08T10:33:25","modified_gmt":"2025-11-08T09:33:25","slug":"okra-getrocknet-osman-150g","status":"publish","type":"product","link":"https:\/\/yasminfood.ch\/de\/product\/okra-getrocknet-osman-150g\/","title":{"rendered":"Osman getrocknete Okra 150g"},"content":{"rendered":"<p><strong>Osman getrocknete Okra 150g<\/strong><\/p>\n<ul>\n<li>\n<p data-start=\"96\" data-end=\"370\">Ausgew\u00e4hlt aus den besten Feldfr\u00fcchten und dann sorgf\u00e4ltig getrocknet, um seinen nat\u00fcrlichen Geschmack und seine Textur zu erhalten. <\/p>\n<\/li>\n<li>\n<p data-start=\"96\" data-end=\"370\">Es kann in Ihren verschiedenen Rezepten verwendet werden und verleiht dem Kochen einen warmen Geschmack, der an die Aromen des alten Hauses erinnert. <\/p>\n<\/li>\n<li>\n<p data-start=\"96\" data-end=\"370\">Geeignet f\u00fcr eine lange Konservierung und bei Bedarf einfach zuzubereiten. Eine praktische Wahl f\u00fcr Liebhaber von authentischer Okra. <\/p>\n<\/li>\n<li>\n<p data-start=\"344\" data-end=\"500\">Diese Okraschoten zeichnen sich aus durch<br data-start=\"367\" data-end=\"370\">\u2022 Geeignet zum Kochen in Br\u00fchen und Eint\u00f6pfen<br data-start=\"402\" data-end=\"405\">\u2022 Leicht \u00fcber einen l\u00e4ngeren Zeitraum zu lagern<br data-start=\"432\" data-end=\"435\">\u2022 Beh\u00e4lt den traditionellen Gumbo-Geschmack bei<br data-start=\"469\" data-end=\"472\" data-is-only-node=\"\">\u2022 Perfekte Wahl f\u00fcr die orientalische K\u00fcche<\/p>\n<p data-start=\"502\" data-end=\"668\">\n<\/li>\n<\/ul>\n","protected":false},"excerpt":{"rendered":"<p><strong>Osman getrocknete Okra 150g<\/strong><\/p>\n<ul>\n<li>\n<p data-start=\"96\" data-end=\"370\">Ausgew\u00e4hlt aus den besten Feldfr\u00fcchten und dann sorgf\u00e4ltig getrocknet, um seinen nat\u00fcrlichen Geschmack und seine Textur zu erhalten. <\/p>\n<\/li>\n<\/ul>\n","protected":false},"featured_media":120619,"comment_status":"open","ping_status":"closed","template":"","meta":[],"product_brand":[],"product_cat":[245,270],"product_tag":[],"class_list":{"0":"post-68503","1":"product","2":"type-product","3":"status-publish","4":"has-post-thumbnail","6":"product_cat-konserven-lebensmittel","7":"product_cat-trockner","9":"first","10":"instock","11":"taxable","12":"shipping-taxable","13":"purchasable","14":"product-type-simple"},"yoast_head":"<!-- This site is optimized with the Yoast SEO Premium plugin v26.5 (Yoast SEO v27.5) - https:\/\/yoast.com\/product\/yoast-seo-premium-wordpress\/ -->\n<title>Osman getrocknete Okra 150g - Yasmin Food<\/title>\n<meta name=\"description\" content=\"Genie\u00dfen Sie den Geschmack von getrockneten Omen Okra 150g in Ihrer t\u00e4glichen K\u00fcche. Unter Beibehaltung seiner nat\u00fcrlichen Qualit\u00e4t sollten Sie es zu Ihrer ersten Wahl machen! Osman getrocknete Okra 150g\" \/>\n<meta name=\"robots\" content=\"index, follow, max-snippet:-1, max-image-preview:large, max-video-preview:-1\" \/>\n<link rel=\"canonical\" href=\"https:\/\/yasminfood.ch\/de\/product\/okra-getrocknet-osman-150g\/\" \/>\n<meta property=\"og:locale\" content=\"de_DE\" \/>\n<meta property=\"og:type\" content=\"article\" \/>\n<meta property=\"og:title\" content=\"Osman getrocknete Okra 150g\" \/>\n<meta property=\"og:description\" content=\"Osman getrocknete Okra 150g   Ausgew\u00e4hlt aus den besten Feldfr\u00fcchten und dann sorgf\u00e4ltig getrocknet, um seinen nat\u00fcrlichen Geschmack und seine Textur zu erhalten.\" \/>\n<meta property=\"og:url\" content=\"https:\/\/yasminfood.ch\/de\/product\/okra-getrocknet-osman-150g\/\" \/>\n<meta property=\"og:site_name\" content=\"Yasmin Food\" \/>\n<meta property=\"article:publisher\" content=\"https:\/\/www.facebook.com\/yasminmarkt1\" \/>\n<meta property=\"article:modified_time\" content=\"2025-11-08T09:33:25+00:00\" \/>\n<meta property=\"og:image\" content=\"https:\/\/yasminfood.ch\/wp-content\/uploads\/2022\/06\/\u0628\u0627\u0645\u064a\u0629-\u0645\u062c\u0641\u0641\u0629-\u0639\u062b\u0645\u0627\u0646-150\u063a-1.png\" \/>\n\t<meta property=\"og:image:width\" content=\"1080\" \/>\n\t<meta property=\"og:image:height\" content=\"1080\" \/>\n\t<meta property=\"og:image:type\" content=\"image\/png\" \/>\n<meta name=\"twitter:card\" content=\"summary_large_image\" \/>\n<meta name=\"twitter:label1\" content=\"Preis\" \/>\n\t<meta name=\"twitter:data1\" content=\"7.95&nbsp;&#067;&#072;&#070;\" \/>\n\t<meta name=\"twitter:label2\" content=\"Verf\u00fcgbarkeit\" \/>\n\t<meta name=\"twitter:data2\" content=\"Auf Lager\" \/>\n<script type=\"application\/ld+json\" class=\"yoast-schema-graph\">{\"@context\":\"https:\\\/\\\/schema.org\",\"@graph\":[{\"@type\":\"WebPage\",\"@id\":\"https:\\\/\\\/yasminfood.ch\\\/de\\\/product\\\/okra-getrocknet-osman-150g\\\/\",\"url\":\"https:\\\/\\\/yasminfood.ch\\\/de\\\/product\\\/okra-getrocknet-osman-150g\\\/\",\"name\":\"Osman getrocknete Okra 150g - Yasmin Food\",\"isPartOf\":{\"@id\":\"https:\\\/\\\/yasminfood.ch\\\/de\\\/#website\"},\"primaryImageOfPage\":{\"@id\":\"https:\\\/\\\/yasminfood.ch\\\/de\\\/product\\\/okra-getrocknet-osman-150g\\\/#primaryimage\"},\"image\":{\"@id\":\"https:\\\/\\\/yasminfood.ch\\\/de\\\/product\\\/okra-getrocknet-osman-150g\\\/#primaryimage\"},\"thumbnailUrl\":\"https:\\\/\\\/yasminfood.ch\\\/wp-content\\\/uploads\\\/2022\\\/06\\\/\u0628\u0627\u0645\u064a\u0629-\u0645\u062c\u0641\u0641\u0629-\u0639\u062b\u0645\u0627\u0646-150\u063a-1.png\",\"datePublished\":\"2022-06-01T07:41:09+00:00\",\"dateModified\":\"2025-11-08T09:33:25+00:00\",\"description\":\"Genie\u00dfen Sie den Geschmack von getrockneten Omen Okra 150g in Ihrer t\u00e4glichen K\u00fcche. Unter Beibehaltung seiner nat\u00fcrlichen Qualit\u00e4t sollten Sie es zu Ihrer ersten Wahl machen! Osman getrocknete Okra 150g\",\"breadcrumb\":{\"@id\":\"https:\\\/\\\/yasminfood.ch\\\/de\\\/product\\\/okra-getrocknet-osman-150g\\\/#breadcrumb\"},\"inLanguage\":\"de\",\"potentialAction\":[{\"@type\":\"ReadAction\",\"target\":[\"https:\\\/\\\/yasminfood.ch\\\/de\\\/product\\\/okra-getrocknet-osman-150g\\\/\"]}]},{\"@type\":\"ImageObject\",\"inLanguage\":\"de\",\"@id\":\"https:\\\/\\\/yasminfood.ch\\\/de\\\/product\\\/okra-getrocknet-osman-150g\\\/#primaryimage\",\"url\":\"https:\\\/\\\/yasminfood.ch\\\/wp-content\\\/uploads\\\/2022\\\/06\\\/\u0628\u0627\u0645\u064a\u0629-\u0645\u062c\u0641\u0641\u0629-\u0639\u062b\u0645\u0627\u0646-150\u063a-1.png\",\"contentUrl\":\"https:\\\/\\\/yasminfood.ch\\\/wp-content\\\/uploads\\\/2022\\\/06\\\/\u0628\u0627\u0645\u064a\u0629-\u0645\u062c\u0641\u0641\u0629-\u0639\u062b\u0645\u0627\u0646-150\u063a-1.png\",\"width\":1080,\"height\":1080,\"caption\":\"Osman getrocknete Okra 150g\"},{\"@type\":\"BreadcrumbList\",\"@id\":\"https:\\\/\\\/yasminfood.ch\\\/de\\\/product\\\/okra-getrocknet-osman-150g\\\/#breadcrumb\",\"itemListElement\":[{\"@type\":\"ListItem\",\"position\":1,\"name\":\"\u0627\u0644\u0631\u0626\u064a\u0633\u064a\u0629\",\"item\":\"https:\\\/\\\/yasminfood.ch\\\/de\\\/zuhause\\\/\"},{\"@type\":\"ListItem\",\"position\":2,\"name\":\"Shop\",\"item\":\"https:\\\/\\\/yasminfood.ch\\\/de\\\/shop\\\/\"},{\"@type\":\"ListItem\",\"position\":3,\"name\":\"Konserven - Lebensmittel\",\"item\":\"https:\\\/\\\/yasminfood.ch\\\/de\\\/produkt-kategorie\\\/konserven-lebensmittel\\\/\"},{\"@type\":\"ListItem\",\"position\":4,\"name\":\"Trockner\",\"item\":\"https:\\\/\\\/yasminfood.ch\\\/de\\\/produkt-kategorie\\\/konserven-lebensmittel\\\/trockner\\\/\"},{\"@type\":\"ListItem\",\"position\":5,\"name\":\"Osman getrocknete Okra 150g\"}]},{\"@type\":\"WebSite\",\"@id\":\"https:\\\/\\\/yasminfood.ch\\\/de\\\/#website\",\"url\":\"https:\\\/\\\/yasminfood.ch\\\/de\\\/\",\"name\":\"\u064a\u0627\u0633\u0645\u064a\u0646 \u0645\u0627\u0631\u0643\u062a\",\"description\":\"Alles, was Sie brauchen, an einem Ort\",\"publisher\":{\"@id\":\"https:\\\/\\\/yasminfood.ch\\\/de\\\/#organization\"},\"alternateName\":\"Yasmin Food\",\"potentialAction\":[{\"@type\":\"SearchAction\",\"target\":{\"@type\":\"EntryPoint\",\"urlTemplate\":\"https:\\\/\\\/yasminfood.ch\\\/de\\\/?s={search_term_string}\"},\"query-input\":{\"@type\":\"PropertyValueSpecification\",\"valueRequired\":true,\"valueName\":\"search_term_string\"}}],\"inLanguage\":\"de\"},{\"@type\":\"Organization\",\"@id\":\"https:\\\/\\\/yasminfood.ch\\\/de\\\/#organization\",\"name\":\"\u064a\u0627\u0633\u0645\u064a\u0646 \u0645\u0627\u0631\u0643\u062a\",\"alternateName\":\"Yasmin Food\",\"url\":\"https:\\\/\\\/yasminfood.ch\\\/de\\\/\",\"logo\":{\"@type\":\"ImageObject\",\"inLanguage\":\"de\",\"@id\":\"https:\\\/\\\/yasminfood.ch\\\/de\\\/#\\\/schema\\\/logo\\\/image\\\/\",\"url\":\"https:\\\/\\\/yasminfood.ch\\\/wp-content\\\/uploads\\\/2025\\\/05\\\/yasmin-food-header-logo.png\",\"contentUrl\":\"https:\\\/\\\/yasminfood.ch\\\/wp-content\\\/uploads\\\/2025\\\/05\\\/yasmin-food-header-logo.png\",\"width\":330,\"height\":120,\"caption\":\"\u064a\u0627\u0633\u0645\u064a\u0646 \u0645\u0627\u0631\u0643\u062a\"},\"image\":{\"@id\":\"https:\\\/\\\/yasminfood.ch\\\/de\\\/#\\\/schema\\\/logo\\\/image\\\/\"},\"sameAs\":[\"https:\\\/\\\/www.facebook.com\\\/yasminmarkt1\",\"https:\\\/\\\/www.tiktok.com\\\/@yasminmarkt\",\"https:\\\/\\\/www.instagram.com\\\/yasmin.markt1\\\/\",\"https:\\\/\\\/api.whatsapp.com\\\/send\\\/?phone=41799000104\"],\"publishingPrinciples\":\"https:\\\/\\\/yasminfood.ch\\\/de\\\/shop\\\/\",\"ownershipFundingInfo\":\"https:\\\/\\\/yasminfood.ch\\\/de\\\/shop\\\/\"}]}<\/script>\n<meta property=\"product:price:amount\" content=\"7.95\" \/>\n<meta property=\"product:price:currency\" content=\"CHF\" \/>\n<meta property=\"og:availability\" content=\"instock\" \/>\n<meta property=\"product:availability\" content=\"instock\" \/>\n<meta property=\"product:condition\" content=\"new\" \/>\n<!-- \/ Yoast SEO Premium plugin. -->","yoast_head_json":{"title":"Osman getrocknete Okra 150g - Yasmin Food","description":"Genie\u00dfen Sie den Geschmack von getrockneten Omen Okra 150g in Ihrer t\u00e4glichen K\u00fcche. Unter Beibehaltung seiner nat\u00fcrlichen Qualit\u00e4t sollten Sie es zu Ihrer ersten Wahl machen! Osman getrocknete Okra 150g","robots":{"index":"index","follow":"follow","max-snippet":"max-snippet:-1","max-image-preview":"max-image-preview:large","max-video-preview":"max-video-preview:-1"},"canonical":"https:\/\/yasminfood.ch\/de\/product\/okra-getrocknet-osman-150g\/","og_locale":"de_DE","og_type":"article","og_title":"Osman getrocknete Okra 150g","og_description":"Osman getrocknete Okra 150g   Ausgew\u00e4hlt aus den besten Feldfr\u00fcchten und dann sorgf\u00e4ltig getrocknet, um seinen nat\u00fcrlichen Geschmack und seine Textur zu erhalten.","og_url":"https:\/\/yasminfood.ch\/de\/product\/okra-getrocknet-osman-150g\/","og_site_name":"Yasmin Food","article_publisher":"https:\/\/www.facebook.com\/yasminmarkt1","article_modified_time":"2025-11-08T09:33:25+00:00","og_image":[{"width":1080,"height":1080,"url":"https:\/\/yasminfood.ch\/wp-content\/uploads\/2022\/06\/\u0628\u0627\u0645\u064a\u0629-\u0645\u062c\u0641\u0641\u0629-\u0639\u062b\u0645\u0627\u0646-150\u063a-1.png","type":"image\/png"}],"twitter_card":"summary_large_image","twitter_misc":{"Preis":"7.95&nbsp;&#67;&#72;&#70;","Verf\u00fcgbarkeit":"Auf Lager"},"schema":{"@context":"https:\/\/schema.org","@graph":[{"@type":"WebPage","@id":"https:\/\/yasminfood.ch\/de\/product\/okra-getrocknet-osman-150g\/","url":"https:\/\/yasminfood.ch\/de\/product\/okra-getrocknet-osman-150g\/","name":"Osman getrocknete Okra 150g - Yasmin Food","isPartOf":{"@id":"https:\/\/yasminfood.ch\/de\/#website"},"primaryImageOfPage":{"@id":"https:\/\/yasminfood.ch\/de\/product\/okra-getrocknet-osman-150g\/#primaryimage"},"image":{"@id":"https:\/\/yasminfood.ch\/de\/product\/okra-getrocknet-osman-150g\/#primaryimage"},"thumbnailUrl":"https:\/\/yasminfood.ch\/wp-content\/uploads\/2022\/06\/\u0628\u0627\u0645\u064a\u0629-\u0645\u062c\u0641\u0641\u0629-\u0639\u062b\u0645\u0627\u0646-150\u063a-1.png","datePublished":"2022-06-01T07:41:09+00:00","dateModified":"2025-11-08T09:33:25+00:00","description":"Genie\u00dfen Sie den Geschmack von getrockneten Omen Okra 150g in Ihrer t\u00e4glichen K\u00fcche. Unter Beibehaltung seiner nat\u00fcrlichen Qualit\u00e4t sollten Sie es zu Ihrer ersten Wahl machen! Osman getrocknete Okra 150g","breadcrumb":{"@id":"https:\/\/yasminfood.ch\/de\/product\/okra-getrocknet-osman-150g\/#breadcrumb"},"inLanguage":"de","potentialAction":[{"@type":"ReadAction","target":["https:\/\/yasminfood.ch\/de\/product\/okra-getrocknet-osman-150g\/"]}]},{"@type":"ImageObject","inLanguage":"de","@id":"https:\/\/yasminfood.ch\/de\/product\/okra-getrocknet-osman-150g\/#primaryimage","url":"https:\/\/yasminfood.ch\/wp-content\/uploads\/2022\/06\/\u0628\u0627\u0645\u064a\u0629-\u0645\u062c\u0641\u0641\u0629-\u0639\u062b\u0645\u0627\u0646-150\u063a-1.png","contentUrl":"https:\/\/yasminfood.ch\/wp-content\/uploads\/2022\/06\/\u0628\u0627\u0645\u064a\u0629-\u0645\u062c\u0641\u0641\u0629-\u0639\u062b\u0645\u0627\u0646-150\u063a-1.png","width":1080,"height":1080,"caption":"Osman getrocknete Okra 150g"},{"@type":"BreadcrumbList","@id":"https:\/\/yasminfood.ch\/de\/product\/okra-getrocknet-osman-150g\/#breadcrumb","itemListElement":[{"@type":"ListItem","position":1,"name":"\u0627\u0644\u0631\u0626\u064a\u0633\u064a\u0629","item":"https:\/\/yasminfood.ch\/de\/zuhause\/"},{"@type":"ListItem","position":2,"name":"Shop","item":"https:\/\/yasminfood.ch\/de\/shop\/"},{"@type":"ListItem","position":3,"name":"Konserven - Lebensmittel","item":"https:\/\/yasminfood.ch\/de\/produkt-kategorie\/konserven-lebensmittel\/"},{"@type":"ListItem","position":4,"name":"Trockner","item":"https:\/\/yasminfood.ch\/de\/produkt-kategorie\/konserven-lebensmittel\/trockner\/"},{"@type":"ListItem","position":5,"name":"Osman getrocknete Okra 150g"}]},{"@type":"WebSite","@id":"https:\/\/yasminfood.ch\/de\/#website","url":"https:\/\/yasminfood.ch\/de\/","name":"\u064a\u0627\u0633\u0645\u064a\u0646 \u0645\u0627\u0631\u0643\u062a","description":"Alles, was Sie brauchen, an einem Ort","publisher":{"@id":"https:\/\/yasminfood.ch\/de\/#organization"},"alternateName":"Yasmin Food","potentialAction":[{"@type":"SearchAction","target":{"@type":"EntryPoint","urlTemplate":"https:\/\/yasminfood.ch\/de\/?s={search_term_string}"},"query-input":{"@type":"PropertyValueSpecification","valueRequired":true,"valueName":"search_term_string"}}],"inLanguage":"de"},{"@type":"Organization","@id":"https:\/\/yasminfood.ch\/de\/#organization","name":"\u064a\u0627\u0633\u0645\u064a\u0646 \u0645\u0627\u0631\u0643\u062a","alternateName":"Yasmin Food","url":"https:\/\/yasminfood.ch\/de\/","logo":{"@type":"ImageObject","inLanguage":"de","@id":"https:\/\/yasminfood.ch\/de\/#\/schema\/logo\/image\/","url":"https:\/\/yasminfood.ch\/wp-content\/uploads\/2025\/05\/yasmin-food-header-logo.png","contentUrl":"https:\/\/yasminfood.ch\/wp-content\/uploads\/2025\/05\/yasmin-food-header-logo.png","width":330,"height":120,"caption":"\u064a\u0627\u0633\u0645\u064a\u0646 \u0645\u0627\u0631\u0643\u062a"},"image":{"@id":"https:\/\/yasminfood.ch\/de\/#\/schema\/logo\/image\/"},"sameAs":["https:\/\/www.facebook.com\/yasminmarkt1","https:\/\/www.tiktok.com\/@yasminmarkt","https:\/\/www.instagram.com\/yasmin.markt1\/","https:\/\/api.whatsapp.com\/send\/?phone=41799000104"],"publishingPrinciples":"https:\/\/yasminfood.ch\/de\/shop\/","ownershipFundingInfo":"https:\/\/yasminfood.ch\/de\/shop\/"}]},"product_price_amount":"7.95","product_price_currency":"CHF","og_availability":"instock","product_availability":"instock","product_condition":"new"},"jetpack_sharing_enabled":true,"_links":{"self":[{"href":"https:\/\/yasminfood.ch\/de\/wp-json\/wp\/v2\/product\/68503","targetHints":{"allow":["GET"]}}],"collection":[{"href":"https:\/\/yasminfood.ch\/de\/wp-json\/wp\/v2\/product"}],"about":[{"href":"https:\/\/yasminfood.ch\/de\/wp-json\/wp\/v2\/types\/product"}],"replies":[{"embeddable":true,"href":"https:\/\/yasminfood.ch\/de\/wp-json\/wp\/v2\/comments?post=68503"}],"version-history":[{"count":1,"href":"https:\/\/yasminfood.ch\/de\/wp-json\/wp\/v2\/product\/68503\/revisions"}],"predecessor-version":[{"id":120624,"href":"https:\/\/yasminfood.ch\/de\/wp-json\/wp\/v2\/product\/68503\/revisions\/120624"}],"wp:featuredmedia":[{"embeddable":true,"href":"https:\/\/yasminfood.ch\/de\/wp-json\/wp\/v2\/media\/120619"}],"wp:attachment":[{"href":"https:\/\/yasminfood.ch\/de\/wp-json\/wp\/v2\/media?parent=68503"}],"wp:term":[{"taxonomy":"product_brand","embeddable":true,"href":"https:\/\/yasminfood.ch\/de\/wp-json\/wp\/v2\/product_brand?post=68503"},{"taxonomy":"product_cat","embeddable":true,"href":"https:\/\/yasminfood.ch\/de\/wp-json\/wp\/v2\/product_cat?post=68503"},{"taxonomy":"product_tag","embeddable":true,"href":"https:\/\/yasminfood.ch\/de\/wp-json\/wp\/v2\/product_tag?post=68503"}],"curies":[{"name":"wp","href":"https:\/\/api.w.org\/{rel}","templated":true}]}}