{"id":68646,"date":"2022-07-28T14:45:50","date_gmt":"2022-07-28T12:45:50","guid":{"rendered":"https:\/\/yasminfood.ch\/product\/wuerzige-sauce-alin-350g\/"},"modified":"2025-12-09T15:16:34","modified_gmt":"2025-12-09T14:16:34","slug":"sas-hot-aalin-350g","status":"publish","type":"product","link":"https:\/\/yasminfood.ch\/de\/product\/sas-hot-aalin-350g\/","title":{"rendered":"Allen-So\u00dfe 350g"},"content":{"rendered":"<p><strong>Allen-So\u00dfe 350g<\/strong><\/p>\n<ul>\n<li>\n<p data-start=\"38\" data-end=\"205\">Ein reichhaltiger, kr\u00e4ftiger Geschmack, der Sandwiches, Burgern und Grills einen unverwechselbaren Geschmack verleiht. Seine zusammenh\u00e4ngende Textur erleichtert die Verteilung, <\/p>\n<\/li>\n<li>\n<p data-start=\"38\" data-end=\"205\">Das verleiht den Gerichten eine leichte, w\u00fcrzige Note mit einem ausgewogenen Geschmack, der zu verschiedenen Geschm\u00e4ckern passt.<\/p>\n<\/li>\n<li>\n<p data-start=\"38\" data-end=\"205\">Es wird meist mit Pommes, Shawarma, Burgern und Fast Food verwendet und wird von vielen bevorzugt, weil es einen bekannten und k\u00f6stlichen arabischen Geschmack verleiht.  <\/p>\n<\/li>\n<li>\n<p data-start=\"38\" data-end=\"205\">Er kann direkt ins Essen gegeben oder in Marinaden verwendet werden, um den Geschmack zu verbessern.<\/p>\n<p data-start=\"388\" data-end=\"512\" data-is-last-node=\"\" data-is-only-node=\"\">Die Verpackung ist praktisch und einfach zu verwenden, mit einem strukturierten Deckel, der Geschmack und Qualit\u00e4t bewahrt.<\/p>\n<\/li>\n<\/ul>\n","protected":false},"excerpt":{"rendered":"<p><strong>Allen-So\u00dfe 350g<\/strong><\/p>\n<ul>\n<li>\n<p data-start=\"38\" data-end=\"205\">Ein reichhaltiger, kr\u00e4ftiger Geschmack, der Sandwiches, Burgern und Grills einen unverwechselbaren Geschmack verleiht. Seine zusammenh\u00e4ngende Textur erleichtert die Verteilung, <\/p>\n<\/li>\n<\/ul>\n","protected":false},"featured_media":111458,"comment_status":"open","ping_status":"closed","template":"","meta":[],"product_brand":[],"product_cat":[356,363],"product_tag":[],"class_list":{"0":"post-68646","1":"product","2":"type-product","3":"status-publish","4":"has-post-thumbnail","6":"product_cat-gewuerze-nuesse","7":"product_cat-ketchup-mayonnaise-hot-chili","9":"first","10":"instock","11":"taxable","12":"shipping-taxable","13":"purchasable","14":"product-type-simple"},"yoast_head":"<!-- This site is optimized with the Yoast SEO Premium plugin v26.5 (Yoast SEO v27.3) - https:\/\/yoast.com\/product\/yoast-seo-premium-wordpress\/ -->\n<title>Allen-So\u00dfe 350g - Yasmin Food<\/title>\n<meta name=\"description\" content=\"Ein reichhaltiger, kr\u00e4ftiger Geschmack, der Sandwiches, Burgern und Grills einen unverwechselbaren Geschmack verleiht. Seine stimmige Textur macht es einfach zu verbreiten, Allen-So\u00dfe 350gsitename%% % %\" \/>\n<meta name=\"robots\" content=\"index, follow, max-snippet:-1, max-image-preview:large, max-video-preview:-1\" \/>\n<link rel=\"canonical\" href=\"https:\/\/yasminfood.ch\/de\/product\/sas-hot-aalin-350g\/\" \/>\n<meta property=\"og:locale\" content=\"de_DE\" \/>\n<meta property=\"og:type\" content=\"article\" \/>\n<meta property=\"og:title\" content=\"Allen-So\u00dfe 350g\" \/>\n<meta property=\"og:description\" content=\"Allen-So\u00dfe 350g   Ein reichhaltiger, kr\u00e4ftiger Geschmack, der Sandwiches, Burgern und Grills einen unverwechselbaren Geschmack verleiht. Seine zusammenh\u00e4ngende Textur erleichtert die Verteilung,\" \/>\n<meta property=\"og:url\" content=\"https:\/\/yasminfood.ch\/de\/product\/sas-hot-aalin-350g\/\" \/>\n<meta property=\"og:site_name\" content=\"Yasmin Food\" \/>\n<meta property=\"article:publisher\" content=\"https:\/\/www.facebook.com\/yasminmarkt1\" \/>\n<meta property=\"article:modified_time\" content=\"2025-12-09T14:16:34+00:00\" \/>\n<meta property=\"og:image\" content=\"https:\/\/yasminfood.ch\/wp-content\/uploads\/2022\/07\/\u0635\u0627\u0635-\u0639\u0631\u0627\u0642\u064a.png\" \/>\n\t<meta property=\"og:image:width\" content=\"1080\" \/>\n\t<meta property=\"og:image:height\" content=\"1080\" \/>\n\t<meta property=\"og:image:type\" content=\"image\/png\" \/>\n<meta name=\"twitter:card\" content=\"summary_large_image\" \/>\n<meta name=\"twitter:label1\" content=\"Preis\" \/>\n\t<meta name=\"twitter:data1\" content=\"2.95&nbsp;&#067;&#072;&#070;\" \/>\n\t<meta name=\"twitter:label2\" content=\"Verf\u00fcgbarkeit\" \/>\n\t<meta name=\"twitter:data2\" content=\"Auf Lager\" \/>\n<script type=\"application\/ld+json\" class=\"yoast-schema-graph\">{\"@context\":\"https:\\\/\\\/schema.org\",\"@graph\":[{\"@type\":\"WebPage\",\"@id\":\"https:\\\/\\\/yasminfood.ch\\\/de\\\/product\\\/sas-hot-aalin-350g\\\/\",\"url\":\"https:\\\/\\\/yasminfood.ch\\\/de\\\/product\\\/sas-hot-aalin-350g\\\/\",\"name\":\"Allen-So\u00dfe 350g - Yasmin Food\",\"isPartOf\":{\"@id\":\"https:\\\/\\\/yasminfood.ch\\\/de\\\/#website\"},\"primaryImageOfPage\":{\"@id\":\"https:\\\/\\\/yasminfood.ch\\\/de\\\/product\\\/sas-hot-aalin-350g\\\/#primaryimage\"},\"image\":{\"@id\":\"https:\\\/\\\/yasminfood.ch\\\/de\\\/product\\\/sas-hot-aalin-350g\\\/#primaryimage\"},\"thumbnailUrl\":\"https:\\\/\\\/yasminfood.ch\\\/wp-content\\\/uploads\\\/2022\\\/07\\\/\u0635\u0627\u0635-\u0639\u0631\u0627\u0642\u064a.png\",\"datePublished\":\"2022-07-28T12:45:50+00:00\",\"dateModified\":\"2025-12-09T14:16:34+00:00\",\"description\":\"Ein reichhaltiger, kr\u00e4ftiger Geschmack, der Sandwiches, Burgern und Grills einen unverwechselbaren Geschmack verleiht. Seine stimmige Textur macht es einfach zu verbreiten, Allen-So\u00dfe 350gsitename%% % %\",\"breadcrumb\":{\"@id\":\"https:\\\/\\\/yasminfood.ch\\\/de\\\/product\\\/sas-hot-aalin-350g\\\/#breadcrumb\"},\"inLanguage\":\"de\",\"potentialAction\":[{\"@type\":\"ReadAction\",\"target\":[\"https:\\\/\\\/yasminfood.ch\\\/de\\\/product\\\/sas-hot-aalin-350g\\\/\"]}]},{\"@type\":\"ImageObject\",\"inLanguage\":\"de\",\"@id\":\"https:\\\/\\\/yasminfood.ch\\\/de\\\/product\\\/sas-hot-aalin-350g\\\/#primaryimage\",\"url\":\"https:\\\/\\\/yasminfood.ch\\\/wp-content\\\/uploads\\\/2022\\\/07\\\/\u0635\u0627\u0635-\u0639\u0631\u0627\u0642\u064a.png\",\"contentUrl\":\"https:\\\/\\\/yasminfood.ch\\\/wp-content\\\/uploads\\\/2022\\\/07\\\/\u0635\u0627\u0635-\u0639\u0631\u0627\u0642\u064a.png\",\"width\":1080,\"height\":1080,\"caption\":\"Allen-So\u00dfe 350g\"},{\"@type\":\"BreadcrumbList\",\"@id\":\"https:\\\/\\\/yasminfood.ch\\\/de\\\/product\\\/sas-hot-aalin-350g\\\/#breadcrumb\",\"itemListElement\":[{\"@type\":\"ListItem\",\"position\":1,\"name\":\"\u0627\u0644\u0631\u0626\u064a\u0633\u064a\u0629\",\"item\":\"https:\\\/\\\/yasminfood.ch\\\/de\\\/zuhause\\\/\"},{\"@type\":\"ListItem\",\"position\":2,\"name\":\"Shop\",\"item\":\"https:\\\/\\\/yasminfood.ch\\\/de\\\/shop\\\/\"},{\"@type\":\"ListItem\",\"position\":3,\"name\":\"Gew\u00fcrze &amp; N\u00fcsse\",\"item\":\"https:\\\/\\\/yasminfood.ch\\\/de\\\/produkt-kategorie\\\/gewuerze-nuesse\\\/\"},{\"@type\":\"ListItem\",\"position\":4,\"name\":\"Allen-So\u00dfe 350g\"}]},{\"@type\":\"WebSite\",\"@id\":\"https:\\\/\\\/yasminfood.ch\\\/de\\\/#website\",\"url\":\"https:\\\/\\\/yasminfood.ch\\\/de\\\/\",\"name\":\"\u064a\u0627\u0633\u0645\u064a\u0646 \u0645\u0627\u0631\u0643\u062a\",\"description\":\"Alles, was Sie brauchen, an einem Ort\",\"publisher\":{\"@id\":\"https:\\\/\\\/yasminfood.ch\\\/de\\\/#organization\"},\"alternateName\":\"Yasmin Food\",\"potentialAction\":[{\"@type\":\"SearchAction\",\"target\":{\"@type\":\"EntryPoint\",\"urlTemplate\":\"https:\\\/\\\/yasminfood.ch\\\/de\\\/?s={search_term_string}\"},\"query-input\":{\"@type\":\"PropertyValueSpecification\",\"valueRequired\":true,\"valueName\":\"search_term_string\"}}],\"inLanguage\":\"de\"},{\"@type\":\"Organization\",\"@id\":\"https:\\\/\\\/yasminfood.ch\\\/de\\\/#organization\",\"name\":\"\u064a\u0627\u0633\u0645\u064a\u0646 \u0645\u0627\u0631\u0643\u062a\",\"alternateName\":\"Yasmin Food\",\"url\":\"https:\\\/\\\/yasminfood.ch\\\/de\\\/\",\"logo\":{\"@type\":\"ImageObject\",\"inLanguage\":\"de\",\"@id\":\"https:\\\/\\\/yasminfood.ch\\\/de\\\/#\\\/schema\\\/logo\\\/image\\\/\",\"url\":\"https:\\\/\\\/yasminfood.ch\\\/wp-content\\\/uploads\\\/2025\\\/05\\\/yasmin-food-header-logo.png\",\"contentUrl\":\"https:\\\/\\\/yasminfood.ch\\\/wp-content\\\/uploads\\\/2025\\\/05\\\/yasmin-food-header-logo.png\",\"width\":330,\"height\":120,\"caption\":\"\u064a\u0627\u0633\u0645\u064a\u0646 \u0645\u0627\u0631\u0643\u062a\"},\"image\":{\"@id\":\"https:\\\/\\\/yasminfood.ch\\\/de\\\/#\\\/schema\\\/logo\\\/image\\\/\"},\"sameAs\":[\"https:\\\/\\\/www.facebook.com\\\/yasminmarkt1\",\"https:\\\/\\\/www.tiktok.com\\\/@yasminmarkt\",\"https:\\\/\\\/www.instagram.com\\\/yasmin.markt1\\\/\",\"https:\\\/\\\/api.whatsapp.com\\\/send\\\/?phone=41799000104\"],\"publishingPrinciples\":\"https:\\\/\\\/yasminfood.ch\\\/de\\\/shop\\\/\",\"ownershipFundingInfo\":\"https:\\\/\\\/yasminfood.ch\\\/de\\\/shop\\\/\"}]}<\/script>\n<meta property=\"product:price:amount\" content=\"2.95\" \/>\n<meta property=\"product:price:currency\" content=\"CHF\" \/>\n<meta property=\"og:availability\" content=\"instock\" \/>\n<meta property=\"product:availability\" content=\"instock\" \/>\n<meta property=\"product:condition\" content=\"new\" \/>\n<!-- \/ Yoast SEO Premium plugin. -->","yoast_head_json":{"title":"Allen-So\u00dfe 350g - Yasmin Food","description":"Ein reichhaltiger, kr\u00e4ftiger Geschmack, der Sandwiches, Burgern und Grills einen unverwechselbaren Geschmack verleiht. Seine stimmige Textur macht es einfach zu verbreiten, Allen-So\u00dfe 350gsitename%% % %","robots":{"index":"index","follow":"follow","max-snippet":"max-snippet:-1","max-image-preview":"max-image-preview:large","max-video-preview":"max-video-preview:-1"},"canonical":"https:\/\/yasminfood.ch\/de\/product\/sas-hot-aalin-350g\/","og_locale":"de_DE","og_type":"article","og_title":"Allen-So\u00dfe 350g","og_description":"Allen-So\u00dfe 350g   Ein reichhaltiger, kr\u00e4ftiger Geschmack, der Sandwiches, Burgern und Grills einen unverwechselbaren Geschmack verleiht. Seine zusammenh\u00e4ngende Textur erleichtert die Verteilung,","og_url":"https:\/\/yasminfood.ch\/de\/product\/sas-hot-aalin-350g\/","og_site_name":"Yasmin Food","article_publisher":"https:\/\/www.facebook.com\/yasminmarkt1","article_modified_time":"2025-12-09T14:16:34+00:00","og_image":[{"width":1080,"height":1080,"url":"https:\/\/yasminfood.ch\/wp-content\/uploads\/2022\/07\/\u0635\u0627\u0635-\u0639\u0631\u0627\u0642\u064a.png","type":"image\/png"}],"twitter_card":"summary_large_image","twitter_misc":{"Preis":"2.95&nbsp;&#67;&#72;&#70;","Verf\u00fcgbarkeit":"Auf Lager"},"schema":{"@context":"https:\/\/schema.org","@graph":[{"@type":"WebPage","@id":"https:\/\/yasminfood.ch\/de\/product\/sas-hot-aalin-350g\/","url":"https:\/\/yasminfood.ch\/de\/product\/sas-hot-aalin-350g\/","name":"Allen-So\u00dfe 350g - Yasmin Food","isPartOf":{"@id":"https:\/\/yasminfood.ch\/de\/#website"},"primaryImageOfPage":{"@id":"https:\/\/yasminfood.ch\/de\/product\/sas-hot-aalin-350g\/#primaryimage"},"image":{"@id":"https:\/\/yasminfood.ch\/de\/product\/sas-hot-aalin-350g\/#primaryimage"},"thumbnailUrl":"https:\/\/yasminfood.ch\/wp-content\/uploads\/2022\/07\/\u0635\u0627\u0635-\u0639\u0631\u0627\u0642\u064a.png","datePublished":"2022-07-28T12:45:50+00:00","dateModified":"2025-12-09T14:16:34+00:00","description":"Ein reichhaltiger, kr\u00e4ftiger Geschmack, der Sandwiches, Burgern und Grills einen unverwechselbaren Geschmack verleiht. Seine stimmige Textur macht es einfach zu verbreiten, Allen-So\u00dfe 350gsitename%% % %","breadcrumb":{"@id":"https:\/\/yasminfood.ch\/de\/product\/sas-hot-aalin-350g\/#breadcrumb"},"inLanguage":"de","potentialAction":[{"@type":"ReadAction","target":["https:\/\/yasminfood.ch\/de\/product\/sas-hot-aalin-350g\/"]}]},{"@type":"ImageObject","inLanguage":"de","@id":"https:\/\/yasminfood.ch\/de\/product\/sas-hot-aalin-350g\/#primaryimage","url":"https:\/\/yasminfood.ch\/wp-content\/uploads\/2022\/07\/\u0635\u0627\u0635-\u0639\u0631\u0627\u0642\u064a.png","contentUrl":"https:\/\/yasminfood.ch\/wp-content\/uploads\/2022\/07\/\u0635\u0627\u0635-\u0639\u0631\u0627\u0642\u064a.png","width":1080,"height":1080,"caption":"Allen-So\u00dfe 350g"},{"@type":"BreadcrumbList","@id":"https:\/\/yasminfood.ch\/de\/product\/sas-hot-aalin-350g\/#breadcrumb","itemListElement":[{"@type":"ListItem","position":1,"name":"\u0627\u0644\u0631\u0626\u064a\u0633\u064a\u0629","item":"https:\/\/yasminfood.ch\/de\/zuhause\/"},{"@type":"ListItem","position":2,"name":"Shop","item":"https:\/\/yasminfood.ch\/de\/shop\/"},{"@type":"ListItem","position":3,"name":"Gew\u00fcrze &amp; N\u00fcsse","item":"https:\/\/yasminfood.ch\/de\/produkt-kategorie\/gewuerze-nuesse\/"},{"@type":"ListItem","position":4,"name":"Allen-So\u00dfe 350g"}]},{"@type":"WebSite","@id":"https:\/\/yasminfood.ch\/de\/#website","url":"https:\/\/yasminfood.ch\/de\/","name":"\u064a\u0627\u0633\u0645\u064a\u0646 \u0645\u0627\u0631\u0643\u062a","description":"Alles, was Sie brauchen, an einem Ort","publisher":{"@id":"https:\/\/yasminfood.ch\/de\/#organization"},"alternateName":"Yasmin Food","potentialAction":[{"@type":"SearchAction","target":{"@type":"EntryPoint","urlTemplate":"https:\/\/yasminfood.ch\/de\/?s={search_term_string}"},"query-input":{"@type":"PropertyValueSpecification","valueRequired":true,"valueName":"search_term_string"}}],"inLanguage":"de"},{"@type":"Organization","@id":"https:\/\/yasminfood.ch\/de\/#organization","name":"\u064a\u0627\u0633\u0645\u064a\u0646 \u0645\u0627\u0631\u0643\u062a","alternateName":"Yasmin Food","url":"https:\/\/yasminfood.ch\/de\/","logo":{"@type":"ImageObject","inLanguage":"de","@id":"https:\/\/yasminfood.ch\/de\/#\/schema\/logo\/image\/","url":"https:\/\/yasminfood.ch\/wp-content\/uploads\/2025\/05\/yasmin-food-header-logo.png","contentUrl":"https:\/\/yasminfood.ch\/wp-content\/uploads\/2025\/05\/yasmin-food-header-logo.png","width":330,"height":120,"caption":"\u064a\u0627\u0633\u0645\u064a\u0646 \u0645\u0627\u0631\u0643\u062a"},"image":{"@id":"https:\/\/yasminfood.ch\/de\/#\/schema\/logo\/image\/"},"sameAs":["https:\/\/www.facebook.com\/yasminmarkt1","https:\/\/www.tiktok.com\/@yasminmarkt","https:\/\/www.instagram.com\/yasmin.markt1\/","https:\/\/api.whatsapp.com\/send\/?phone=41799000104"],"publishingPrinciples":"https:\/\/yasminfood.ch\/de\/shop\/","ownershipFundingInfo":"https:\/\/yasminfood.ch\/de\/shop\/"}]},"product_price_amount":"2.95","product_price_currency":"CHF","og_availability":"instock","product_availability":"instock","product_condition":"new"},"jetpack_sharing_enabled":true,"_links":{"self":[{"href":"https:\/\/yasminfood.ch\/de\/wp-json\/wp\/v2\/product\/68646","targetHints":{"allow":["GET"]}}],"collection":[{"href":"https:\/\/yasminfood.ch\/de\/wp-json\/wp\/v2\/product"}],"about":[{"href":"https:\/\/yasminfood.ch\/de\/wp-json\/wp\/v2\/types\/product"}],"replies":[{"embeddable":true,"href":"https:\/\/yasminfood.ch\/de\/wp-json\/wp\/v2\/comments?post=68646"}],"version-history":[{"count":1,"href":"https:\/\/yasminfood.ch\/de\/wp-json\/wp\/v2\/product\/68646\/revisions"}],"predecessor-version":[{"id":120906,"href":"https:\/\/yasminfood.ch\/de\/wp-json\/wp\/v2\/product\/68646\/revisions\/120906"}],"wp:featuredmedia":[{"embeddable":true,"href":"https:\/\/yasminfood.ch\/de\/wp-json\/wp\/v2\/media\/111458"}],"wp:attachment":[{"href":"https:\/\/yasminfood.ch\/de\/wp-json\/wp\/v2\/media?parent=68646"}],"wp:term":[{"taxonomy":"product_brand","embeddable":true,"href":"https:\/\/yasminfood.ch\/de\/wp-json\/wp\/v2\/product_brand?post=68646"},{"taxonomy":"product_cat","embeddable":true,"href":"https:\/\/yasminfood.ch\/de\/wp-json\/wp\/v2\/product_cat?post=68646"},{"taxonomy":"product_tag","embeddable":true,"href":"https:\/\/yasminfood.ch\/de\/wp-json\/wp\/v2\/product_tag?post=68646"}],"curies":[{"name":"wp","href":"https:\/\/api.w.org\/{rel}","templated":true}]}}