{"id":68648,"date":"2022-07-18T14:20:06","date_gmt":"2022-07-18T12:20:06","guid":{"rendered":"https:\/\/yasminfood.ch\/product\/gekochte-kichererbsen-al-durra-400g\/"},"modified":"2025-05-15T06:40:20","modified_gmt":"2025-05-15T04:40:20","slug":"kichererbsen-getreide-gekocht-durra-400g","status":"publish","type":"product","link":"https:\/\/yasminfood.ch\/de\/product\/kichererbsen-getreide-gekocht-durra-400g\/","title":{"rendered":"Gekochte Kichererbsen Al-Durra -400g"},"content":{"rendered":"<p>Kichererbsen gekochte Samen Durra -400g mit runden K\u00f6rnern und goldener Farbe und k\u00f6stlichem Geschmack, macht es Rosenkranz und Fattah und kann zu Bohnen und einigen Salaten hinzugef\u00fcgt werden, um einen k\u00f6stlichen Geschmack zu erhalten, zus\u00e4tzlich zu den gro\u00dfen Vorteilen, die sich f\u00fcr die Knochen ergeben und das Ged\u00e4chtnis verbessern und ein Idealgewicht halten Es wird Menschen verschrieben, die an \u00dcbergewicht leiden, und gilt als die beste Wahl f\u00fcr Vegetarier, Dorra hat Kichererbsen auf die beste Weise gelagert, um ihren k\u00f6stlichen Geschmack zu erhalten Und seine gro\u00dfen Vorteile.    <\/p>\n","protected":false},"excerpt":{"rendered":"<p>Kichererbsen gekochte Samen Durra -400g mit runden K\u00f6rnern und goldener Farbe und k\u00f6stlichem Geschmack, macht es Rosenkranz und Fattah und<\/p>\n","protected":false},"featured_media":110816,"comment_status":"open","ping_status":"closed","template":"","meta":[],"product_brand":[],"product_cat":[269,245],"product_tag":[484],"class_list":{"0":"post-68648","1":"product","2":"type-product","3":"status-publish","4":"has-post-thumbnail","6":"product_cat-gekochte-kichererbsen","7":"product_cat-konserven-lebensmittel","8":"product_tag-hochwertige","10":"first","11":"outofstock","12":"taxable","13":"shipping-taxable","14":"purchasable","15":"product-type-simple"},"yoast_head":"<!-- This site is optimized with the Yoast SEO Premium plugin v26.5 (Yoast SEO v27.5) - https:\/\/yoast.com\/product\/yoast-seo-premium-wordpress\/ -->\n<title>Gekochte Kichererbsen Al-Durra -400g - Yasmin Food<\/title>\n<meta name=\"description\" content=\"Hummus gekochte Samen Durra -400g mit runden K\u00f6rnern und goldener Farbe und k\u00f6stlichem Geschmack, machen es Rosenkranz und Fattah und k\u00f6nnen zu Bohnen und einigen Salaten hinzugef\u00fcgt werden\" \/>\n<meta name=\"robots\" content=\"index, follow, max-snippet:-1, max-image-preview:large, max-video-preview:-1\" \/>\n<link rel=\"canonical\" href=\"https:\/\/yasminfood.ch\/de\/product\/kichererbsen-getreide-gekocht-durra-400g\/\" \/>\n<meta property=\"og:locale\" content=\"de_DE\" \/>\n<meta property=\"og:type\" content=\"article\" \/>\n<meta property=\"og:title\" content=\"Gekochte Kichererbsen Al-Durra -400g\" \/>\n<meta property=\"og:description\" content=\"Kichererbsen gekochte Samen Durra -400g mit runden K\u00f6rnern und goldener Farbe und k\u00f6stlichem Geschmack, macht es Rosenkranz und Fattah und kann zu Bohnen\" \/>\n<meta property=\"og:url\" content=\"https:\/\/yasminfood.ch\/de\/product\/kichererbsen-getreide-gekocht-durra-400g\/\" \/>\n<meta property=\"og:site_name\" content=\"Yasmin Food\" \/>\n<meta property=\"article:publisher\" content=\"https:\/\/www.facebook.com\/yasminmarkt1\" \/>\n<meta property=\"article:modified_time\" content=\"2025-05-15T04:40:20+00:00\" \/>\n<meta property=\"og:image\" content=\"https:\/\/yasminfood.ch\/wp-content\/uploads\/2022\/07\/\u062d\u0645\u0635-\u062d\u0628-\u0645\u0633\u0644\u0648\u0642-\u0627\u0644\u062f\u0631\u0629-400\u063a.png\" \/>\n\t<meta property=\"og:image:width\" content=\"1080\" \/>\n\t<meta property=\"og:image:height\" content=\"1080\" \/>\n\t<meta property=\"og:image:type\" content=\"image\/png\" \/>\n<meta name=\"twitter:card\" content=\"summary_large_image\" \/>\n<meta name=\"twitter:label1\" content=\"Preis\" \/>\n\t<meta name=\"twitter:data1\" content=\"1.50&nbsp;&#067;&#072;&#070;\" \/>\n\t<meta name=\"twitter:label2\" content=\"Verf\u00fcgbarkeit\" \/>\n\t<meta name=\"twitter:data2\" content=\"ausverkauft\" \/>\n<script type=\"application\/ld+json\" class=\"yoast-schema-graph\">{\"@context\":\"https:\\\/\\\/schema.org\",\"@graph\":[{\"@type\":\"WebPage\",\"@id\":\"https:\\\/\\\/yasminfood.ch\\\/de\\\/product\\\/kichererbsen-getreide-gekocht-durra-400g\\\/\",\"url\":\"https:\\\/\\\/yasminfood.ch\\\/de\\\/product\\\/kichererbsen-getreide-gekocht-durra-400g\\\/\",\"name\":\"Gekochte Kichererbsen Al-Durra -400g - Yasmin Food\",\"isPartOf\":{\"@id\":\"https:\\\/\\\/yasminfood.ch\\\/de\\\/#website\"},\"primaryImageOfPage\":{\"@id\":\"https:\\\/\\\/yasminfood.ch\\\/de\\\/product\\\/kichererbsen-getreide-gekocht-durra-400g\\\/#primaryimage\"},\"image\":{\"@id\":\"https:\\\/\\\/yasminfood.ch\\\/de\\\/product\\\/kichererbsen-getreide-gekocht-durra-400g\\\/#primaryimage\"},\"thumbnailUrl\":\"https:\\\/\\\/yasminfood.ch\\\/wp-content\\\/uploads\\\/2022\\\/07\\\/\u062d\u0645\u0635-\u062d\u0628-\u0645\u0633\u0644\u0648\u0642-\u0627\u0644\u062f\u0631\u0629-400\u063a.png\",\"datePublished\":\"2022-07-18T12:20:06+00:00\",\"dateModified\":\"2025-05-15T04:40:20+00:00\",\"description\":\"Hummus gekochte Samen Durra -400g mit runden K\u00f6rnern und goldener Farbe und k\u00f6stlichem Geschmack, machen es Rosenkranz und Fattah und k\u00f6nnen zu Bohnen und einigen Salaten hinzugef\u00fcgt werden\",\"breadcrumb\":{\"@id\":\"https:\\\/\\\/yasminfood.ch\\\/de\\\/product\\\/kichererbsen-getreide-gekocht-durra-400g\\\/#breadcrumb\"},\"inLanguage\":\"de\",\"potentialAction\":[{\"@type\":\"ReadAction\",\"target\":[\"https:\\\/\\\/yasminfood.ch\\\/de\\\/product\\\/kichererbsen-getreide-gekocht-durra-400g\\\/\"]}]},{\"@type\":\"ImageObject\",\"inLanguage\":\"de\",\"@id\":\"https:\\\/\\\/yasminfood.ch\\\/de\\\/product\\\/kichererbsen-getreide-gekocht-durra-400g\\\/#primaryimage\",\"url\":\"https:\\\/\\\/yasminfood.ch\\\/wp-content\\\/uploads\\\/2022\\\/07\\\/\u062d\u0645\u0635-\u062d\u0628-\u0645\u0633\u0644\u0648\u0642-\u0627\u0644\u062f\u0631\u0629-400\u063a.png\",\"contentUrl\":\"https:\\\/\\\/yasminfood.ch\\\/wp-content\\\/uploads\\\/2022\\\/07\\\/\u062d\u0645\u0635-\u062d\u0628-\u0645\u0633\u0644\u0648\u0642-\u0627\u0644\u062f\u0631\u0629-400\u063a.png\",\"width\":1080,\"height\":1080},{\"@type\":\"BreadcrumbList\",\"@id\":\"https:\\\/\\\/yasminfood.ch\\\/de\\\/product\\\/kichererbsen-getreide-gekocht-durra-400g\\\/#breadcrumb\",\"itemListElement\":[{\"@type\":\"ListItem\",\"position\":1,\"name\":\"\u0627\u0644\u0631\u0626\u064a\u0633\u064a\u0629\",\"item\":\"https:\\\/\\\/yasminfood.ch\\\/de\\\/zuhause\\\/\"},{\"@type\":\"ListItem\",\"position\":2,\"name\":\"Shop\",\"item\":\"https:\\\/\\\/yasminfood.ch\\\/de\\\/shop\\\/\"},{\"@type\":\"ListItem\",\"position\":3,\"name\":\"Konserven - Lebensmittel\",\"item\":\"https:\\\/\\\/yasminfood.ch\\\/de\\\/produkt-kategorie\\\/konserven-lebensmittel\\\/\"},{\"@type\":\"ListItem\",\"position\":4,\"name\":\"Gekochte Kichererbsen\",\"item\":\"https:\\\/\\\/yasminfood.ch\\\/de\\\/produkt-kategorie\\\/konserven-lebensmittel\\\/gekochte-kichererbsen\\\/\"},{\"@type\":\"ListItem\",\"position\":5,\"name\":\"Gekochte Kichererbsen Al-Durra -400g\"}]},{\"@type\":\"WebSite\",\"@id\":\"https:\\\/\\\/yasminfood.ch\\\/de\\\/#website\",\"url\":\"https:\\\/\\\/yasminfood.ch\\\/de\\\/\",\"name\":\"\u064a\u0627\u0633\u0645\u064a\u0646 \u0645\u0627\u0631\u0643\u062a\",\"description\":\"Alles, was Sie brauchen, an einem Ort\",\"publisher\":{\"@id\":\"https:\\\/\\\/yasminfood.ch\\\/de\\\/#organization\"},\"alternateName\":\"Yasmin Food\",\"potentialAction\":[{\"@type\":\"SearchAction\",\"target\":{\"@type\":\"EntryPoint\",\"urlTemplate\":\"https:\\\/\\\/yasminfood.ch\\\/de\\\/?s={search_term_string}\"},\"query-input\":{\"@type\":\"PropertyValueSpecification\",\"valueRequired\":true,\"valueName\":\"search_term_string\"}}],\"inLanguage\":\"de\"},{\"@type\":\"Organization\",\"@id\":\"https:\\\/\\\/yasminfood.ch\\\/de\\\/#organization\",\"name\":\"\u064a\u0627\u0633\u0645\u064a\u0646 \u0645\u0627\u0631\u0643\u062a\",\"alternateName\":\"Yasmin Food\",\"url\":\"https:\\\/\\\/yasminfood.ch\\\/de\\\/\",\"logo\":{\"@type\":\"ImageObject\",\"inLanguage\":\"de\",\"@id\":\"https:\\\/\\\/yasminfood.ch\\\/de\\\/#\\\/schema\\\/logo\\\/image\\\/\",\"url\":\"https:\\\/\\\/yasminfood.ch\\\/wp-content\\\/uploads\\\/2025\\\/05\\\/yasmin-food-header-logo.png\",\"contentUrl\":\"https:\\\/\\\/yasminfood.ch\\\/wp-content\\\/uploads\\\/2025\\\/05\\\/yasmin-food-header-logo.png\",\"width\":330,\"height\":120,\"caption\":\"\u064a\u0627\u0633\u0645\u064a\u0646 \u0645\u0627\u0631\u0643\u062a\"},\"image\":{\"@id\":\"https:\\\/\\\/yasminfood.ch\\\/de\\\/#\\\/schema\\\/logo\\\/image\\\/\"},\"sameAs\":[\"https:\\\/\\\/www.facebook.com\\\/yasminmarkt1\",\"https:\\\/\\\/www.tiktok.com\\\/@yasminmarkt\",\"https:\\\/\\\/www.instagram.com\\\/yasmin.markt1\\\/\",\"https:\\\/\\\/api.whatsapp.com\\\/send\\\/?phone=41799000104\"],\"publishingPrinciples\":\"https:\\\/\\\/yasminfood.ch\\\/de\\\/shop\\\/\",\"ownershipFundingInfo\":\"https:\\\/\\\/yasminfood.ch\\\/de\\\/shop\\\/\"}]}<\/script>\n<meta property=\"product:price:amount\" content=\"1.50\" \/>\n<meta property=\"product:price:currency\" content=\"CHF\" \/>\n<meta property=\"og:availability\" content=\"out of stock\" \/>\n<meta property=\"product:availability\" content=\"out of stock\" \/>\n<meta property=\"product:condition\" content=\"new\" \/>\n<!-- \/ Yoast SEO Premium plugin. -->","yoast_head_json":{"title":"Gekochte Kichererbsen Al-Durra -400g - Yasmin Food","description":"Hummus gekochte Samen Durra -400g mit runden K\u00f6rnern und goldener Farbe und k\u00f6stlichem Geschmack, machen es Rosenkranz und Fattah und k\u00f6nnen zu Bohnen und einigen Salaten hinzugef\u00fcgt werden","robots":{"index":"index","follow":"follow","max-snippet":"max-snippet:-1","max-image-preview":"max-image-preview:large","max-video-preview":"max-video-preview:-1"},"canonical":"https:\/\/yasminfood.ch\/de\/product\/kichererbsen-getreide-gekocht-durra-400g\/","og_locale":"de_DE","og_type":"article","og_title":"Gekochte Kichererbsen Al-Durra -400g","og_description":"Kichererbsen gekochte Samen Durra -400g mit runden K\u00f6rnern und goldener Farbe und k\u00f6stlichem Geschmack, macht es Rosenkranz und Fattah und kann zu Bohnen","og_url":"https:\/\/yasminfood.ch\/de\/product\/kichererbsen-getreide-gekocht-durra-400g\/","og_site_name":"Yasmin Food","article_publisher":"https:\/\/www.facebook.com\/yasminmarkt1","article_modified_time":"2025-05-15T04:40:20+00:00","og_image":[{"width":1080,"height":1080,"url":"https:\/\/yasminfood.ch\/wp-content\/uploads\/2022\/07\/\u062d\u0645\u0635-\u062d\u0628-\u0645\u0633\u0644\u0648\u0642-\u0627\u0644\u062f\u0631\u0629-400\u063a.png","type":"image\/png"}],"twitter_card":"summary_large_image","twitter_misc":{"Preis":"1.50&nbsp;&#67;&#72;&#70;","Verf\u00fcgbarkeit":"ausverkauft"},"schema":{"@context":"https:\/\/schema.org","@graph":[{"@type":"WebPage","@id":"https:\/\/yasminfood.ch\/de\/product\/kichererbsen-getreide-gekocht-durra-400g\/","url":"https:\/\/yasminfood.ch\/de\/product\/kichererbsen-getreide-gekocht-durra-400g\/","name":"Gekochte Kichererbsen Al-Durra -400g - Yasmin Food","isPartOf":{"@id":"https:\/\/yasminfood.ch\/de\/#website"},"primaryImageOfPage":{"@id":"https:\/\/yasminfood.ch\/de\/product\/kichererbsen-getreide-gekocht-durra-400g\/#primaryimage"},"image":{"@id":"https:\/\/yasminfood.ch\/de\/product\/kichererbsen-getreide-gekocht-durra-400g\/#primaryimage"},"thumbnailUrl":"https:\/\/yasminfood.ch\/wp-content\/uploads\/2022\/07\/\u062d\u0645\u0635-\u062d\u0628-\u0645\u0633\u0644\u0648\u0642-\u0627\u0644\u062f\u0631\u0629-400\u063a.png","datePublished":"2022-07-18T12:20:06+00:00","dateModified":"2025-05-15T04:40:20+00:00","description":"Hummus gekochte Samen Durra -400g mit runden K\u00f6rnern und goldener Farbe und k\u00f6stlichem Geschmack, machen es Rosenkranz und Fattah und k\u00f6nnen zu Bohnen und einigen Salaten hinzugef\u00fcgt werden","breadcrumb":{"@id":"https:\/\/yasminfood.ch\/de\/product\/kichererbsen-getreide-gekocht-durra-400g\/#breadcrumb"},"inLanguage":"de","potentialAction":[{"@type":"ReadAction","target":["https:\/\/yasminfood.ch\/de\/product\/kichererbsen-getreide-gekocht-durra-400g\/"]}]},{"@type":"ImageObject","inLanguage":"de","@id":"https:\/\/yasminfood.ch\/de\/product\/kichererbsen-getreide-gekocht-durra-400g\/#primaryimage","url":"https:\/\/yasminfood.ch\/wp-content\/uploads\/2022\/07\/\u062d\u0645\u0635-\u062d\u0628-\u0645\u0633\u0644\u0648\u0642-\u0627\u0644\u062f\u0631\u0629-400\u063a.png","contentUrl":"https:\/\/yasminfood.ch\/wp-content\/uploads\/2022\/07\/\u062d\u0645\u0635-\u062d\u0628-\u0645\u0633\u0644\u0648\u0642-\u0627\u0644\u062f\u0631\u0629-400\u063a.png","width":1080,"height":1080},{"@type":"BreadcrumbList","@id":"https:\/\/yasminfood.ch\/de\/product\/kichererbsen-getreide-gekocht-durra-400g\/#breadcrumb","itemListElement":[{"@type":"ListItem","position":1,"name":"\u0627\u0644\u0631\u0626\u064a\u0633\u064a\u0629","item":"https:\/\/yasminfood.ch\/de\/zuhause\/"},{"@type":"ListItem","position":2,"name":"Shop","item":"https:\/\/yasminfood.ch\/de\/shop\/"},{"@type":"ListItem","position":3,"name":"Konserven - Lebensmittel","item":"https:\/\/yasminfood.ch\/de\/produkt-kategorie\/konserven-lebensmittel\/"},{"@type":"ListItem","position":4,"name":"Gekochte Kichererbsen","item":"https:\/\/yasminfood.ch\/de\/produkt-kategorie\/konserven-lebensmittel\/gekochte-kichererbsen\/"},{"@type":"ListItem","position":5,"name":"Gekochte Kichererbsen Al-Durra -400g"}]},{"@type":"WebSite","@id":"https:\/\/yasminfood.ch\/de\/#website","url":"https:\/\/yasminfood.ch\/de\/","name":"\u064a\u0627\u0633\u0645\u064a\u0646 \u0645\u0627\u0631\u0643\u062a","description":"Alles, was Sie brauchen, an einem Ort","publisher":{"@id":"https:\/\/yasminfood.ch\/de\/#organization"},"alternateName":"Yasmin Food","potentialAction":[{"@type":"SearchAction","target":{"@type":"EntryPoint","urlTemplate":"https:\/\/yasminfood.ch\/de\/?s={search_term_string}"},"query-input":{"@type":"PropertyValueSpecification","valueRequired":true,"valueName":"search_term_string"}}],"inLanguage":"de"},{"@type":"Organization","@id":"https:\/\/yasminfood.ch\/de\/#organization","name":"\u064a\u0627\u0633\u0645\u064a\u0646 \u0645\u0627\u0631\u0643\u062a","alternateName":"Yasmin Food","url":"https:\/\/yasminfood.ch\/de\/","logo":{"@type":"ImageObject","inLanguage":"de","@id":"https:\/\/yasminfood.ch\/de\/#\/schema\/logo\/image\/","url":"https:\/\/yasminfood.ch\/wp-content\/uploads\/2025\/05\/yasmin-food-header-logo.png","contentUrl":"https:\/\/yasminfood.ch\/wp-content\/uploads\/2025\/05\/yasmin-food-header-logo.png","width":330,"height":120,"caption":"\u064a\u0627\u0633\u0645\u064a\u0646 \u0645\u0627\u0631\u0643\u062a"},"image":{"@id":"https:\/\/yasminfood.ch\/de\/#\/schema\/logo\/image\/"},"sameAs":["https:\/\/www.facebook.com\/yasminmarkt1","https:\/\/www.tiktok.com\/@yasminmarkt","https:\/\/www.instagram.com\/yasmin.markt1\/","https:\/\/api.whatsapp.com\/send\/?phone=41799000104"],"publishingPrinciples":"https:\/\/yasminfood.ch\/de\/shop\/","ownershipFundingInfo":"https:\/\/yasminfood.ch\/de\/shop\/"}]},"product_price_amount":"1.50","product_price_currency":"CHF","og_availability":"out of stock","product_availability":"out of stock","product_condition":"new"},"jetpack_sharing_enabled":true,"_links":{"self":[{"href":"https:\/\/yasminfood.ch\/de\/wp-json\/wp\/v2\/product\/68648","targetHints":{"allow":["GET"]}}],"collection":[{"href":"https:\/\/yasminfood.ch\/de\/wp-json\/wp\/v2\/product"}],"about":[{"href":"https:\/\/yasminfood.ch\/de\/wp-json\/wp\/v2\/types\/product"}],"replies":[{"embeddable":true,"href":"https:\/\/yasminfood.ch\/de\/wp-json\/wp\/v2\/comments?post=68648"}],"version-history":[{"count":1,"href":"https:\/\/yasminfood.ch\/de\/wp-json\/wp\/v2\/product\/68648\/revisions"}],"predecessor-version":[{"id":110819,"href":"https:\/\/yasminfood.ch\/de\/wp-json\/wp\/v2\/product\/68648\/revisions\/110819"}],"wp:featuredmedia":[{"embeddable":true,"href":"https:\/\/yasminfood.ch\/de\/wp-json\/wp\/v2\/media\/110816"}],"wp:attachment":[{"href":"https:\/\/yasminfood.ch\/de\/wp-json\/wp\/v2\/media?parent=68648"}],"wp:term":[{"taxonomy":"product_brand","embeddable":true,"href":"https:\/\/yasminfood.ch\/de\/wp-json\/wp\/v2\/product_brand?post=68648"},{"taxonomy":"product_cat","embeddable":true,"href":"https:\/\/yasminfood.ch\/de\/wp-json\/wp\/v2\/product_cat?post=68648"},{"taxonomy":"product_tag","embeddable":true,"href":"https:\/\/yasminfood.ch\/de\/wp-json\/wp\/v2\/product_tag?post=68648"}],"curies":[{"name":"wp","href":"https:\/\/api.w.org\/{rel}","templated":true}]}}