{"id":68858,"date":"2022-11-03T23:34:03","date_gmt":"2022-11-03T22:34:03","guid":{"rendered":"https:\/\/yasminfood.ch\/product\/barazek-shamsin-470-g\/"},"modified":"2025-09-15T17:07:21","modified_gmt":"2025-09-15T15:07:21","slug":"barazek-shamsin-600-g","status":"publish","type":"product","link":"https:\/\/yasminfood.ch\/de\/product\/barazek-shamsin-600-g\/","title":{"rendered":"Barazek Shamsin &#8211; 430 g"},"content":{"rendered":"<p><strong><span class=\"selectable-text copyable-text xkrh14z\">Barazek Shamsin &#8211; 430 g<\/span><\/strong><\/p>\n<ul>\n<li>\n<p data-start=\"240\" data-end=\"427\">Ein ber\u00fchmtes orientalisches Dessert, das Golden Crunch mit dem Aroma von ger\u00f6stetem Sesam kombiniert.<\/p>\n<\/li>\n<li>\n<p data-start=\"240\" data-end=\"427\">Sorgf\u00e4ltig zubereitet, um Ihnen einen authentischen Geschmack zu bieten, der Sie an das Ambiente luxuri\u00f6ser orientalischer Desserts erinnert.<\/p>\n<\/li>\n<li>\n<p data-start=\"240\" data-end=\"427\">\n<p data-start=\"429\" data-end=\"629\">Die Barzaks bestehen aus d\u00fcnnen, knusprigen Scheiben, die mit einer gro\u00dfz\u00fcgigen Schicht ger\u00f6stetem Sesam bedeckt sind.<\/p>\n<\/li>\n<li>\n<p data-start=\"429\" data-end=\"629\">Mit einem Hauch von Pistazie verleiht es eine unwiderstehliche F\u00fclle und Geschmack. Perfekt zum Servieren zu Tee oder Kaffee oder zum Teilen mit Familie und G\u00e4sten zu Anl\u00e4ssen. <\/p>\n<p data-start=\"631\" data-end=\"743\">\u2714\ufe0f Nettogewicht: 430g<br data-start=\"648\" data-end=\"651\">\u2714\ufe0f Hergestellt <strong data-start=\"663\" data-end=\"672\">von Shamsin<\/strong> \u2013 einer Marke, die f\u00fcr ihre hohe Qualit\u00e4t bekannt ist<br data-start=\"703\" data-end=\"706\">\u2714\ufe0f Geeignet f\u00fcr Gastfreundschaft und besondere Veranstaltungen <\/p>\n<p data-start=\"745\" data-end=\"806\">\u2728 Baraziq Shamsin&#8230; Ein Geschmack, der bei jedem Bissen Authentizit\u00e4t mit Genuss verbindet.<\/p>\n<\/li>\n<\/ul>\n","protected":false},"excerpt":{"rendered":"<p><strong><span class=\"selectable-text copyable-text xkrh14z\">Barazek Shamsin &#8211; 430 g<\/span><\/strong><\/p>\n<ul>\n<li>\n<p data-start=\"240\" data-end=\"427\">Ein ber\u00fchmtes orientalisches Dessert, das Golden Crunch mit dem Aroma von ger\u00f6stetem Sesam kombiniert.<\/p>\n<\/li>\n<\/ul>\n","protected":false},"featured_media":109861,"comment_status":"open","ping_status":"closed","template":"","meta":[],"product_brand":[],"product_cat":[301,297],"product_tag":[1969,1137,1972],"class_list":{"0":"post-68858","1":"product","2":"type-product","3":"status-publish","4":"has-post-thumbnail","6":"product_cat-arabische-suessigkeiten","7":"product_cat-dessert-chips-2","8":"product_tag-barazeq-mit-gift-und-pistazien","9":"product_tag-eine-der-feinsten-orientalischen-susigkeiten","10":"product_tag-ghariba-maamoul-barazek","12":"first","13":"instock","14":"taxable","15":"shipping-taxable","16":"purchasable","17":"product-type-simple"},"yoast_head":"<!-- This site is optimized with the Yoast SEO Premium plugin v26.5 (Yoast SEO v27.3) - https:\/\/yoast.com\/product\/yoast-seo-premium-wordpress\/ -->\n<title>Barazek Shamsin - 430 g - Yasmin Food<\/title>\n<meta name=\"description\" content=\"Genie\u00dfen Sie den k\u00f6stlichen Geschmack von Brazeq Shamsin -430 g, knusprig dank des ger\u00f6steten Sesams und einem Hauch von Pistazien. Bestellen Sie es jetzt! Barazek Shamsin - 430 g\" \/>\n<meta name=\"robots\" content=\"index, follow, max-snippet:-1, max-image-preview:large, max-video-preview:-1\" \/>\n<link rel=\"canonical\" href=\"https:\/\/yasminfood.ch\/de\/product\/barazek-shamsin-600-g\/\" \/>\n<meta property=\"og:locale\" content=\"de_DE\" \/>\n<meta property=\"og:type\" content=\"article\" \/>\n<meta property=\"og:title\" content=\"Barazek Shamsin - 430 g\" \/>\n<meta property=\"og:description\" content=\"Barazek Shamsin - 430 g   Ein ber\u00fchmtes orientalisches Dessert, das Golden Crunch mit dem Aroma von ger\u00f6stetem Sesam kombiniert.\" \/>\n<meta property=\"og:url\" content=\"https:\/\/yasminfood.ch\/de\/product\/barazek-shamsin-600-g\/\" \/>\n<meta property=\"og:site_name\" content=\"Yasmin Food\" \/>\n<meta property=\"article:publisher\" content=\"https:\/\/www.facebook.com\/yasminmarkt1\" \/>\n<meta property=\"article:modified_time\" content=\"2025-09-15T15:07:21+00:00\" \/>\n<meta property=\"og:image\" content=\"https:\/\/yasminfood.ch\/wp-content\/uploads\/2022\/11\/\u0628\u0631\u0627\u0632\u0642-\u0634\u0645\u0633\u064a\u0646-470\u063a.png\" \/>\n\t<meta property=\"og:image:width\" content=\"1080\" \/>\n\t<meta property=\"og:image:height\" content=\"1080\" \/>\n\t<meta property=\"og:image:type\" content=\"image\/png\" \/>\n<meta name=\"twitter:card\" content=\"summary_large_image\" \/>\n<meta name=\"twitter:label1\" content=\"Preis\" \/>\n\t<meta name=\"twitter:data1\" content=\"10.95&nbsp;&#067;&#072;&#070;\" \/>\n\t<meta name=\"twitter:label2\" content=\"Verf\u00fcgbarkeit\" \/>\n\t<meta name=\"twitter:data2\" content=\"Auf Lager\" \/>\n<script type=\"application\/ld+json\" class=\"yoast-schema-graph\">{\"@context\":\"https:\\\/\\\/schema.org\",\"@graph\":[{\"@type\":\"WebPage\",\"@id\":\"https:\\\/\\\/yasminfood.ch\\\/de\\\/product\\\/barazek-shamsin-600-g\\\/\",\"url\":\"https:\\\/\\\/yasminfood.ch\\\/de\\\/product\\\/barazek-shamsin-600-g\\\/\",\"name\":\"Barazek Shamsin - 430 g - Yasmin Food\",\"isPartOf\":{\"@id\":\"https:\\\/\\\/yasminfood.ch\\\/de\\\/#website\"},\"primaryImageOfPage\":{\"@id\":\"https:\\\/\\\/yasminfood.ch\\\/de\\\/product\\\/barazek-shamsin-600-g\\\/#primaryimage\"},\"image\":{\"@id\":\"https:\\\/\\\/yasminfood.ch\\\/de\\\/product\\\/barazek-shamsin-600-g\\\/#primaryimage\"},\"thumbnailUrl\":\"https:\\\/\\\/yasminfood.ch\\\/wp-content\\\/uploads\\\/2022\\\/11\\\/\u0628\u0631\u0627\u0632\u0642-\u0634\u0645\u0633\u064a\u0646-470\u063a.png\",\"datePublished\":\"2022-11-03T22:34:03+00:00\",\"dateModified\":\"2025-09-15T15:07:21+00:00\",\"description\":\"Genie\u00dfen Sie den k\u00f6stlichen Geschmack von Brazeq Shamsin -430 g, knusprig dank des ger\u00f6steten Sesams und einem Hauch von Pistazien. Bestellen Sie es jetzt! Barazek Shamsin - 430 g\",\"breadcrumb\":{\"@id\":\"https:\\\/\\\/yasminfood.ch\\\/de\\\/product\\\/barazek-shamsin-600-g\\\/#breadcrumb\"},\"inLanguage\":\"de\",\"potentialAction\":[{\"@type\":\"ReadAction\",\"target\":[\"https:\\\/\\\/yasminfood.ch\\\/de\\\/product\\\/barazek-shamsin-600-g\\\/\"]}]},{\"@type\":\"ImageObject\",\"inLanguage\":\"de\",\"@id\":\"https:\\\/\\\/yasminfood.ch\\\/de\\\/product\\\/barazek-shamsin-600-g\\\/#primaryimage\",\"url\":\"https:\\\/\\\/yasminfood.ch\\\/wp-content\\\/uploads\\\/2022\\\/11\\\/\u0628\u0631\u0627\u0632\u0642-\u0634\u0645\u0633\u064a\u0646-470\u063a.png\",\"contentUrl\":\"https:\\\/\\\/yasminfood.ch\\\/wp-content\\\/uploads\\\/2022\\\/11\\\/\u0628\u0631\u0627\u0632\u0642-\u0634\u0645\u0633\u064a\u0646-470\u063a.png\",\"width\":1080,\"height\":1080,\"caption\":\"Barazek Shamsin - 430 g\"},{\"@type\":\"BreadcrumbList\",\"@id\":\"https:\\\/\\\/yasminfood.ch\\\/de\\\/product\\\/barazek-shamsin-600-g\\\/#breadcrumb\",\"itemListElement\":[{\"@type\":\"ListItem\",\"position\":1,\"name\":\"\u0627\u0644\u0631\u0626\u064a\u0633\u064a\u0629\",\"item\":\"https:\\\/\\\/yasminfood.ch\\\/de\\\/zuhause\\\/\"},{\"@type\":\"ListItem\",\"position\":2,\"name\":\"Shop\",\"item\":\"https:\\\/\\\/yasminfood.ch\\\/de\\\/shop\\\/\"},{\"@type\":\"ListItem\",\"position\":3,\"name\":\"Dessert &amp; Chips\",\"item\":\"https:\\\/\\\/yasminfood.ch\\\/de\\\/produkt-kategorie\\\/dessert-chips-2\\\/\"},{\"@type\":\"ListItem\",\"position\":4,\"name\":\"Arabische s\u00fc\u00dfigkeiten\",\"item\":\"https:\\\/\\\/yasminfood.ch\\\/de\\\/produkt-kategorie\\\/dessert-chips-2\\\/arabische-suessigkeiten\\\/\"},{\"@type\":\"ListItem\",\"position\":5,\"name\":\"Barazek Shamsin &#8211; 430 g\"}]},{\"@type\":\"WebSite\",\"@id\":\"https:\\\/\\\/yasminfood.ch\\\/de\\\/#website\",\"url\":\"https:\\\/\\\/yasminfood.ch\\\/de\\\/\",\"name\":\"\u064a\u0627\u0633\u0645\u064a\u0646 \u0645\u0627\u0631\u0643\u062a\",\"description\":\"Alles, was Sie brauchen, an einem Ort\",\"publisher\":{\"@id\":\"https:\\\/\\\/yasminfood.ch\\\/de\\\/#organization\"},\"alternateName\":\"Yasmin Food\",\"potentialAction\":[{\"@type\":\"SearchAction\",\"target\":{\"@type\":\"EntryPoint\",\"urlTemplate\":\"https:\\\/\\\/yasminfood.ch\\\/de\\\/?s={search_term_string}\"},\"query-input\":{\"@type\":\"PropertyValueSpecification\",\"valueRequired\":true,\"valueName\":\"search_term_string\"}}],\"inLanguage\":\"de\"},{\"@type\":\"Organization\",\"@id\":\"https:\\\/\\\/yasminfood.ch\\\/de\\\/#organization\",\"name\":\"\u064a\u0627\u0633\u0645\u064a\u0646 \u0645\u0627\u0631\u0643\u062a\",\"alternateName\":\"Yasmin Food\",\"url\":\"https:\\\/\\\/yasminfood.ch\\\/de\\\/\",\"logo\":{\"@type\":\"ImageObject\",\"inLanguage\":\"de\",\"@id\":\"https:\\\/\\\/yasminfood.ch\\\/de\\\/#\\\/schema\\\/logo\\\/image\\\/\",\"url\":\"https:\\\/\\\/yasminfood.ch\\\/wp-content\\\/uploads\\\/2025\\\/05\\\/yasmin-food-header-logo.png\",\"contentUrl\":\"https:\\\/\\\/yasminfood.ch\\\/wp-content\\\/uploads\\\/2025\\\/05\\\/yasmin-food-header-logo.png\",\"width\":330,\"height\":120,\"caption\":\"\u064a\u0627\u0633\u0645\u064a\u0646 \u0645\u0627\u0631\u0643\u062a\"},\"image\":{\"@id\":\"https:\\\/\\\/yasminfood.ch\\\/de\\\/#\\\/schema\\\/logo\\\/image\\\/\"},\"sameAs\":[\"https:\\\/\\\/www.facebook.com\\\/yasminmarkt1\",\"https:\\\/\\\/www.tiktok.com\\\/@yasminmarkt\",\"https:\\\/\\\/www.instagram.com\\\/yasmin.markt1\\\/\",\"https:\\\/\\\/api.whatsapp.com\\\/send\\\/?phone=41799000104\"],\"publishingPrinciples\":\"https:\\\/\\\/yasminfood.ch\\\/de\\\/shop\\\/\",\"ownershipFundingInfo\":\"https:\\\/\\\/yasminfood.ch\\\/de\\\/shop\\\/\"}]}<\/script>\n<meta property=\"product:price:amount\" content=\"10.95\" \/>\n<meta property=\"product:price:currency\" content=\"CHF\" \/>\n<meta property=\"og:availability\" content=\"instock\" \/>\n<meta property=\"product:availability\" content=\"instock\" \/>\n<meta property=\"product:condition\" content=\"new\" \/>\n<!-- \/ Yoast SEO Premium plugin. -->","yoast_head_json":{"title":"Barazek Shamsin - 430 g - Yasmin Food","description":"Genie\u00dfen Sie den k\u00f6stlichen Geschmack von Brazeq Shamsin -430 g, knusprig dank des ger\u00f6steten Sesams und einem Hauch von Pistazien. Bestellen Sie es jetzt! Barazek Shamsin - 430 g","robots":{"index":"index","follow":"follow","max-snippet":"max-snippet:-1","max-image-preview":"max-image-preview:large","max-video-preview":"max-video-preview:-1"},"canonical":"https:\/\/yasminfood.ch\/de\/product\/barazek-shamsin-600-g\/","og_locale":"de_DE","og_type":"article","og_title":"Barazek Shamsin - 430 g","og_description":"Barazek Shamsin - 430 g   Ein ber\u00fchmtes orientalisches Dessert, das Golden Crunch mit dem Aroma von ger\u00f6stetem Sesam kombiniert.","og_url":"https:\/\/yasminfood.ch\/de\/product\/barazek-shamsin-600-g\/","og_site_name":"Yasmin Food","article_publisher":"https:\/\/www.facebook.com\/yasminmarkt1","article_modified_time":"2025-09-15T15:07:21+00:00","og_image":[{"width":1080,"height":1080,"url":"https:\/\/yasminfood.ch\/wp-content\/uploads\/2022\/11\/\u0628\u0631\u0627\u0632\u0642-\u0634\u0645\u0633\u064a\u0646-470\u063a.png","type":"image\/png"}],"twitter_card":"summary_large_image","twitter_misc":{"Preis":"10.95&nbsp;&#67;&#72;&#70;","Verf\u00fcgbarkeit":"Auf Lager"},"schema":{"@context":"https:\/\/schema.org","@graph":[{"@type":"WebPage","@id":"https:\/\/yasminfood.ch\/de\/product\/barazek-shamsin-600-g\/","url":"https:\/\/yasminfood.ch\/de\/product\/barazek-shamsin-600-g\/","name":"Barazek Shamsin - 430 g - Yasmin Food","isPartOf":{"@id":"https:\/\/yasminfood.ch\/de\/#website"},"primaryImageOfPage":{"@id":"https:\/\/yasminfood.ch\/de\/product\/barazek-shamsin-600-g\/#primaryimage"},"image":{"@id":"https:\/\/yasminfood.ch\/de\/product\/barazek-shamsin-600-g\/#primaryimage"},"thumbnailUrl":"https:\/\/yasminfood.ch\/wp-content\/uploads\/2022\/11\/\u0628\u0631\u0627\u0632\u0642-\u0634\u0645\u0633\u064a\u0646-470\u063a.png","datePublished":"2022-11-03T22:34:03+00:00","dateModified":"2025-09-15T15:07:21+00:00","description":"Genie\u00dfen Sie den k\u00f6stlichen Geschmack von Brazeq Shamsin -430 g, knusprig dank des ger\u00f6steten Sesams und einem Hauch von Pistazien. Bestellen Sie es jetzt! Barazek Shamsin - 430 g","breadcrumb":{"@id":"https:\/\/yasminfood.ch\/de\/product\/barazek-shamsin-600-g\/#breadcrumb"},"inLanguage":"de","potentialAction":[{"@type":"ReadAction","target":["https:\/\/yasminfood.ch\/de\/product\/barazek-shamsin-600-g\/"]}]},{"@type":"ImageObject","inLanguage":"de","@id":"https:\/\/yasminfood.ch\/de\/product\/barazek-shamsin-600-g\/#primaryimage","url":"https:\/\/yasminfood.ch\/wp-content\/uploads\/2022\/11\/\u0628\u0631\u0627\u0632\u0642-\u0634\u0645\u0633\u064a\u0646-470\u063a.png","contentUrl":"https:\/\/yasminfood.ch\/wp-content\/uploads\/2022\/11\/\u0628\u0631\u0627\u0632\u0642-\u0634\u0645\u0633\u064a\u0646-470\u063a.png","width":1080,"height":1080,"caption":"Barazek Shamsin - 430 g"},{"@type":"BreadcrumbList","@id":"https:\/\/yasminfood.ch\/de\/product\/barazek-shamsin-600-g\/#breadcrumb","itemListElement":[{"@type":"ListItem","position":1,"name":"\u0627\u0644\u0631\u0626\u064a\u0633\u064a\u0629","item":"https:\/\/yasminfood.ch\/de\/zuhause\/"},{"@type":"ListItem","position":2,"name":"Shop","item":"https:\/\/yasminfood.ch\/de\/shop\/"},{"@type":"ListItem","position":3,"name":"Dessert &amp; Chips","item":"https:\/\/yasminfood.ch\/de\/produkt-kategorie\/dessert-chips-2\/"},{"@type":"ListItem","position":4,"name":"Arabische s\u00fc\u00dfigkeiten","item":"https:\/\/yasminfood.ch\/de\/produkt-kategorie\/dessert-chips-2\/arabische-suessigkeiten\/"},{"@type":"ListItem","position":5,"name":"Barazek Shamsin &#8211; 430 g"}]},{"@type":"WebSite","@id":"https:\/\/yasminfood.ch\/de\/#website","url":"https:\/\/yasminfood.ch\/de\/","name":"\u064a\u0627\u0633\u0645\u064a\u0646 \u0645\u0627\u0631\u0643\u062a","description":"Alles, was Sie brauchen, an einem Ort","publisher":{"@id":"https:\/\/yasminfood.ch\/de\/#organization"},"alternateName":"Yasmin Food","potentialAction":[{"@type":"SearchAction","target":{"@type":"EntryPoint","urlTemplate":"https:\/\/yasminfood.ch\/de\/?s={search_term_string}"},"query-input":{"@type":"PropertyValueSpecification","valueRequired":true,"valueName":"search_term_string"}}],"inLanguage":"de"},{"@type":"Organization","@id":"https:\/\/yasminfood.ch\/de\/#organization","name":"\u064a\u0627\u0633\u0645\u064a\u0646 \u0645\u0627\u0631\u0643\u062a","alternateName":"Yasmin Food","url":"https:\/\/yasminfood.ch\/de\/","logo":{"@type":"ImageObject","inLanguage":"de","@id":"https:\/\/yasminfood.ch\/de\/#\/schema\/logo\/image\/","url":"https:\/\/yasminfood.ch\/wp-content\/uploads\/2025\/05\/yasmin-food-header-logo.png","contentUrl":"https:\/\/yasminfood.ch\/wp-content\/uploads\/2025\/05\/yasmin-food-header-logo.png","width":330,"height":120,"caption":"\u064a\u0627\u0633\u0645\u064a\u0646 \u0645\u0627\u0631\u0643\u062a"},"image":{"@id":"https:\/\/yasminfood.ch\/de\/#\/schema\/logo\/image\/"},"sameAs":["https:\/\/www.facebook.com\/yasminmarkt1","https:\/\/www.tiktok.com\/@yasminmarkt","https:\/\/www.instagram.com\/yasmin.markt1\/","https:\/\/api.whatsapp.com\/send\/?phone=41799000104"],"publishingPrinciples":"https:\/\/yasminfood.ch\/de\/shop\/","ownershipFundingInfo":"https:\/\/yasminfood.ch\/de\/shop\/"}]},"product_price_amount":"10.95","product_price_currency":"CHF","og_availability":"instock","product_availability":"instock","product_condition":"new"},"jetpack_sharing_enabled":true,"_links":{"self":[{"href":"https:\/\/yasminfood.ch\/de\/wp-json\/wp\/v2\/product\/68858","targetHints":{"allow":["GET"]}}],"collection":[{"href":"https:\/\/yasminfood.ch\/de\/wp-json\/wp\/v2\/product"}],"about":[{"href":"https:\/\/yasminfood.ch\/de\/wp-json\/wp\/v2\/types\/product"}],"replies":[{"embeddable":true,"href":"https:\/\/yasminfood.ch\/de\/wp-json\/wp\/v2\/comments?post=68858"}],"version-history":[{"count":1,"href":"https:\/\/yasminfood.ch\/de\/wp-json\/wp\/v2\/product\/68858\/revisions"}],"predecessor-version":[{"id":119484,"href":"https:\/\/yasminfood.ch\/de\/wp-json\/wp\/v2\/product\/68858\/revisions\/119484"}],"wp:featuredmedia":[{"embeddable":true,"href":"https:\/\/yasminfood.ch\/de\/wp-json\/wp\/v2\/media\/109861"}],"wp:attachment":[{"href":"https:\/\/yasminfood.ch\/de\/wp-json\/wp\/v2\/media?parent=68858"}],"wp:term":[{"taxonomy":"product_brand","embeddable":true,"href":"https:\/\/yasminfood.ch\/de\/wp-json\/wp\/v2\/product_brand?post=68858"},{"taxonomy":"product_cat","embeddable":true,"href":"https:\/\/yasminfood.ch\/de\/wp-json\/wp\/v2\/product_cat?post=68858"},{"taxonomy":"product_tag","embeddable":true,"href":"https:\/\/yasminfood.ch\/de\/wp-json\/wp\/v2\/product_tag?post=68858"}],"curies":[{"name":"wp","href":"https:\/\/api.w.org\/{rel}","templated":true}]}}