{"id":68866,"date":"2022-11-12T21:03:11","date_gmt":"2022-11-12T20:03:11","guid":{"rendered":"https:\/\/yasminfood.ch\/product\/durra-grobgruenes-freekeh-450g\/"},"modified":"2025-05-16T02:22:31","modified_gmt":"2025-05-16T00:22:31","slug":"freekeh-grun-rau-durra-450g","status":"publish","type":"product","link":"https:\/\/yasminfood.ch\/de\/product\/freekeh-grun-rau-durra-450g\/","title":{"rendered":"Durra grobgr\u00fcnes Freekeh 450g"},"content":{"rendered":"<p>Grobes gr\u00fcnes Freekeh Durra 450g unterscheidet sich von Dora durch seine wunderbare gr\u00fcne Farbe und seinen k\u00f6stlichen Geschmack, Freekeh ist eine wichtige Nahrungsquelle und ein Hauptgericht mit den meisten Absichten und Banketten, da es mit Fleisch oder Huhn zubereitet werden kann, oder es kann zu Reis hinzugef\u00fcgt werden, um ein k\u00f6stliches Mansaf zu machen Die Aussicht ist eine historische Textur, das grobe Freekeh ist ein gr\u00fcnes Weizenkorn, das vor dem Erstarren und Mahlen verbrannt wurde, so dass es eine reiche Quelle von Vorteilen und Vitaminen, insbesondere Vitamin B, ist.     <\/p>\n","protected":false},"excerpt":{"rendered":"<p>Grobes gr\u00fcnes Freekeh Durra 450g unterscheidet sich von Dora durch seine wunderbare gr\u00fcne Farbe und seinen k\u00f6stlichen Geschmack, Freekeh ist<\/p>\n","protected":false},"featured_media":111004,"comment_status":"open","ping_status":"closed","template":"","meta":[],"product_brand":[2316],"product_cat":[334,320],"product_tag":[1967],"class_list":{"0":"post-68866","1":"product","2":"type-product","3":"status-publish","4":"has-post-thumbnail","6":"product_brand-durra-de","7":"product_cat-freekeh","8":"product_cat-reis-getreide","9":"product_tag-gemeinde-freekeh","11":"first","12":"outofstock","13":"taxable","14":"shipping-taxable","15":"purchasable","16":"product-type-simple"},"yoast_head":"<!-- This site is optimized with the Yoast SEO Premium plugin v26.5 (Yoast SEO v27.5) - https:\/\/yoast.com\/product\/yoast-seo-premium-wordpress\/ -->\n<title>Durra grobgr\u00fcnes Freekeh 450g - Yasmin Food<\/title>\n<meta name=\"description\" content=\"Raues gr\u00fcnes Freekeh Durra 450g unterscheidet sich von Dora durch seine wunderbare gr\u00fcne Farbe und seinen k\u00f6stlichen Geschmack, Freekeh ist eine wichtige Nahrungsquelle und ein Hauptgericht mit den meisten Anliegen und Banketten\" \/>\n<meta name=\"robots\" content=\"index, follow, max-snippet:-1, max-image-preview:large, max-video-preview:-1\" \/>\n<link rel=\"canonical\" href=\"https:\/\/yasminfood.ch\/de\/product\/freekeh-grun-rau-durra-450g\/\" \/>\n<meta property=\"og:locale\" content=\"de_DE\" \/>\n<meta property=\"og:type\" content=\"article\" \/>\n<meta property=\"og:title\" content=\"Durra grobgr\u00fcnes Freekeh 450g\" \/>\n<meta property=\"og:description\" content=\"Grobes gr\u00fcnes Freekeh Durra 450g unterscheidet sich von Dora durch seine wunderbare gr\u00fcne Farbe und seinen k\u00f6stlichen Geschmack, Freekeh ist eine wichtige\" \/>\n<meta property=\"og:url\" content=\"https:\/\/yasminfood.ch\/de\/product\/freekeh-grun-rau-durra-450g\/\" \/>\n<meta property=\"og:site_name\" content=\"Yasmin Food\" \/>\n<meta property=\"article:publisher\" content=\"https:\/\/www.facebook.com\/yasminmarkt1\" \/>\n<meta property=\"article:modified_time\" content=\"2025-05-16T00:22:31+00:00\" \/>\n<meta property=\"og:image\" content=\"https:\/\/yasminfood.ch\/wp-content\/uploads\/2022\/11\/\u0641\u0631\u064a\u0643\u0629-\u062e\u0636\u0631\u0627\u0621-\u062e\u0634\u0646\u0629-\u0627\u0644\u062f\u0631\u0629-450g.png\" \/>\n\t<meta property=\"og:image:width\" content=\"1080\" \/>\n\t<meta property=\"og:image:height\" content=\"1080\" \/>\n\t<meta property=\"og:image:type\" content=\"image\/png\" \/>\n<meta name=\"twitter:card\" content=\"summary_large_image\" \/>\n<meta name=\"twitter:label1\" content=\"Preis\" \/>\n\t<meta name=\"twitter:data1\" content=\"4.50&nbsp;&#067;&#072;&#070;\" \/>\n\t<meta name=\"twitter:label2\" content=\"Verf\u00fcgbarkeit\" \/>\n\t<meta name=\"twitter:data2\" content=\"ausverkauft\" \/>\n<script type=\"application\/ld+json\" class=\"yoast-schema-graph\">{\"@context\":\"https:\\\/\\\/schema.org\",\"@graph\":[{\"@type\":\"WebPage\",\"@id\":\"https:\\\/\\\/yasminfood.ch\\\/de\\\/product\\\/freekeh-grun-rau-durra-450g\\\/\",\"url\":\"https:\\\/\\\/yasminfood.ch\\\/de\\\/product\\\/freekeh-grun-rau-durra-450g\\\/\",\"name\":\"Durra grobgr\u00fcnes Freekeh 450g - Yasmin Food\",\"isPartOf\":{\"@id\":\"https:\\\/\\\/yasminfood.ch\\\/de\\\/#website\"},\"primaryImageOfPage\":{\"@id\":\"https:\\\/\\\/yasminfood.ch\\\/de\\\/product\\\/freekeh-grun-rau-durra-450g\\\/#primaryimage\"},\"image\":{\"@id\":\"https:\\\/\\\/yasminfood.ch\\\/de\\\/product\\\/freekeh-grun-rau-durra-450g\\\/#primaryimage\"},\"thumbnailUrl\":\"https:\\\/\\\/yasminfood.ch\\\/wp-content\\\/uploads\\\/2022\\\/11\\\/\u0641\u0631\u064a\u0643\u0629-\u062e\u0636\u0631\u0627\u0621-\u062e\u0634\u0646\u0629-\u0627\u0644\u062f\u0631\u0629-450g.png\",\"datePublished\":\"2022-11-12T20:03:11+00:00\",\"dateModified\":\"2025-05-16T00:22:31+00:00\",\"description\":\"Raues gr\u00fcnes Freekeh Durra 450g unterscheidet sich von Dora durch seine wunderbare gr\u00fcne Farbe und seinen k\u00f6stlichen Geschmack, Freekeh ist eine wichtige Nahrungsquelle und ein Hauptgericht mit den meisten Anliegen und Banketten\",\"breadcrumb\":{\"@id\":\"https:\\\/\\\/yasminfood.ch\\\/de\\\/product\\\/freekeh-grun-rau-durra-450g\\\/#breadcrumb\"},\"inLanguage\":\"de\",\"potentialAction\":[{\"@type\":\"ReadAction\",\"target\":[\"https:\\\/\\\/yasminfood.ch\\\/de\\\/product\\\/freekeh-grun-rau-durra-450g\\\/\"]}]},{\"@type\":\"ImageObject\",\"inLanguage\":\"de\",\"@id\":\"https:\\\/\\\/yasminfood.ch\\\/de\\\/product\\\/freekeh-grun-rau-durra-450g\\\/#primaryimage\",\"url\":\"https:\\\/\\\/yasminfood.ch\\\/wp-content\\\/uploads\\\/2022\\\/11\\\/\u0641\u0631\u064a\u0643\u0629-\u062e\u0636\u0631\u0627\u0621-\u062e\u0634\u0646\u0629-\u0627\u0644\u062f\u0631\u0629-450g.png\",\"contentUrl\":\"https:\\\/\\\/yasminfood.ch\\\/wp-content\\\/uploads\\\/2022\\\/11\\\/\u0641\u0631\u064a\u0643\u0629-\u062e\u0636\u0631\u0627\u0621-\u062e\u0634\u0646\u0629-\u0627\u0644\u062f\u0631\u0629-450g.png\",\"width\":1080,\"height\":1080},{\"@type\":\"BreadcrumbList\",\"@id\":\"https:\\\/\\\/yasminfood.ch\\\/de\\\/product\\\/freekeh-grun-rau-durra-450g\\\/#breadcrumb\",\"itemListElement\":[{\"@type\":\"ListItem\",\"position\":1,\"name\":\"\u0627\u0644\u0631\u0626\u064a\u0633\u064a\u0629\",\"item\":\"https:\\\/\\\/yasminfood.ch\\\/de\\\/zuhause\\\/\"},{\"@type\":\"ListItem\",\"position\":2,\"name\":\"Shop\",\"item\":\"https:\\\/\\\/yasminfood.ch\\\/de\\\/shop\\\/\"},{\"@type\":\"ListItem\",\"position\":3,\"name\":\"Reis &amp; Getreide\",\"item\":\"https:\\\/\\\/yasminfood.ch\\\/de\\\/produkt-kategorie\\\/reis-getreide\\\/\"},{\"@type\":\"ListItem\",\"position\":4,\"name\":\"Durra grobgr\u00fcnes Freekeh 450g\"}]},{\"@type\":\"WebSite\",\"@id\":\"https:\\\/\\\/yasminfood.ch\\\/de\\\/#website\",\"url\":\"https:\\\/\\\/yasminfood.ch\\\/de\\\/\",\"name\":\"\u064a\u0627\u0633\u0645\u064a\u0646 \u0645\u0627\u0631\u0643\u062a\",\"description\":\"Alles, was Sie brauchen, an einem Ort\",\"publisher\":{\"@id\":\"https:\\\/\\\/yasminfood.ch\\\/de\\\/#organization\"},\"alternateName\":\"Yasmin Food\",\"potentialAction\":[{\"@type\":\"SearchAction\",\"target\":{\"@type\":\"EntryPoint\",\"urlTemplate\":\"https:\\\/\\\/yasminfood.ch\\\/de\\\/?s={search_term_string}\"},\"query-input\":{\"@type\":\"PropertyValueSpecification\",\"valueRequired\":true,\"valueName\":\"search_term_string\"}}],\"inLanguage\":\"de\"},{\"@type\":\"Organization\",\"@id\":\"https:\\\/\\\/yasminfood.ch\\\/de\\\/#organization\",\"name\":\"\u064a\u0627\u0633\u0645\u064a\u0646 \u0645\u0627\u0631\u0643\u062a\",\"alternateName\":\"Yasmin Food\",\"url\":\"https:\\\/\\\/yasminfood.ch\\\/de\\\/\",\"logo\":{\"@type\":\"ImageObject\",\"inLanguage\":\"de\",\"@id\":\"https:\\\/\\\/yasminfood.ch\\\/de\\\/#\\\/schema\\\/logo\\\/image\\\/\",\"url\":\"https:\\\/\\\/yasminfood.ch\\\/wp-content\\\/uploads\\\/2025\\\/05\\\/yasmin-food-header-logo.png\",\"contentUrl\":\"https:\\\/\\\/yasminfood.ch\\\/wp-content\\\/uploads\\\/2025\\\/05\\\/yasmin-food-header-logo.png\",\"width\":330,\"height\":120,\"caption\":\"\u064a\u0627\u0633\u0645\u064a\u0646 \u0645\u0627\u0631\u0643\u062a\"},\"image\":{\"@id\":\"https:\\\/\\\/yasminfood.ch\\\/de\\\/#\\\/schema\\\/logo\\\/image\\\/\"},\"sameAs\":[\"https:\\\/\\\/www.facebook.com\\\/yasminmarkt1\",\"https:\\\/\\\/www.tiktok.com\\\/@yasminmarkt\",\"https:\\\/\\\/www.instagram.com\\\/yasmin.markt1\\\/\",\"https:\\\/\\\/api.whatsapp.com\\\/send\\\/?phone=41799000104\"],\"publishingPrinciples\":\"https:\\\/\\\/yasminfood.ch\\\/de\\\/shop\\\/\",\"ownershipFundingInfo\":\"https:\\\/\\\/yasminfood.ch\\\/de\\\/shop\\\/\"}]}<\/script>\n<meta property=\"product:price:amount\" content=\"4.50\" \/>\n<meta property=\"product:price:currency\" content=\"CHF\" \/>\n<meta property=\"og:availability\" content=\"out of stock\" \/>\n<meta property=\"product:availability\" content=\"out of stock\" \/>\n<meta property=\"product:condition\" content=\"new\" \/>\n<!-- \/ Yoast SEO Premium plugin. -->","yoast_head_json":{"title":"Durra grobgr\u00fcnes Freekeh 450g - Yasmin Food","description":"Raues gr\u00fcnes Freekeh Durra 450g unterscheidet sich von Dora durch seine wunderbare gr\u00fcne Farbe und seinen k\u00f6stlichen Geschmack, Freekeh ist eine wichtige Nahrungsquelle und ein Hauptgericht mit den meisten Anliegen und Banketten","robots":{"index":"index","follow":"follow","max-snippet":"max-snippet:-1","max-image-preview":"max-image-preview:large","max-video-preview":"max-video-preview:-1"},"canonical":"https:\/\/yasminfood.ch\/de\/product\/freekeh-grun-rau-durra-450g\/","og_locale":"de_DE","og_type":"article","og_title":"Durra grobgr\u00fcnes Freekeh 450g","og_description":"Grobes gr\u00fcnes Freekeh Durra 450g unterscheidet sich von Dora durch seine wunderbare gr\u00fcne Farbe und seinen k\u00f6stlichen Geschmack, Freekeh ist eine wichtige","og_url":"https:\/\/yasminfood.ch\/de\/product\/freekeh-grun-rau-durra-450g\/","og_site_name":"Yasmin Food","article_publisher":"https:\/\/www.facebook.com\/yasminmarkt1","article_modified_time":"2025-05-16T00:22:31+00:00","og_image":[{"width":1080,"height":1080,"url":"https:\/\/yasminfood.ch\/wp-content\/uploads\/2022\/11\/\u0641\u0631\u064a\u0643\u0629-\u062e\u0636\u0631\u0627\u0621-\u062e\u0634\u0646\u0629-\u0627\u0644\u062f\u0631\u0629-450g.png","type":"image\/png"}],"twitter_card":"summary_large_image","twitter_misc":{"Preis":"4.50&nbsp;&#67;&#72;&#70;","Verf\u00fcgbarkeit":"ausverkauft"},"schema":{"@context":"https:\/\/schema.org","@graph":[{"@type":"WebPage","@id":"https:\/\/yasminfood.ch\/de\/product\/freekeh-grun-rau-durra-450g\/","url":"https:\/\/yasminfood.ch\/de\/product\/freekeh-grun-rau-durra-450g\/","name":"Durra grobgr\u00fcnes Freekeh 450g - Yasmin Food","isPartOf":{"@id":"https:\/\/yasminfood.ch\/de\/#website"},"primaryImageOfPage":{"@id":"https:\/\/yasminfood.ch\/de\/product\/freekeh-grun-rau-durra-450g\/#primaryimage"},"image":{"@id":"https:\/\/yasminfood.ch\/de\/product\/freekeh-grun-rau-durra-450g\/#primaryimage"},"thumbnailUrl":"https:\/\/yasminfood.ch\/wp-content\/uploads\/2022\/11\/\u0641\u0631\u064a\u0643\u0629-\u062e\u0636\u0631\u0627\u0621-\u062e\u0634\u0646\u0629-\u0627\u0644\u062f\u0631\u0629-450g.png","datePublished":"2022-11-12T20:03:11+00:00","dateModified":"2025-05-16T00:22:31+00:00","description":"Raues gr\u00fcnes Freekeh Durra 450g unterscheidet sich von Dora durch seine wunderbare gr\u00fcne Farbe und seinen k\u00f6stlichen Geschmack, Freekeh ist eine wichtige Nahrungsquelle und ein Hauptgericht mit den meisten Anliegen und Banketten","breadcrumb":{"@id":"https:\/\/yasminfood.ch\/de\/product\/freekeh-grun-rau-durra-450g\/#breadcrumb"},"inLanguage":"de","potentialAction":[{"@type":"ReadAction","target":["https:\/\/yasminfood.ch\/de\/product\/freekeh-grun-rau-durra-450g\/"]}]},{"@type":"ImageObject","inLanguage":"de","@id":"https:\/\/yasminfood.ch\/de\/product\/freekeh-grun-rau-durra-450g\/#primaryimage","url":"https:\/\/yasminfood.ch\/wp-content\/uploads\/2022\/11\/\u0641\u0631\u064a\u0643\u0629-\u062e\u0636\u0631\u0627\u0621-\u062e\u0634\u0646\u0629-\u0627\u0644\u062f\u0631\u0629-450g.png","contentUrl":"https:\/\/yasminfood.ch\/wp-content\/uploads\/2022\/11\/\u0641\u0631\u064a\u0643\u0629-\u062e\u0636\u0631\u0627\u0621-\u062e\u0634\u0646\u0629-\u0627\u0644\u062f\u0631\u0629-450g.png","width":1080,"height":1080},{"@type":"BreadcrumbList","@id":"https:\/\/yasminfood.ch\/de\/product\/freekeh-grun-rau-durra-450g\/#breadcrumb","itemListElement":[{"@type":"ListItem","position":1,"name":"\u0627\u0644\u0631\u0626\u064a\u0633\u064a\u0629","item":"https:\/\/yasminfood.ch\/de\/zuhause\/"},{"@type":"ListItem","position":2,"name":"Shop","item":"https:\/\/yasminfood.ch\/de\/shop\/"},{"@type":"ListItem","position":3,"name":"Reis &amp; Getreide","item":"https:\/\/yasminfood.ch\/de\/produkt-kategorie\/reis-getreide\/"},{"@type":"ListItem","position":4,"name":"Durra grobgr\u00fcnes Freekeh 450g"}]},{"@type":"WebSite","@id":"https:\/\/yasminfood.ch\/de\/#website","url":"https:\/\/yasminfood.ch\/de\/","name":"\u064a\u0627\u0633\u0645\u064a\u0646 \u0645\u0627\u0631\u0643\u062a","description":"Alles, was Sie brauchen, an einem Ort","publisher":{"@id":"https:\/\/yasminfood.ch\/de\/#organization"},"alternateName":"Yasmin Food","potentialAction":[{"@type":"SearchAction","target":{"@type":"EntryPoint","urlTemplate":"https:\/\/yasminfood.ch\/de\/?s={search_term_string}"},"query-input":{"@type":"PropertyValueSpecification","valueRequired":true,"valueName":"search_term_string"}}],"inLanguage":"de"},{"@type":"Organization","@id":"https:\/\/yasminfood.ch\/de\/#organization","name":"\u064a\u0627\u0633\u0645\u064a\u0646 \u0645\u0627\u0631\u0643\u062a","alternateName":"Yasmin Food","url":"https:\/\/yasminfood.ch\/de\/","logo":{"@type":"ImageObject","inLanguage":"de","@id":"https:\/\/yasminfood.ch\/de\/#\/schema\/logo\/image\/","url":"https:\/\/yasminfood.ch\/wp-content\/uploads\/2025\/05\/yasmin-food-header-logo.png","contentUrl":"https:\/\/yasminfood.ch\/wp-content\/uploads\/2025\/05\/yasmin-food-header-logo.png","width":330,"height":120,"caption":"\u064a\u0627\u0633\u0645\u064a\u0646 \u0645\u0627\u0631\u0643\u062a"},"image":{"@id":"https:\/\/yasminfood.ch\/de\/#\/schema\/logo\/image\/"},"sameAs":["https:\/\/www.facebook.com\/yasminmarkt1","https:\/\/www.tiktok.com\/@yasminmarkt","https:\/\/www.instagram.com\/yasmin.markt1\/","https:\/\/api.whatsapp.com\/send\/?phone=41799000104"],"publishingPrinciples":"https:\/\/yasminfood.ch\/de\/shop\/","ownershipFundingInfo":"https:\/\/yasminfood.ch\/de\/shop\/"}]},"product_price_amount":"4.50","product_price_currency":"CHF","og_availability":"out of stock","product_availability":"out of stock","product_condition":"new"},"jetpack_sharing_enabled":true,"_links":{"self":[{"href":"https:\/\/yasminfood.ch\/de\/wp-json\/wp\/v2\/product\/68866","targetHints":{"allow":["GET"]}}],"collection":[{"href":"https:\/\/yasminfood.ch\/de\/wp-json\/wp\/v2\/product"}],"about":[{"href":"https:\/\/yasminfood.ch\/de\/wp-json\/wp\/v2\/types\/product"}],"replies":[{"embeddable":true,"href":"https:\/\/yasminfood.ch\/de\/wp-json\/wp\/v2\/comments?post=68866"}],"version-history":[{"count":1,"href":"https:\/\/yasminfood.ch\/de\/wp-json\/wp\/v2\/product\/68866\/revisions"}],"predecessor-version":[{"id":111009,"href":"https:\/\/yasminfood.ch\/de\/wp-json\/wp\/v2\/product\/68866\/revisions\/111009"}],"wp:featuredmedia":[{"embeddable":true,"href":"https:\/\/yasminfood.ch\/de\/wp-json\/wp\/v2\/media\/111004"}],"wp:attachment":[{"href":"https:\/\/yasminfood.ch\/de\/wp-json\/wp\/v2\/media?parent=68866"}],"wp:term":[{"taxonomy":"product_brand","embeddable":true,"href":"https:\/\/yasminfood.ch\/de\/wp-json\/wp\/v2\/product_brand?post=68866"},{"taxonomy":"product_cat","embeddable":true,"href":"https:\/\/yasminfood.ch\/de\/wp-json\/wp\/v2\/product_cat?post=68866"},{"taxonomy":"product_tag","embeddable":true,"href":"https:\/\/yasminfood.ch\/de\/wp-json\/wp\/v2\/product_tag?post=68866"}],"curies":[{"name":"wp","href":"https:\/\/api.w.org\/{rel}","templated":true}]}}