{"id":68944,"date":"2022-11-25T12:03:28","date_gmt":"2022-11-25T11:03:28","guid":{"rendered":"https:\/\/yasminfood.ch\/product\/bin-alhamwi-extra-huegel-540g\/"},"modified":"2025-08-01T14:07:04","modified_gmt":"2025-08-01T12:07:04","slug":"ben-hamwi-extra-hugel-540g","status":"publish","type":"product","link":"https:\/\/yasminfood.ch\/de\/product\/ben-hamwi-extra-hugel-540g\/","title":{"rendered":"Kaffee mit extra Kardamom Blauer Hamwi 450g"},"content":{"rendered":"<p>Kaffee mit extra Kardamom Blue Hamwi 450g Eine der besten Kaffeesorten aller Zeiten, es hat einen luxuri\u00f6sen Geschmack und ein unverwechselbares Aroma und einen besonderen Geschmack, der sich von allen stimulierenden Getr\u00e4nken unterscheidet, zus\u00e4tzlich zu dem warmen Gef\u00fchl, das sein Geruch und seine dunkle Farbe geben, und es ist eines der Getr\u00e4nke, die mit vielen Vorteilen in den K\u00f6rper und das Gehirn zur\u00fcckkehren, und Kaffee wird aus der Kaffeepflanze hergestellt, die in den Tropen w\u00e4chst und in allen L\u00e4ndern der Welt ber\u00fchmt ist, dass eine Tasse Kaffee am fr\u00fchen Morgen von bin Hamwi Die Charakteristik ist in der Lage, die Stimmung aufgrund ihres wunderbaren Geschmacks zum Besseren zu ver\u00e4ndern.<\/p>\n","protected":false},"excerpt":{"rendered":"<p>Kaffee mit extra Kardamom Blue Hamwi 450g Eine der besten Kaffeesorten aller Zeiten, es hat einen luxuri\u00f6sen Geschmack und ein<\/p>\n","protected":false},"featured_media":111055,"comment_status":"open","ping_status":"closed","template":"","meta":[],"product_brand":[],"product_cat":[368,367],"product_tag":[1679],"class_list":{"0":"post-68944","1":"product","2":"type-product","3":"status-publish","4":"has-post-thumbnail","6":"product_cat-arabischer-kaffee","7":"product_cat-getraenke-fluessigkeiten","8":"product_tag-reichhaltiger-kaffee-mit-hill","10":"first","11":"instock","12":"taxable","13":"shipping-taxable","14":"purchasable","15":"product-type-simple"},"yoast_head":"<!-- This site is optimized with the Yoast SEO Premium plugin v26.5 (Yoast SEO v27.3) - https:\/\/yoast.com\/product\/yoast-seo-premium-wordpress\/ -->\n<title>Kaffee mit extra Kardamom Blauer Hamwi 450g - Yasmin Food<\/title>\n<meta name=\"description\" content=\"Kaffee mit extra Kardamom Blue Hamwi 450g ist eine der besten Kaffeesorten \u00fcberhaupt, da er einen luxuri\u00f6sen Geschmack und ein unverwechselbares Aroma hat und einen besonderen Geschmack hat, der sich von allen stimulierenden Getr\u00e4nken unterscheidet\" \/>\n<meta name=\"robots\" content=\"index, follow, max-snippet:-1, max-image-preview:large, max-video-preview:-1\" \/>\n<link rel=\"canonical\" href=\"https:\/\/yasminfood.ch\/de\/product\/ben-hamwi-extra-hugel-540g\/\" \/>\n<meta property=\"og:locale\" content=\"de_DE\" \/>\n<meta property=\"og:type\" content=\"article\" \/>\n<meta property=\"og:title\" content=\"Kaffee mit extra Kardamom Blauer Hamwi 450g\" \/>\n<meta property=\"og:description\" content=\"Kaffee mit extra Kardamom Blue Hamwi 450g Eine der besten Kaffeesorten aller Zeiten, es hat einen luxuri\u00f6sen Geschmack und ein unverwechselbares Aroma und\" \/>\n<meta property=\"og:url\" content=\"https:\/\/yasminfood.ch\/de\/product\/ben-hamwi-extra-hugel-540g\/\" \/>\n<meta property=\"og:site_name\" content=\"Yasmin Food\" \/>\n<meta property=\"article:publisher\" content=\"https:\/\/www.facebook.com\/yasminmarkt1\" \/>\n<meta property=\"article:modified_time\" content=\"2025-08-01T12:07:04+00:00\" \/>\n<meta property=\"og:image\" content=\"https:\/\/yasminfood.ch\/wp-content\/uploads\/2022\/11\/\u0628\u0646-\u0645\u0639-\u0625\u0643\u0633\u062a\u0631\u0627-\u0647\u0627\u0644-\u0627\u0632\u0631\u0642-\u0627\u0644\u062d\u0645\u0648\u064a-450\u063a.png\" \/>\n\t<meta property=\"og:image:width\" content=\"1080\" \/>\n\t<meta property=\"og:image:height\" content=\"1080\" \/>\n\t<meta property=\"og:image:type\" content=\"image\/png\" \/>\n<meta name=\"twitter:card\" content=\"summary_large_image\" \/>\n<meta name=\"twitter:label1\" content=\"Preis\" \/>\n\t<meta name=\"twitter:data1\" content=\"18.00&nbsp;&#067;&#072;&#070;\" \/>\n\t<meta name=\"twitter:label2\" content=\"Verf\u00fcgbarkeit\" \/>\n\t<meta name=\"twitter:data2\" content=\"Auf Lager\" \/>\n<script type=\"application\/ld+json\" class=\"yoast-schema-graph\">{\"@context\":\"https:\\\/\\\/schema.org\",\"@graph\":[{\"@type\":\"WebPage\",\"@id\":\"https:\\\/\\\/yasminfood.ch\\\/de\\\/product\\\/ben-hamwi-extra-hugel-540g\\\/\",\"url\":\"https:\\\/\\\/yasminfood.ch\\\/de\\\/product\\\/ben-hamwi-extra-hugel-540g\\\/\",\"name\":\"Kaffee mit extra Kardamom Blauer Hamwi 450g - Yasmin Food\",\"isPartOf\":{\"@id\":\"https:\\\/\\\/yasminfood.ch\\\/de\\\/#website\"},\"primaryImageOfPage\":{\"@id\":\"https:\\\/\\\/yasminfood.ch\\\/de\\\/product\\\/ben-hamwi-extra-hugel-540g\\\/#primaryimage\"},\"image\":{\"@id\":\"https:\\\/\\\/yasminfood.ch\\\/de\\\/product\\\/ben-hamwi-extra-hugel-540g\\\/#primaryimage\"},\"thumbnailUrl\":\"https:\\\/\\\/yasminfood.ch\\\/wp-content\\\/uploads\\\/2022\\\/11\\\/\u0628\u0646-\u0645\u0639-\u0625\u0643\u0633\u062a\u0631\u0627-\u0647\u0627\u0644-\u0627\u0632\u0631\u0642-\u0627\u0644\u062d\u0645\u0648\u064a-450\u063a.png\",\"datePublished\":\"2022-11-25T11:03:28+00:00\",\"dateModified\":\"2025-08-01T12:07:04+00:00\",\"description\":\"Kaffee mit extra Kardamom Blue Hamwi 450g ist eine der besten Kaffeesorten \u00fcberhaupt, da er einen luxuri\u00f6sen Geschmack und ein unverwechselbares Aroma hat und einen besonderen Geschmack hat, der sich von allen stimulierenden Getr\u00e4nken unterscheidet\",\"breadcrumb\":{\"@id\":\"https:\\\/\\\/yasminfood.ch\\\/de\\\/product\\\/ben-hamwi-extra-hugel-540g\\\/#breadcrumb\"},\"inLanguage\":\"de\",\"potentialAction\":[{\"@type\":\"ReadAction\",\"target\":[\"https:\\\/\\\/yasminfood.ch\\\/de\\\/product\\\/ben-hamwi-extra-hugel-540g\\\/\"]}]},{\"@type\":\"ImageObject\",\"inLanguage\":\"de\",\"@id\":\"https:\\\/\\\/yasminfood.ch\\\/de\\\/product\\\/ben-hamwi-extra-hugel-540g\\\/#primaryimage\",\"url\":\"https:\\\/\\\/yasminfood.ch\\\/wp-content\\\/uploads\\\/2022\\\/11\\\/\u0628\u0646-\u0645\u0639-\u0625\u0643\u0633\u062a\u0631\u0627-\u0647\u0627\u0644-\u0627\u0632\u0631\u0642-\u0627\u0644\u062d\u0645\u0648\u064a-450\u063a.png\",\"contentUrl\":\"https:\\\/\\\/yasminfood.ch\\\/wp-content\\\/uploads\\\/2022\\\/11\\\/\u0628\u0646-\u0645\u0639-\u0625\u0643\u0633\u062a\u0631\u0627-\u0647\u0627\u0644-\u0627\u0632\u0631\u0642-\u0627\u0644\u062d\u0645\u0648\u064a-450\u063a.png\",\"width\":1080,\"height\":1080},{\"@type\":\"BreadcrumbList\",\"@id\":\"https:\\\/\\\/yasminfood.ch\\\/de\\\/product\\\/ben-hamwi-extra-hugel-540g\\\/#breadcrumb\",\"itemListElement\":[{\"@type\":\"ListItem\",\"position\":1,\"name\":\"\u0627\u0644\u0631\u0626\u064a\u0633\u064a\u0629\",\"item\":\"https:\\\/\\\/yasminfood.ch\\\/de\\\/zuhause\\\/\"},{\"@type\":\"ListItem\",\"position\":2,\"name\":\"Shop\",\"item\":\"https:\\\/\\\/yasminfood.ch\\\/de\\\/shop\\\/\"},{\"@type\":\"ListItem\",\"position\":3,\"name\":\"Getr\u00e4nke &amp; Fl\u00fcssigkeiten\",\"item\":\"https:\\\/\\\/yasminfood.ch\\\/de\\\/produkt-kategorie\\\/getraenke-fluessigkeiten\\\/\"},{\"@type\":\"ListItem\",\"position\":4,\"name\":\"Arabischer Kaffee\",\"item\":\"https:\\\/\\\/yasminfood.ch\\\/de\\\/produkt-kategorie\\\/getraenke-fluessigkeiten\\\/arabischer-kaffee\\\/\"},{\"@type\":\"ListItem\",\"position\":5,\"name\":\"Kaffee mit extra Kardamom Blauer Hamwi 450g\"}]},{\"@type\":\"WebSite\",\"@id\":\"https:\\\/\\\/yasminfood.ch\\\/de\\\/#website\",\"url\":\"https:\\\/\\\/yasminfood.ch\\\/de\\\/\",\"name\":\"\u064a\u0627\u0633\u0645\u064a\u0646 \u0645\u0627\u0631\u0643\u062a\",\"description\":\"Alles, was Sie brauchen, an einem Ort\",\"publisher\":{\"@id\":\"https:\\\/\\\/yasminfood.ch\\\/de\\\/#organization\"},\"alternateName\":\"Yasmin Food\",\"potentialAction\":[{\"@type\":\"SearchAction\",\"target\":{\"@type\":\"EntryPoint\",\"urlTemplate\":\"https:\\\/\\\/yasminfood.ch\\\/de\\\/?s={search_term_string}\"},\"query-input\":{\"@type\":\"PropertyValueSpecification\",\"valueRequired\":true,\"valueName\":\"search_term_string\"}}],\"inLanguage\":\"de\"},{\"@type\":\"Organization\",\"@id\":\"https:\\\/\\\/yasminfood.ch\\\/de\\\/#organization\",\"name\":\"\u064a\u0627\u0633\u0645\u064a\u0646 \u0645\u0627\u0631\u0643\u062a\",\"alternateName\":\"Yasmin Food\",\"url\":\"https:\\\/\\\/yasminfood.ch\\\/de\\\/\",\"logo\":{\"@type\":\"ImageObject\",\"inLanguage\":\"de\",\"@id\":\"https:\\\/\\\/yasminfood.ch\\\/de\\\/#\\\/schema\\\/logo\\\/image\\\/\",\"url\":\"https:\\\/\\\/yasminfood.ch\\\/wp-content\\\/uploads\\\/2025\\\/05\\\/yasmin-food-header-logo.png\",\"contentUrl\":\"https:\\\/\\\/yasminfood.ch\\\/wp-content\\\/uploads\\\/2025\\\/05\\\/yasmin-food-header-logo.png\",\"width\":330,\"height\":120,\"caption\":\"\u064a\u0627\u0633\u0645\u064a\u0646 \u0645\u0627\u0631\u0643\u062a\"},\"image\":{\"@id\":\"https:\\\/\\\/yasminfood.ch\\\/de\\\/#\\\/schema\\\/logo\\\/image\\\/\"},\"sameAs\":[\"https:\\\/\\\/www.facebook.com\\\/yasminmarkt1\",\"https:\\\/\\\/www.tiktok.com\\\/@yasminmarkt\",\"https:\\\/\\\/www.instagram.com\\\/yasmin.markt1\\\/\",\"https:\\\/\\\/api.whatsapp.com\\\/send\\\/?phone=41799000104\"],\"publishingPrinciples\":\"https:\\\/\\\/yasminfood.ch\\\/de\\\/shop\\\/\",\"ownershipFundingInfo\":\"https:\\\/\\\/yasminfood.ch\\\/de\\\/shop\\\/\"}]}<\/script>\n<meta property=\"product:price:amount\" content=\"18.00\" \/>\n<meta property=\"product:price:currency\" content=\"CHF\" \/>\n<meta property=\"og:availability\" content=\"instock\" \/>\n<meta property=\"product:availability\" content=\"instock\" \/>\n<meta property=\"product:condition\" content=\"new\" \/>\n<!-- \/ Yoast SEO Premium plugin. -->","yoast_head_json":{"title":"Kaffee mit extra Kardamom Blauer Hamwi 450g - Yasmin Food","description":"Kaffee mit extra Kardamom Blue Hamwi 450g ist eine der besten Kaffeesorten \u00fcberhaupt, da er einen luxuri\u00f6sen Geschmack und ein unverwechselbares Aroma hat und einen besonderen Geschmack hat, der sich von allen stimulierenden Getr\u00e4nken unterscheidet","robots":{"index":"index","follow":"follow","max-snippet":"max-snippet:-1","max-image-preview":"max-image-preview:large","max-video-preview":"max-video-preview:-1"},"canonical":"https:\/\/yasminfood.ch\/de\/product\/ben-hamwi-extra-hugel-540g\/","og_locale":"de_DE","og_type":"article","og_title":"Kaffee mit extra Kardamom Blauer Hamwi 450g","og_description":"Kaffee mit extra Kardamom Blue Hamwi 450g Eine der besten Kaffeesorten aller Zeiten, es hat einen luxuri\u00f6sen Geschmack und ein unverwechselbares Aroma und","og_url":"https:\/\/yasminfood.ch\/de\/product\/ben-hamwi-extra-hugel-540g\/","og_site_name":"Yasmin Food","article_publisher":"https:\/\/www.facebook.com\/yasminmarkt1","article_modified_time":"2025-08-01T12:07:04+00:00","og_image":[{"width":1080,"height":1080,"url":"https:\/\/yasminfood.ch\/wp-content\/uploads\/2022\/11\/\u0628\u0646-\u0645\u0639-\u0625\u0643\u0633\u062a\u0631\u0627-\u0647\u0627\u0644-\u0627\u0632\u0631\u0642-\u0627\u0644\u062d\u0645\u0648\u064a-450\u063a.png","type":"image\/png"}],"twitter_card":"summary_large_image","twitter_misc":{"Preis":"18.00&nbsp;&#67;&#72;&#70;","Verf\u00fcgbarkeit":"Auf Lager"},"schema":{"@context":"https:\/\/schema.org","@graph":[{"@type":"WebPage","@id":"https:\/\/yasminfood.ch\/de\/product\/ben-hamwi-extra-hugel-540g\/","url":"https:\/\/yasminfood.ch\/de\/product\/ben-hamwi-extra-hugel-540g\/","name":"Kaffee mit extra Kardamom Blauer Hamwi 450g - Yasmin Food","isPartOf":{"@id":"https:\/\/yasminfood.ch\/de\/#website"},"primaryImageOfPage":{"@id":"https:\/\/yasminfood.ch\/de\/product\/ben-hamwi-extra-hugel-540g\/#primaryimage"},"image":{"@id":"https:\/\/yasminfood.ch\/de\/product\/ben-hamwi-extra-hugel-540g\/#primaryimage"},"thumbnailUrl":"https:\/\/yasminfood.ch\/wp-content\/uploads\/2022\/11\/\u0628\u0646-\u0645\u0639-\u0625\u0643\u0633\u062a\u0631\u0627-\u0647\u0627\u0644-\u0627\u0632\u0631\u0642-\u0627\u0644\u062d\u0645\u0648\u064a-450\u063a.png","datePublished":"2022-11-25T11:03:28+00:00","dateModified":"2025-08-01T12:07:04+00:00","description":"Kaffee mit extra Kardamom Blue Hamwi 450g ist eine der besten Kaffeesorten \u00fcberhaupt, da er einen luxuri\u00f6sen Geschmack und ein unverwechselbares Aroma hat und einen besonderen Geschmack hat, der sich von allen stimulierenden Getr\u00e4nken unterscheidet","breadcrumb":{"@id":"https:\/\/yasminfood.ch\/de\/product\/ben-hamwi-extra-hugel-540g\/#breadcrumb"},"inLanguage":"de","potentialAction":[{"@type":"ReadAction","target":["https:\/\/yasminfood.ch\/de\/product\/ben-hamwi-extra-hugel-540g\/"]}]},{"@type":"ImageObject","inLanguage":"de","@id":"https:\/\/yasminfood.ch\/de\/product\/ben-hamwi-extra-hugel-540g\/#primaryimage","url":"https:\/\/yasminfood.ch\/wp-content\/uploads\/2022\/11\/\u0628\u0646-\u0645\u0639-\u0625\u0643\u0633\u062a\u0631\u0627-\u0647\u0627\u0644-\u0627\u0632\u0631\u0642-\u0627\u0644\u062d\u0645\u0648\u064a-450\u063a.png","contentUrl":"https:\/\/yasminfood.ch\/wp-content\/uploads\/2022\/11\/\u0628\u0646-\u0645\u0639-\u0625\u0643\u0633\u062a\u0631\u0627-\u0647\u0627\u0644-\u0627\u0632\u0631\u0642-\u0627\u0644\u062d\u0645\u0648\u064a-450\u063a.png","width":1080,"height":1080},{"@type":"BreadcrumbList","@id":"https:\/\/yasminfood.ch\/de\/product\/ben-hamwi-extra-hugel-540g\/#breadcrumb","itemListElement":[{"@type":"ListItem","position":1,"name":"\u0627\u0644\u0631\u0626\u064a\u0633\u064a\u0629","item":"https:\/\/yasminfood.ch\/de\/zuhause\/"},{"@type":"ListItem","position":2,"name":"Shop","item":"https:\/\/yasminfood.ch\/de\/shop\/"},{"@type":"ListItem","position":3,"name":"Getr\u00e4nke &amp; Fl\u00fcssigkeiten","item":"https:\/\/yasminfood.ch\/de\/produkt-kategorie\/getraenke-fluessigkeiten\/"},{"@type":"ListItem","position":4,"name":"Arabischer Kaffee","item":"https:\/\/yasminfood.ch\/de\/produkt-kategorie\/getraenke-fluessigkeiten\/arabischer-kaffee\/"},{"@type":"ListItem","position":5,"name":"Kaffee mit extra Kardamom Blauer Hamwi 450g"}]},{"@type":"WebSite","@id":"https:\/\/yasminfood.ch\/de\/#website","url":"https:\/\/yasminfood.ch\/de\/","name":"\u064a\u0627\u0633\u0645\u064a\u0646 \u0645\u0627\u0631\u0643\u062a","description":"Alles, was Sie brauchen, an einem Ort","publisher":{"@id":"https:\/\/yasminfood.ch\/de\/#organization"},"alternateName":"Yasmin Food","potentialAction":[{"@type":"SearchAction","target":{"@type":"EntryPoint","urlTemplate":"https:\/\/yasminfood.ch\/de\/?s={search_term_string}"},"query-input":{"@type":"PropertyValueSpecification","valueRequired":true,"valueName":"search_term_string"}}],"inLanguage":"de"},{"@type":"Organization","@id":"https:\/\/yasminfood.ch\/de\/#organization","name":"\u064a\u0627\u0633\u0645\u064a\u0646 \u0645\u0627\u0631\u0643\u062a","alternateName":"Yasmin Food","url":"https:\/\/yasminfood.ch\/de\/","logo":{"@type":"ImageObject","inLanguage":"de","@id":"https:\/\/yasminfood.ch\/de\/#\/schema\/logo\/image\/","url":"https:\/\/yasminfood.ch\/wp-content\/uploads\/2025\/05\/yasmin-food-header-logo.png","contentUrl":"https:\/\/yasminfood.ch\/wp-content\/uploads\/2025\/05\/yasmin-food-header-logo.png","width":330,"height":120,"caption":"\u064a\u0627\u0633\u0645\u064a\u0646 \u0645\u0627\u0631\u0643\u062a"},"image":{"@id":"https:\/\/yasminfood.ch\/de\/#\/schema\/logo\/image\/"},"sameAs":["https:\/\/www.facebook.com\/yasminmarkt1","https:\/\/www.tiktok.com\/@yasminmarkt","https:\/\/www.instagram.com\/yasmin.markt1\/","https:\/\/api.whatsapp.com\/send\/?phone=41799000104"],"publishingPrinciples":"https:\/\/yasminfood.ch\/de\/shop\/","ownershipFundingInfo":"https:\/\/yasminfood.ch\/de\/shop\/"}]},"product_price_amount":"18.00","product_price_currency":"CHF","og_availability":"instock","product_availability":"instock","product_condition":"new"},"jetpack_sharing_enabled":true,"_links":{"self":[{"href":"https:\/\/yasminfood.ch\/de\/wp-json\/wp\/v2\/product\/68944","targetHints":{"allow":["GET"]}}],"collection":[{"href":"https:\/\/yasminfood.ch\/de\/wp-json\/wp\/v2\/product"}],"about":[{"href":"https:\/\/yasminfood.ch\/de\/wp-json\/wp\/v2\/types\/product"}],"replies":[{"embeddable":true,"href":"https:\/\/yasminfood.ch\/de\/wp-json\/wp\/v2\/comments?post=68944"}],"version-history":[{"count":1,"href":"https:\/\/yasminfood.ch\/de\/wp-json\/wp\/v2\/product\/68944\/revisions"}],"predecessor-version":[{"id":111062,"href":"https:\/\/yasminfood.ch\/de\/wp-json\/wp\/v2\/product\/68944\/revisions\/111062"}],"wp:featuredmedia":[{"embeddable":true,"href":"https:\/\/yasminfood.ch\/de\/wp-json\/wp\/v2\/media\/111055"}],"wp:attachment":[{"href":"https:\/\/yasminfood.ch\/de\/wp-json\/wp\/v2\/media?parent=68944"}],"wp:term":[{"taxonomy":"product_brand","embeddable":true,"href":"https:\/\/yasminfood.ch\/de\/wp-json\/wp\/v2\/product_brand?post=68944"},{"taxonomy":"product_cat","embeddable":true,"href":"https:\/\/yasminfood.ch\/de\/wp-json\/wp\/v2\/product_cat?post=68944"},{"taxonomy":"product_tag","embeddable":true,"href":"https:\/\/yasminfood.ch\/de\/wp-json\/wp\/v2\/product_tag?post=68944"}],"curies":[{"name":"wp","href":"https:\/\/api.w.org\/{rel}","templated":true}]}}