{"id":71886,"date":"2023-01-20T13:30:54","date_gmt":"2023-01-20T12:30:54","guid":{"rendered":"https:\/\/yasminfood.ch\/product\/halawa-mit-pistazien-extra-tower-800g\/"},"modified":"2025-05-15T05:04:26","modified_gmt":"2025-05-15T03:04:26","slug":"halawa-tahini-pistazien-extra-burj-800g","status":"publish","type":"product","link":"https:\/\/yasminfood.ch\/de\/product\/halawa-tahini-pistazien-extra-burj-800g\/","title":{"rendered":"Halawa mit Pistazienturm 700g"},"content":{"rendered":"<div id=\"product-description-short-633\" class=\"product-description-short sm-bottom\">Halawa mit Pistazien aus dem Turm Levantinische S\u00fc\u00dfe, die sich durch ihren k\u00f6stlichen s\u00fc\u00dfen Geschmack auszeichnet, Und seine zerbrechliche und wunderbare Textur, Halawa extra mit Pistazien wird zum Fr\u00fchst\u00fcck serviert, Halva wird haupts\u00e4chlich aus Sesam-Tahini hergestellt und mit k\u00f6stlichen Aromen versehen. Und mit leckeren Pistazien bedecken, Das Unternehmen stellt mit Pistazien bedeckte Halva her und lagert sie in einer Kunststoffbox, die mit einem luftdichten Kunststoffdeckel bedeckt ist, um die Sicherheit der Lagerung und die Qualit\u00e4t der Produktion zu gew\u00e4hrleisten.<\/div>\n<div class=\"product-information light-box-bg mb-3\">\n<div class=\"product-prices sm-bottom\">\n<div class=\"d-flex flex-wrap align-items-center\"><\/div>\n<\/div>\n<\/div>\n","protected":false},"excerpt":{"rendered":"<p>Halawa mit Pistazien aus dem Turm Levantinische S\u00fc\u00dfe, die sich durch ihren k\u00f6stlichen s\u00fc\u00dfen Geschmack auszeichnet, Und seine zerbrechliche und<\/p>\n","protected":false},"featured_media":110780,"comment_status":"open","ping_status":"closed","template":"","meta":[],"product_brand":[],"product_cat":[297,309],"product_tag":[],"class_list":{"0":"post-71886","1":"product","2":"type-product","3":"status-publish","4":"has-post-thumbnail","6":"product_cat-dessert-chips-2","7":"product_cat-halva-de","9":"first","10":"instock","11":"taxable","12":"shipping-taxable","13":"purchasable","14":"product-type-simple"},"yoast_head":"<!-- This site is optimized with the Yoast SEO Premium plugin v26.5 (Yoast SEO v27.4) - https:\/\/yoast.com\/product\/yoast-seo-premium-wordpress\/ -->\n<title>Halawa mit Pistazienturm 700g - Yasmin Food<\/title>\n<meta name=\"description\" content=\"Halawa mit Pistazien aus dem Turm Levantinische S\u00fc\u00dfe, die sich durch ihren k\u00f6stlichen s\u00fc\u00dfen Geschmack auszeichnet, Und seine zerbrechliche und wunderbare Textur, Halawa extra mit Pistazien wird zum Fr\u00fchst\u00fcck serviert\" \/>\n<meta name=\"robots\" content=\"index, follow, max-snippet:-1, max-image-preview:large, max-video-preview:-1\" \/>\n<link rel=\"canonical\" href=\"https:\/\/yasminfood.ch\/de\/product\/halawa-tahini-pistazien-extra-burj-800g\/\" \/>\n<meta property=\"og:locale\" content=\"de_DE\" \/>\n<meta property=\"og:type\" content=\"article\" \/>\n<meta property=\"og:title\" content=\"Halawa mit Pistazienturm 700g\" \/>\n<meta property=\"og:description\" content=\"Halawa mit Pistazien aus dem Turm Levantinische S\u00fc\u00dfe, die sich durch ihren k\u00f6stlichen s\u00fc\u00dfen Geschmack auszeichnet, Und seine zerbrechliche und wunderbare\" \/>\n<meta property=\"og:url\" content=\"https:\/\/yasminfood.ch\/de\/product\/halawa-tahini-pistazien-extra-burj-800g\/\" \/>\n<meta property=\"og:site_name\" content=\"Yasmin Food\" \/>\n<meta property=\"article:publisher\" content=\"https:\/\/www.facebook.com\/yasminmarkt1\" \/>\n<meta property=\"article:modified_time\" content=\"2025-05-15T03:04:26+00:00\" \/>\n<meta property=\"og:image\" content=\"https:\/\/yasminfood.ch\/wp-content\/uploads\/2023\/01\/\u062d\u0644\u0627\u0648\u0629-\u0627\u0644\u0628\u0631\u062c-700\u063a-1.png\" \/>\n\t<meta property=\"og:image:width\" content=\"1080\" \/>\n\t<meta property=\"og:image:height\" content=\"1080\" \/>\n\t<meta property=\"og:image:type\" content=\"image\/png\" \/>\n<meta name=\"twitter:card\" content=\"summary_large_image\" \/>\n<meta name=\"twitter:label1\" content=\"Preis\" \/>\n\t<meta name=\"twitter:data1\" content=\"18.95&nbsp;&#067;&#072;&#070;\" \/>\n\t<meta name=\"twitter:label2\" content=\"Verf\u00fcgbarkeit\" \/>\n\t<meta name=\"twitter:data2\" content=\"Auf Lager\" \/>\n<script type=\"application\/ld+json\" class=\"yoast-schema-graph\">{\"@context\":\"https:\\\/\\\/schema.org\",\"@graph\":[{\"@type\":\"WebPage\",\"@id\":\"https:\\\/\\\/yasminfood.ch\\\/de\\\/product\\\/halawa-tahini-pistazien-extra-burj-800g\\\/\",\"url\":\"https:\\\/\\\/yasminfood.ch\\\/de\\\/product\\\/halawa-tahini-pistazien-extra-burj-800g\\\/\",\"name\":\"Halawa mit Pistazienturm 700g - Yasmin Food\",\"isPartOf\":{\"@id\":\"https:\\\/\\\/yasminfood.ch\\\/de\\\/#website\"},\"primaryImageOfPage\":{\"@id\":\"https:\\\/\\\/yasminfood.ch\\\/de\\\/product\\\/halawa-tahini-pistazien-extra-burj-800g\\\/#primaryimage\"},\"image\":{\"@id\":\"https:\\\/\\\/yasminfood.ch\\\/de\\\/product\\\/halawa-tahini-pistazien-extra-burj-800g\\\/#primaryimage\"},\"thumbnailUrl\":\"https:\\\/\\\/yasminfood.ch\\\/wp-content\\\/uploads\\\/2023\\\/01\\\/\u062d\u0644\u0627\u0648\u0629-\u0627\u0644\u0628\u0631\u062c-700\u063a-1.png\",\"datePublished\":\"2023-01-20T12:30:54+00:00\",\"dateModified\":\"2025-05-15T03:04:26+00:00\",\"description\":\"Halawa mit Pistazien aus dem Turm Levantinische S\u00fc\u00dfe, die sich durch ihren k\u00f6stlichen s\u00fc\u00dfen Geschmack auszeichnet, Und seine zerbrechliche und wunderbare Textur, Halawa extra mit Pistazien wird zum Fr\u00fchst\u00fcck serviert\",\"breadcrumb\":{\"@id\":\"https:\\\/\\\/yasminfood.ch\\\/de\\\/product\\\/halawa-tahini-pistazien-extra-burj-800g\\\/#breadcrumb\"},\"inLanguage\":\"de\",\"potentialAction\":[{\"@type\":\"ReadAction\",\"target\":[\"https:\\\/\\\/yasminfood.ch\\\/de\\\/product\\\/halawa-tahini-pistazien-extra-burj-800g\\\/\"]}]},{\"@type\":\"ImageObject\",\"inLanguage\":\"de\",\"@id\":\"https:\\\/\\\/yasminfood.ch\\\/de\\\/product\\\/halawa-tahini-pistazien-extra-burj-800g\\\/#primaryimage\",\"url\":\"https:\\\/\\\/yasminfood.ch\\\/wp-content\\\/uploads\\\/2023\\\/01\\\/\u062d\u0644\u0627\u0648\u0629-\u0627\u0644\u0628\u0631\u062c-700\u063a-1.png\",\"contentUrl\":\"https:\\\/\\\/yasminfood.ch\\\/wp-content\\\/uploads\\\/2023\\\/01\\\/\u062d\u0644\u0627\u0648\u0629-\u0627\u0644\u0628\u0631\u062c-700\u063a-1.png\",\"width\":1080,\"height\":1080,\"caption\":\"\u062d\u0644\u0627\u0648\u0629 \u0628\u0627\u0644\u0641\u0633\u062a\u0642 \u0627\u0643\u0633\u062a\u0631\u0627 \u0627\u0644\u0628\u0631\u062c 700\u063a\u0631\u0627\u0645\"},{\"@type\":\"BreadcrumbList\",\"@id\":\"https:\\\/\\\/yasminfood.ch\\\/de\\\/product\\\/halawa-tahini-pistazien-extra-burj-800g\\\/#breadcrumb\",\"itemListElement\":[{\"@type\":\"ListItem\",\"position\":1,\"name\":\"\u0627\u0644\u0631\u0626\u064a\u0633\u064a\u0629\",\"item\":\"https:\\\/\\\/yasminfood.ch\\\/de\\\/zuhause\\\/\"},{\"@type\":\"ListItem\",\"position\":2,\"name\":\"Shop\",\"item\":\"https:\\\/\\\/yasminfood.ch\\\/de\\\/shop\\\/\"},{\"@type\":\"ListItem\",\"position\":3,\"name\":\"Dessert &amp; Chips\",\"item\":\"https:\\\/\\\/yasminfood.ch\\\/de\\\/produkt-kategorie\\\/dessert-chips-2\\\/\"},{\"@type\":\"ListItem\",\"position\":4,\"name\":\"Halva\",\"item\":\"https:\\\/\\\/yasminfood.ch\\\/de\\\/produkt-kategorie\\\/dessert-chips-2\\\/halva-de\\\/\"},{\"@type\":\"ListItem\",\"position\":5,\"name\":\"Halawa mit Pistazienturm 700g\"}]},{\"@type\":\"WebSite\",\"@id\":\"https:\\\/\\\/yasminfood.ch\\\/de\\\/#website\",\"url\":\"https:\\\/\\\/yasminfood.ch\\\/de\\\/\",\"name\":\"\u064a\u0627\u0633\u0645\u064a\u0646 \u0645\u0627\u0631\u0643\u062a\",\"description\":\"Alles, was Sie brauchen, an einem Ort\",\"publisher\":{\"@id\":\"https:\\\/\\\/yasminfood.ch\\\/de\\\/#organization\"},\"alternateName\":\"Yasmin Food\",\"potentialAction\":[{\"@type\":\"SearchAction\",\"target\":{\"@type\":\"EntryPoint\",\"urlTemplate\":\"https:\\\/\\\/yasminfood.ch\\\/de\\\/?s={search_term_string}\"},\"query-input\":{\"@type\":\"PropertyValueSpecification\",\"valueRequired\":true,\"valueName\":\"search_term_string\"}}],\"inLanguage\":\"de\"},{\"@type\":\"Organization\",\"@id\":\"https:\\\/\\\/yasminfood.ch\\\/de\\\/#organization\",\"name\":\"\u064a\u0627\u0633\u0645\u064a\u0646 \u0645\u0627\u0631\u0643\u062a\",\"alternateName\":\"Yasmin Food\",\"url\":\"https:\\\/\\\/yasminfood.ch\\\/de\\\/\",\"logo\":{\"@type\":\"ImageObject\",\"inLanguage\":\"de\",\"@id\":\"https:\\\/\\\/yasminfood.ch\\\/de\\\/#\\\/schema\\\/logo\\\/image\\\/\",\"url\":\"https:\\\/\\\/yasminfood.ch\\\/wp-content\\\/uploads\\\/2025\\\/05\\\/yasmin-food-header-logo.png\",\"contentUrl\":\"https:\\\/\\\/yasminfood.ch\\\/wp-content\\\/uploads\\\/2025\\\/05\\\/yasmin-food-header-logo.png\",\"width\":330,\"height\":120,\"caption\":\"\u064a\u0627\u0633\u0645\u064a\u0646 \u0645\u0627\u0631\u0643\u062a\"},\"image\":{\"@id\":\"https:\\\/\\\/yasminfood.ch\\\/de\\\/#\\\/schema\\\/logo\\\/image\\\/\"},\"sameAs\":[\"https:\\\/\\\/www.facebook.com\\\/yasminmarkt1\",\"https:\\\/\\\/www.tiktok.com\\\/@yasminmarkt\",\"https:\\\/\\\/www.instagram.com\\\/yasmin.markt1\\\/\",\"https:\\\/\\\/api.whatsapp.com\\\/send\\\/?phone=41799000104\"],\"publishingPrinciples\":\"https:\\\/\\\/yasminfood.ch\\\/de\\\/shop\\\/\",\"ownershipFundingInfo\":\"https:\\\/\\\/yasminfood.ch\\\/de\\\/shop\\\/\"}]}<\/script>\n<meta property=\"product:price:amount\" content=\"18.95\" \/>\n<meta property=\"product:price:currency\" content=\"CHF\" \/>\n<meta property=\"og:availability\" content=\"instock\" \/>\n<meta property=\"product:availability\" content=\"instock\" \/>\n<meta property=\"product:condition\" content=\"new\" \/>\n<!-- \/ Yoast SEO Premium plugin. -->","yoast_head_json":{"title":"Halawa mit Pistazienturm 700g - Yasmin Food","description":"Halawa mit Pistazien aus dem Turm Levantinische S\u00fc\u00dfe, die sich durch ihren k\u00f6stlichen s\u00fc\u00dfen Geschmack auszeichnet, Und seine zerbrechliche und wunderbare Textur, Halawa extra mit Pistazien wird zum Fr\u00fchst\u00fcck serviert","robots":{"index":"index","follow":"follow","max-snippet":"max-snippet:-1","max-image-preview":"max-image-preview:large","max-video-preview":"max-video-preview:-1"},"canonical":"https:\/\/yasminfood.ch\/de\/product\/halawa-tahini-pistazien-extra-burj-800g\/","og_locale":"de_DE","og_type":"article","og_title":"Halawa mit Pistazienturm 700g","og_description":"Halawa mit Pistazien aus dem Turm Levantinische S\u00fc\u00dfe, die sich durch ihren k\u00f6stlichen s\u00fc\u00dfen Geschmack auszeichnet, Und seine zerbrechliche und wunderbare","og_url":"https:\/\/yasminfood.ch\/de\/product\/halawa-tahini-pistazien-extra-burj-800g\/","og_site_name":"Yasmin Food","article_publisher":"https:\/\/www.facebook.com\/yasminmarkt1","article_modified_time":"2025-05-15T03:04:26+00:00","og_image":[{"width":1080,"height":1080,"url":"https:\/\/yasminfood.ch\/wp-content\/uploads\/2023\/01\/\u062d\u0644\u0627\u0648\u0629-\u0627\u0644\u0628\u0631\u062c-700\u063a-1.png","type":"image\/png"}],"twitter_card":"summary_large_image","twitter_misc":{"Preis":"18.95&nbsp;&#67;&#72;&#70;","Verf\u00fcgbarkeit":"Auf Lager"},"schema":{"@context":"https:\/\/schema.org","@graph":[{"@type":"WebPage","@id":"https:\/\/yasminfood.ch\/de\/product\/halawa-tahini-pistazien-extra-burj-800g\/","url":"https:\/\/yasminfood.ch\/de\/product\/halawa-tahini-pistazien-extra-burj-800g\/","name":"Halawa mit Pistazienturm 700g - Yasmin Food","isPartOf":{"@id":"https:\/\/yasminfood.ch\/de\/#website"},"primaryImageOfPage":{"@id":"https:\/\/yasminfood.ch\/de\/product\/halawa-tahini-pistazien-extra-burj-800g\/#primaryimage"},"image":{"@id":"https:\/\/yasminfood.ch\/de\/product\/halawa-tahini-pistazien-extra-burj-800g\/#primaryimage"},"thumbnailUrl":"https:\/\/yasminfood.ch\/wp-content\/uploads\/2023\/01\/\u062d\u0644\u0627\u0648\u0629-\u0627\u0644\u0628\u0631\u062c-700\u063a-1.png","datePublished":"2023-01-20T12:30:54+00:00","dateModified":"2025-05-15T03:04:26+00:00","description":"Halawa mit Pistazien aus dem Turm Levantinische S\u00fc\u00dfe, die sich durch ihren k\u00f6stlichen s\u00fc\u00dfen Geschmack auszeichnet, Und seine zerbrechliche und wunderbare Textur, Halawa extra mit Pistazien wird zum Fr\u00fchst\u00fcck serviert","breadcrumb":{"@id":"https:\/\/yasminfood.ch\/de\/product\/halawa-tahini-pistazien-extra-burj-800g\/#breadcrumb"},"inLanguage":"de","potentialAction":[{"@type":"ReadAction","target":["https:\/\/yasminfood.ch\/de\/product\/halawa-tahini-pistazien-extra-burj-800g\/"]}]},{"@type":"ImageObject","inLanguage":"de","@id":"https:\/\/yasminfood.ch\/de\/product\/halawa-tahini-pistazien-extra-burj-800g\/#primaryimage","url":"https:\/\/yasminfood.ch\/wp-content\/uploads\/2023\/01\/\u062d\u0644\u0627\u0648\u0629-\u0627\u0644\u0628\u0631\u062c-700\u063a-1.png","contentUrl":"https:\/\/yasminfood.ch\/wp-content\/uploads\/2023\/01\/\u062d\u0644\u0627\u0648\u0629-\u0627\u0644\u0628\u0631\u062c-700\u063a-1.png","width":1080,"height":1080,"caption":"\u062d\u0644\u0627\u0648\u0629 \u0628\u0627\u0644\u0641\u0633\u062a\u0642 \u0627\u0643\u0633\u062a\u0631\u0627 \u0627\u0644\u0628\u0631\u062c 700\u063a\u0631\u0627\u0645"},{"@type":"BreadcrumbList","@id":"https:\/\/yasminfood.ch\/de\/product\/halawa-tahini-pistazien-extra-burj-800g\/#breadcrumb","itemListElement":[{"@type":"ListItem","position":1,"name":"\u0627\u0644\u0631\u0626\u064a\u0633\u064a\u0629","item":"https:\/\/yasminfood.ch\/de\/zuhause\/"},{"@type":"ListItem","position":2,"name":"Shop","item":"https:\/\/yasminfood.ch\/de\/shop\/"},{"@type":"ListItem","position":3,"name":"Dessert &amp; Chips","item":"https:\/\/yasminfood.ch\/de\/produkt-kategorie\/dessert-chips-2\/"},{"@type":"ListItem","position":4,"name":"Halva","item":"https:\/\/yasminfood.ch\/de\/produkt-kategorie\/dessert-chips-2\/halva-de\/"},{"@type":"ListItem","position":5,"name":"Halawa mit Pistazienturm 700g"}]},{"@type":"WebSite","@id":"https:\/\/yasminfood.ch\/de\/#website","url":"https:\/\/yasminfood.ch\/de\/","name":"\u064a\u0627\u0633\u0645\u064a\u0646 \u0645\u0627\u0631\u0643\u062a","description":"Alles, was Sie brauchen, an einem Ort","publisher":{"@id":"https:\/\/yasminfood.ch\/de\/#organization"},"alternateName":"Yasmin Food","potentialAction":[{"@type":"SearchAction","target":{"@type":"EntryPoint","urlTemplate":"https:\/\/yasminfood.ch\/de\/?s={search_term_string}"},"query-input":{"@type":"PropertyValueSpecification","valueRequired":true,"valueName":"search_term_string"}}],"inLanguage":"de"},{"@type":"Organization","@id":"https:\/\/yasminfood.ch\/de\/#organization","name":"\u064a\u0627\u0633\u0645\u064a\u0646 \u0645\u0627\u0631\u0643\u062a","alternateName":"Yasmin Food","url":"https:\/\/yasminfood.ch\/de\/","logo":{"@type":"ImageObject","inLanguage":"de","@id":"https:\/\/yasminfood.ch\/de\/#\/schema\/logo\/image\/","url":"https:\/\/yasminfood.ch\/wp-content\/uploads\/2025\/05\/yasmin-food-header-logo.png","contentUrl":"https:\/\/yasminfood.ch\/wp-content\/uploads\/2025\/05\/yasmin-food-header-logo.png","width":330,"height":120,"caption":"\u064a\u0627\u0633\u0645\u064a\u0646 \u0645\u0627\u0631\u0643\u062a"},"image":{"@id":"https:\/\/yasminfood.ch\/de\/#\/schema\/logo\/image\/"},"sameAs":["https:\/\/www.facebook.com\/yasminmarkt1","https:\/\/www.tiktok.com\/@yasminmarkt","https:\/\/www.instagram.com\/yasmin.markt1\/","https:\/\/api.whatsapp.com\/send\/?phone=41799000104"],"publishingPrinciples":"https:\/\/yasminfood.ch\/de\/shop\/","ownershipFundingInfo":"https:\/\/yasminfood.ch\/de\/shop\/"}]},"product_price_amount":"18.95","product_price_currency":"CHF","og_availability":"instock","product_availability":"instock","product_condition":"new"},"jetpack_sharing_enabled":true,"_links":{"self":[{"href":"https:\/\/yasminfood.ch\/de\/wp-json\/wp\/v2\/product\/71886","targetHints":{"allow":["GET"]}}],"collection":[{"href":"https:\/\/yasminfood.ch\/de\/wp-json\/wp\/v2\/product"}],"about":[{"href":"https:\/\/yasminfood.ch\/de\/wp-json\/wp\/v2\/types\/product"}],"replies":[{"embeddable":true,"href":"https:\/\/yasminfood.ch\/de\/wp-json\/wp\/v2\/comments?post=71886"}],"version-history":[{"count":1,"href":"https:\/\/yasminfood.ch\/de\/wp-json\/wp\/v2\/product\/71886\/revisions"}],"predecessor-version":[{"id":110784,"href":"https:\/\/yasminfood.ch\/de\/wp-json\/wp\/v2\/product\/71886\/revisions\/110784"}],"wp:featuredmedia":[{"embeddable":true,"href":"https:\/\/yasminfood.ch\/de\/wp-json\/wp\/v2\/media\/110780"}],"wp:attachment":[{"href":"https:\/\/yasminfood.ch\/de\/wp-json\/wp\/v2\/media?parent=71886"}],"wp:term":[{"taxonomy":"product_brand","embeddable":true,"href":"https:\/\/yasminfood.ch\/de\/wp-json\/wp\/v2\/product_brand?post=71886"},{"taxonomy":"product_cat","embeddable":true,"href":"https:\/\/yasminfood.ch\/de\/wp-json\/wp\/v2\/product_cat?post=71886"},{"taxonomy":"product_tag","embeddable":true,"href":"https:\/\/yasminfood.ch\/de\/wp-json\/wp\/v2\/product_tag?post=71886"}],"curies":[{"name":"wp","href":"https:\/\/api.w.org\/{rel}","templated":true}]}}