{"id":84478,"date":"2023-03-17T09:29:59","date_gmt":"2023-03-17T08:29:59","guid":{"rendered":"https:\/\/yasminfood.ch\/product\/feigenmarmelade-mit-walnuss-lara-775g\/"},"modified":"2025-07-31T00:58:19","modified_gmt":"2025-07-30T22:58:19","slug":"marmelade-mit-walnuss-lara-775g","status":"publish","type":"product","link":"https:\/\/yasminfood.ch\/de\/product\/marmelade-mit-walnuss-lara-775g\/","title":{"rendered":"Feigenmarmelade mit Waln\u00fcssen 775g"},"content":{"rendered":"<p><strong>Feigenmarmelade mit Waln\u00fcssen 775g<\/strong><\/p>\n<ul>\n<li>\n<p data-start=\"166\" data-end=\"396\">Die perfekte Kombination f\u00fcr Liebhaber von authentischem Geschmack und abwechslungsreichen Texturen,<\/p>\n<\/li>\n<li>\n<p data-start=\"166\" data-end=\"396\">Fr\u00fcchte und N\u00fcsse vereinen sich zu einem unvergesslichen Fr\u00fchst\u00fcck oder Gastfreundschaftserlebnis.<\/p>\n<p data-start=\"398\" data-end=\"411\"><strong data-start=\"398\" data-end=\"411\">Funktionen:<\/strong><\/p>\n<ul data-start=\"412\" data-end=\"567\">\n<li data-start=\"412\" data-end=\"459\">\n<p data-start=\"414\" data-end=\"459\">Enth\u00e4lt p\u00fcrierte Feigenst\u00fccke mit nat\u00fcrlichen Waln\u00fcssen<\/p>\n<\/li>\n<li data-start=\"460\" data-end=\"492\">\n<p data-start=\"462\" data-end=\"492\">Ausgewogener orientalischer Geschmack und reichhaltige Textur<\/p>\n<\/li>\n<li data-start=\"493\" data-end=\"528\">\n<p data-start=\"495\" data-end=\"528\">Keine Konservierungsstoffe oder k\u00fcnstliche Aromen<\/p>\n<\/li>\n<li data-start=\"529\" data-end=\"567\">\n<p data-start=\"531\" data-end=\"567\">Perfekt zum Fr\u00fchst\u00fcck, Desserts oder mit K\u00e4se <\/p>\n<\/li>\n<\/ul>\n<p data-start=\"569\" data-end=\"704\"><strong data-start=\"569\" data-end=\"585\">Benutzungen:<\/strong><br \/>\nAuf Brot servieren oder als ausgefallene F\u00fcllung f\u00fcr Kuchen und Geb\u00e4ck verwenden. Es kann auch mit K\u00e4se oder mit einer Sahneschale f\u00fcr arabische Gastfreundschaft serviert werden.  <\/p>\n<p data-start=\"706\" data-end=\"761\"><strong data-start=\"706\" data-end=\"723\">Nettogewicht:<\/strong> 775 g<br data-start=\"732\" data-end=\"735\"><strong data-start=\"735\" data-end=\"756\">Hersteller:<\/strong> Lara<\/p>\n<p data-start=\"763\" data-end=\"869\"><strong data-start=\"763\" data-end=\"792\">Lara&#8217;s Fig Walnut Jam<\/strong> ist die perfekte Wahl, wenn Sie auf der Suche nach einem warmen, nat\u00fcrlichen und authentischen Geschmack sind. <\/p>\n<\/li>\n<\/ul>\n","protected":false},"excerpt":{"rendered":"<p><strong>Feigenmarmelade mit Waln\u00fcssen 775g<\/strong><\/p>\n<ul>\n<li>\n<p data-start=\"166\" data-end=\"396\">Perfekte Mischung f\u00fcr Liebhaber von authentischem Geschmack und abwechslungsreichen Texturen<\/p>\n<\/li>\n<\/ul>\n","protected":false},"featured_media":110329,"comment_status":"open","ping_status":"closed","template":"","meta":[],"product_brand":[2324],"product_cat":[245,258],"product_tag":[2306],"class_list":{"0":"post-84478","1":"product","2":"type-product","3":"status-publish","4":"has-post-thumbnail","6":"product_brand-lara-de","7":"product_cat-konserven-lebensmittel","8":"product_cat-marmelade-und-honig","9":"product_tag-feigenmarmelade-mit-walnussen","11":"first","12":"outofstock","13":"taxable","14":"shipping-taxable","15":"purchasable","16":"product-type-simple"},"yoast_head":"<!-- This site is optimized with the Yoast SEO Premium plugin v26.5 (Yoast SEO v27.4) - https:\/\/yoast.com\/product\/yoast-seo-premium-wordpress\/ -->\n<title>Feigenmarmelade mit Waln\u00fcssen 775g - Yasmin Food<\/title>\n<meta name=\"description\" content=\"Genie\u00dfen Sie den einzigartigen Geschmack von Feigenmarmelade mit Waln\u00fcssen 775 g, perfekt zum Fr\u00fchst\u00fcck und zu Desserts mit nat\u00fcrlichen Aromen. Probieren Sie es jetzt aus und machen Sie jeden Bissen unvergesslich! Yasmin Food\" \/>\n<meta name=\"robots\" content=\"index, follow, max-snippet:-1, max-image-preview:large, max-video-preview:-1\" \/>\n<link rel=\"canonical\" href=\"https:\/\/yasminfood.ch\/de\/product\/marmelade-mit-walnuss-lara-775g\/\" \/>\n<meta property=\"og:locale\" content=\"de_DE\" \/>\n<meta property=\"og:type\" content=\"article\" \/>\n<meta property=\"og:title\" content=\"Feigenmarmelade mit Waln\u00fcssen 775g\" \/>\n<meta property=\"og:description\" content=\"Feigenmarmelade mit Waln\u00fcssen 775g   Perfekte Mischung f\u00fcr Liebhaber von authentischem Geschmack und abwechslungsreichen Texturen\" \/>\n<meta property=\"og:url\" content=\"https:\/\/yasminfood.ch\/de\/product\/marmelade-mit-walnuss-lara-775g\/\" \/>\n<meta property=\"og:site_name\" content=\"Yasmin Food\" \/>\n<meta property=\"article:publisher\" content=\"https:\/\/www.facebook.com\/yasminmarkt1\" \/>\n<meta property=\"article:modified_time\" content=\"2025-07-30T22:58:19+00:00\" \/>\n<meta property=\"og:image\" content=\"https:\/\/yasminfood.ch\/wp-content\/uploads\/2023\/03\/\u0645\u0631\u0628\u0649-\u062a\u064a\u0646-\u0645\u0639-\u0627\u0644\u062c\u0648\u0632-\u0644\u0627\u0631\u0627-800\u063a.png\" \/>\n\t<meta property=\"og:image:width\" content=\"1080\" \/>\n\t<meta property=\"og:image:height\" content=\"1080\" \/>\n\t<meta property=\"og:image:type\" content=\"image\/png\" \/>\n<meta name=\"twitter:card\" content=\"summary_large_image\" \/>\n<meta name=\"twitter:label1\" content=\"Preis\" \/>\n\t<meta name=\"twitter:data1\" content=\"7.95&nbsp;&#067;&#072;&#070;\" \/>\n\t<meta name=\"twitter:label2\" content=\"Verf\u00fcgbarkeit\" \/>\n\t<meta name=\"twitter:data2\" content=\"ausverkauft\" \/>\n<script type=\"application\/ld+json\" class=\"yoast-schema-graph\">{\"@context\":\"https:\\\/\\\/schema.org\",\"@graph\":[{\"@type\":\"WebPage\",\"@id\":\"https:\\\/\\\/yasminfood.ch\\\/de\\\/product\\\/marmelade-mit-walnuss-lara-775g\\\/\",\"url\":\"https:\\\/\\\/yasminfood.ch\\\/de\\\/product\\\/marmelade-mit-walnuss-lara-775g\\\/\",\"name\":\"Feigenmarmelade mit Waln\u00fcssen 775g - Yasmin Food\",\"isPartOf\":{\"@id\":\"https:\\\/\\\/yasminfood.ch\\\/de\\\/#website\"},\"primaryImageOfPage\":{\"@id\":\"https:\\\/\\\/yasminfood.ch\\\/de\\\/product\\\/marmelade-mit-walnuss-lara-775g\\\/#primaryimage\"},\"image\":{\"@id\":\"https:\\\/\\\/yasminfood.ch\\\/de\\\/product\\\/marmelade-mit-walnuss-lara-775g\\\/#primaryimage\"},\"thumbnailUrl\":\"https:\\\/\\\/yasminfood.ch\\\/wp-content\\\/uploads\\\/2023\\\/03\\\/\u0645\u0631\u0628\u0649-\u062a\u064a\u0646-\u0645\u0639-\u0627\u0644\u062c\u0648\u0632-\u0644\u0627\u0631\u0627-800\u063a.png\",\"datePublished\":\"2023-03-17T08:29:59+00:00\",\"dateModified\":\"2025-07-30T22:58:19+00:00\",\"description\":\"Genie\u00dfen Sie den einzigartigen Geschmack von Feigenmarmelade mit Waln\u00fcssen 775 g, perfekt zum Fr\u00fchst\u00fcck und zu Desserts mit nat\u00fcrlichen Aromen. Probieren Sie es jetzt aus und machen Sie jeden Bissen unvergesslich! Yasmin Food\",\"breadcrumb\":{\"@id\":\"https:\\\/\\\/yasminfood.ch\\\/de\\\/product\\\/marmelade-mit-walnuss-lara-775g\\\/#breadcrumb\"},\"inLanguage\":\"de\",\"potentialAction\":[{\"@type\":\"ReadAction\",\"target\":[\"https:\\\/\\\/yasminfood.ch\\\/de\\\/product\\\/marmelade-mit-walnuss-lara-775g\\\/\"]}]},{\"@type\":\"ImageObject\",\"inLanguage\":\"de\",\"@id\":\"https:\\\/\\\/yasminfood.ch\\\/de\\\/product\\\/marmelade-mit-walnuss-lara-775g\\\/#primaryimage\",\"url\":\"https:\\\/\\\/yasminfood.ch\\\/wp-content\\\/uploads\\\/2023\\\/03\\\/\u0645\u0631\u0628\u0649-\u062a\u064a\u0646-\u0645\u0639-\u0627\u0644\u062c\u0648\u0632-\u0644\u0627\u0631\u0627-800\u063a.png\",\"contentUrl\":\"https:\\\/\\\/yasminfood.ch\\\/wp-content\\\/uploads\\\/2023\\\/03\\\/\u0645\u0631\u0628\u0649-\u062a\u064a\u0646-\u0645\u0639-\u0627\u0644\u062c\u0648\u0632-\u0644\u0627\u0631\u0627-800\u063a.png\",\"width\":1080,\"height\":1080},{\"@type\":\"BreadcrumbList\",\"@id\":\"https:\\\/\\\/yasminfood.ch\\\/de\\\/product\\\/marmelade-mit-walnuss-lara-775g\\\/#breadcrumb\",\"itemListElement\":[{\"@type\":\"ListItem\",\"position\":1,\"name\":\"\u0627\u0644\u0631\u0626\u064a\u0633\u064a\u0629\",\"item\":\"https:\\\/\\\/yasminfood.ch\\\/de\\\/zuhause\\\/\"},{\"@type\":\"ListItem\",\"position\":2,\"name\":\"Shop\",\"item\":\"https:\\\/\\\/yasminfood.ch\\\/de\\\/shop\\\/\"},{\"@type\":\"ListItem\",\"position\":3,\"name\":\"Konserven - Lebensmittel\",\"item\":\"https:\\\/\\\/yasminfood.ch\\\/de\\\/produkt-kategorie\\\/konserven-lebensmittel\\\/\"},{\"@type\":\"ListItem\",\"position\":4,\"name\":\"Marmelade und Honig\",\"item\":\"https:\\\/\\\/yasminfood.ch\\\/de\\\/produkt-kategorie\\\/konserven-lebensmittel\\\/marmelade-und-honig\\\/\"},{\"@type\":\"ListItem\",\"position\":5,\"name\":\"Feigenmarmelade mit Waln\u00fcssen 775g\"}]},{\"@type\":\"WebSite\",\"@id\":\"https:\\\/\\\/yasminfood.ch\\\/de\\\/#website\",\"url\":\"https:\\\/\\\/yasminfood.ch\\\/de\\\/\",\"name\":\"\u064a\u0627\u0633\u0645\u064a\u0646 \u0645\u0627\u0631\u0643\u062a\",\"description\":\"Alles, was Sie brauchen, an einem Ort\",\"publisher\":{\"@id\":\"https:\\\/\\\/yasminfood.ch\\\/de\\\/#organization\"},\"alternateName\":\"Yasmin Food\",\"potentialAction\":[{\"@type\":\"SearchAction\",\"target\":{\"@type\":\"EntryPoint\",\"urlTemplate\":\"https:\\\/\\\/yasminfood.ch\\\/de\\\/?s={search_term_string}\"},\"query-input\":{\"@type\":\"PropertyValueSpecification\",\"valueRequired\":true,\"valueName\":\"search_term_string\"}}],\"inLanguage\":\"de\"},{\"@type\":\"Organization\",\"@id\":\"https:\\\/\\\/yasminfood.ch\\\/de\\\/#organization\",\"name\":\"\u064a\u0627\u0633\u0645\u064a\u0646 \u0645\u0627\u0631\u0643\u062a\",\"alternateName\":\"Yasmin Food\",\"url\":\"https:\\\/\\\/yasminfood.ch\\\/de\\\/\",\"logo\":{\"@type\":\"ImageObject\",\"inLanguage\":\"de\",\"@id\":\"https:\\\/\\\/yasminfood.ch\\\/de\\\/#\\\/schema\\\/logo\\\/image\\\/\",\"url\":\"https:\\\/\\\/yasminfood.ch\\\/wp-content\\\/uploads\\\/2025\\\/05\\\/yasmin-food-header-logo.png\",\"contentUrl\":\"https:\\\/\\\/yasminfood.ch\\\/wp-content\\\/uploads\\\/2025\\\/05\\\/yasmin-food-header-logo.png\",\"width\":330,\"height\":120,\"caption\":\"\u064a\u0627\u0633\u0645\u064a\u0646 \u0645\u0627\u0631\u0643\u062a\"},\"image\":{\"@id\":\"https:\\\/\\\/yasminfood.ch\\\/de\\\/#\\\/schema\\\/logo\\\/image\\\/\"},\"sameAs\":[\"https:\\\/\\\/www.facebook.com\\\/yasminmarkt1\",\"https:\\\/\\\/www.tiktok.com\\\/@yasminmarkt\",\"https:\\\/\\\/www.instagram.com\\\/yasmin.markt1\\\/\",\"https:\\\/\\\/api.whatsapp.com\\\/send\\\/?phone=41799000104\"],\"publishingPrinciples\":\"https:\\\/\\\/yasminfood.ch\\\/de\\\/shop\\\/\",\"ownershipFundingInfo\":\"https:\\\/\\\/yasminfood.ch\\\/de\\\/shop\\\/\"}]}<\/script>\n<meta property=\"product:price:amount\" content=\"7.95\" \/>\n<meta property=\"product:price:currency\" content=\"CHF\" \/>\n<meta property=\"og:availability\" content=\"out of stock\" \/>\n<meta property=\"product:availability\" content=\"out of stock\" \/>\n<meta property=\"product:condition\" content=\"new\" \/>\n<!-- \/ Yoast SEO Premium plugin. -->","yoast_head_json":{"title":"Feigenmarmelade mit Waln\u00fcssen 775g - Yasmin Food","description":"Genie\u00dfen Sie den einzigartigen Geschmack von Feigenmarmelade mit Waln\u00fcssen 775 g, perfekt zum Fr\u00fchst\u00fcck und zu Desserts mit nat\u00fcrlichen Aromen. Probieren Sie es jetzt aus und machen Sie jeden Bissen unvergesslich! Yasmin Food","robots":{"index":"index","follow":"follow","max-snippet":"max-snippet:-1","max-image-preview":"max-image-preview:large","max-video-preview":"max-video-preview:-1"},"canonical":"https:\/\/yasminfood.ch\/de\/product\/marmelade-mit-walnuss-lara-775g\/","og_locale":"de_DE","og_type":"article","og_title":"Feigenmarmelade mit Waln\u00fcssen 775g","og_description":"Feigenmarmelade mit Waln\u00fcssen 775g   Perfekte Mischung f\u00fcr Liebhaber von authentischem Geschmack und abwechslungsreichen Texturen","og_url":"https:\/\/yasminfood.ch\/de\/product\/marmelade-mit-walnuss-lara-775g\/","og_site_name":"Yasmin Food","article_publisher":"https:\/\/www.facebook.com\/yasminmarkt1","article_modified_time":"2025-07-30T22:58:19+00:00","og_image":[{"width":1080,"height":1080,"url":"https:\/\/yasminfood.ch\/wp-content\/uploads\/2023\/03\/\u0645\u0631\u0628\u0649-\u062a\u064a\u0646-\u0645\u0639-\u0627\u0644\u062c\u0648\u0632-\u0644\u0627\u0631\u0627-800\u063a.png","type":"image\/png"}],"twitter_card":"summary_large_image","twitter_misc":{"Preis":"7.95&nbsp;&#67;&#72;&#70;","Verf\u00fcgbarkeit":"ausverkauft"},"schema":{"@context":"https:\/\/schema.org","@graph":[{"@type":"WebPage","@id":"https:\/\/yasminfood.ch\/de\/product\/marmelade-mit-walnuss-lara-775g\/","url":"https:\/\/yasminfood.ch\/de\/product\/marmelade-mit-walnuss-lara-775g\/","name":"Feigenmarmelade mit Waln\u00fcssen 775g - Yasmin Food","isPartOf":{"@id":"https:\/\/yasminfood.ch\/de\/#website"},"primaryImageOfPage":{"@id":"https:\/\/yasminfood.ch\/de\/product\/marmelade-mit-walnuss-lara-775g\/#primaryimage"},"image":{"@id":"https:\/\/yasminfood.ch\/de\/product\/marmelade-mit-walnuss-lara-775g\/#primaryimage"},"thumbnailUrl":"https:\/\/yasminfood.ch\/wp-content\/uploads\/2023\/03\/\u0645\u0631\u0628\u0649-\u062a\u064a\u0646-\u0645\u0639-\u0627\u0644\u062c\u0648\u0632-\u0644\u0627\u0631\u0627-800\u063a.png","datePublished":"2023-03-17T08:29:59+00:00","dateModified":"2025-07-30T22:58:19+00:00","description":"Genie\u00dfen Sie den einzigartigen Geschmack von Feigenmarmelade mit Waln\u00fcssen 775 g, perfekt zum Fr\u00fchst\u00fcck und zu Desserts mit nat\u00fcrlichen Aromen. Probieren Sie es jetzt aus und machen Sie jeden Bissen unvergesslich! Yasmin Food","breadcrumb":{"@id":"https:\/\/yasminfood.ch\/de\/product\/marmelade-mit-walnuss-lara-775g\/#breadcrumb"},"inLanguage":"de","potentialAction":[{"@type":"ReadAction","target":["https:\/\/yasminfood.ch\/de\/product\/marmelade-mit-walnuss-lara-775g\/"]}]},{"@type":"ImageObject","inLanguage":"de","@id":"https:\/\/yasminfood.ch\/de\/product\/marmelade-mit-walnuss-lara-775g\/#primaryimage","url":"https:\/\/yasminfood.ch\/wp-content\/uploads\/2023\/03\/\u0645\u0631\u0628\u0649-\u062a\u064a\u0646-\u0645\u0639-\u0627\u0644\u062c\u0648\u0632-\u0644\u0627\u0631\u0627-800\u063a.png","contentUrl":"https:\/\/yasminfood.ch\/wp-content\/uploads\/2023\/03\/\u0645\u0631\u0628\u0649-\u062a\u064a\u0646-\u0645\u0639-\u0627\u0644\u062c\u0648\u0632-\u0644\u0627\u0631\u0627-800\u063a.png","width":1080,"height":1080},{"@type":"BreadcrumbList","@id":"https:\/\/yasminfood.ch\/de\/product\/marmelade-mit-walnuss-lara-775g\/#breadcrumb","itemListElement":[{"@type":"ListItem","position":1,"name":"\u0627\u0644\u0631\u0626\u064a\u0633\u064a\u0629","item":"https:\/\/yasminfood.ch\/de\/zuhause\/"},{"@type":"ListItem","position":2,"name":"Shop","item":"https:\/\/yasminfood.ch\/de\/shop\/"},{"@type":"ListItem","position":3,"name":"Konserven - Lebensmittel","item":"https:\/\/yasminfood.ch\/de\/produkt-kategorie\/konserven-lebensmittel\/"},{"@type":"ListItem","position":4,"name":"Marmelade und Honig","item":"https:\/\/yasminfood.ch\/de\/produkt-kategorie\/konserven-lebensmittel\/marmelade-und-honig\/"},{"@type":"ListItem","position":5,"name":"Feigenmarmelade mit Waln\u00fcssen 775g"}]},{"@type":"WebSite","@id":"https:\/\/yasminfood.ch\/de\/#website","url":"https:\/\/yasminfood.ch\/de\/","name":"\u064a\u0627\u0633\u0645\u064a\u0646 \u0645\u0627\u0631\u0643\u062a","description":"Alles, was Sie brauchen, an einem Ort","publisher":{"@id":"https:\/\/yasminfood.ch\/de\/#organization"},"alternateName":"Yasmin Food","potentialAction":[{"@type":"SearchAction","target":{"@type":"EntryPoint","urlTemplate":"https:\/\/yasminfood.ch\/de\/?s={search_term_string}"},"query-input":{"@type":"PropertyValueSpecification","valueRequired":true,"valueName":"search_term_string"}}],"inLanguage":"de"},{"@type":"Organization","@id":"https:\/\/yasminfood.ch\/de\/#organization","name":"\u064a\u0627\u0633\u0645\u064a\u0646 \u0645\u0627\u0631\u0643\u062a","alternateName":"Yasmin Food","url":"https:\/\/yasminfood.ch\/de\/","logo":{"@type":"ImageObject","inLanguage":"de","@id":"https:\/\/yasminfood.ch\/de\/#\/schema\/logo\/image\/","url":"https:\/\/yasminfood.ch\/wp-content\/uploads\/2025\/05\/yasmin-food-header-logo.png","contentUrl":"https:\/\/yasminfood.ch\/wp-content\/uploads\/2025\/05\/yasmin-food-header-logo.png","width":330,"height":120,"caption":"\u064a\u0627\u0633\u0645\u064a\u0646 \u0645\u0627\u0631\u0643\u062a"},"image":{"@id":"https:\/\/yasminfood.ch\/de\/#\/schema\/logo\/image\/"},"sameAs":["https:\/\/www.facebook.com\/yasminmarkt1","https:\/\/www.tiktok.com\/@yasminmarkt","https:\/\/www.instagram.com\/yasmin.markt1\/","https:\/\/api.whatsapp.com\/send\/?phone=41799000104"],"publishingPrinciples":"https:\/\/yasminfood.ch\/de\/shop\/","ownershipFundingInfo":"https:\/\/yasminfood.ch\/de\/shop\/"}]},"product_price_amount":"7.95","product_price_currency":"CHF","og_availability":"out of stock","product_availability":"out of stock","product_condition":"new"},"jetpack_sharing_enabled":true,"_links":{"self":[{"href":"https:\/\/yasminfood.ch\/de\/wp-json\/wp\/v2\/product\/84478","targetHints":{"allow":["GET"]}}],"collection":[{"href":"https:\/\/yasminfood.ch\/de\/wp-json\/wp\/v2\/product"}],"about":[{"href":"https:\/\/yasminfood.ch\/de\/wp-json\/wp\/v2\/types\/product"}],"replies":[{"embeddable":true,"href":"https:\/\/yasminfood.ch\/de\/wp-json\/wp\/v2\/comments?post=84478"}],"version-history":[{"count":2,"href":"https:\/\/yasminfood.ch\/de\/wp-json\/wp\/v2\/product\/84478\/revisions"}],"predecessor-version":[{"id":118619,"href":"https:\/\/yasminfood.ch\/de\/wp-json\/wp\/v2\/product\/84478\/revisions\/118619"}],"wp:featuredmedia":[{"embeddable":true,"href":"https:\/\/yasminfood.ch\/de\/wp-json\/wp\/v2\/media\/110329"}],"wp:attachment":[{"href":"https:\/\/yasminfood.ch\/de\/wp-json\/wp\/v2\/media?parent=84478"}],"wp:term":[{"taxonomy":"product_brand","embeddable":true,"href":"https:\/\/yasminfood.ch\/de\/wp-json\/wp\/v2\/product_brand?post=84478"},{"taxonomy":"product_cat","embeddable":true,"href":"https:\/\/yasminfood.ch\/de\/wp-json\/wp\/v2\/product_cat?post=84478"},{"taxonomy":"product_tag","embeddable":true,"href":"https:\/\/yasminfood.ch\/de\/wp-json\/wp\/v2\/product_tag?post=84478"}],"curies":[{"name":"wp","href":"https:\/\/api.w.org\/{rel}","templated":true}]}}