{"id":9141,"date":"2020-12-16T22:24:03","date_gmt":"2020-12-16T21:24:03","guid":{"rendered":"https:\/\/yasminfood.ch\/product\/nestle-local-milk-center\/"},"modified":"2025-09-15T16:25:20","modified_gmt":"2025-09-15T14:25:20","slug":"milk-center-local-nestle","status":"publish","type":"product","link":"https:\/\/yasminfood.ch\/de\/product\/milk-center-local-nestle\/","title":{"rendered":"Nestl\u00e9 Kondensmilch mit S\u00fc\u00dfe 397 gr"},"content":{"rendered":"<p><strong>Nestl\u00e9 Kondensmilch mit S\u00fc\u00dfe 397 gr<\/strong><\/p>\n<ul>\n<li>\n<p data-start=\"282\" data-end=\"522\">Genie\u00dfen Sie den urspr\u00fcnglichen Geschmack ist die erste Wahl f\u00fcr Liebhaber von S\u00fc\u00dfigkeiten und Backwaren.<\/p>\n<\/li>\n<li>\n<p data-start=\"282\" data-end=\"522\">Es hat eine dichte Textur und einen reichhaltigen Geschmack, der jedem Rezept eine unverwechselbare Note verleiht.<\/p>\n<\/li>\n<li>\n<p data-start=\"282\" data-end=\"522\">Perfekt f\u00fcr die Zubereitung von Kuchen, Basbousa, Karamell, Spezialkaffees und sogar kalten Dessertgerichten. <\/p>\n<p data-start=\"524\" data-end=\"679\">Ein hochwertiges Produkt <strong data-start=\"550\" data-end=\"559\">der Marke Nestl\u00e9<\/strong> ,<\/p>\n<\/li>\n<li>\n<p data-start=\"524\" data-end=\"679\">Bekannt f\u00fcr seine hervorragenden Zutaten und das Vertrauen von Hausfrauen und K\u00f6chen auf der ganzen Welt. Die 397g Packung reicht f\u00fcr mehrere Rezepte und ist leicht zu konservieren.<\/p>\n<p data-start=\"681\" data-end=\"758\">\u2728 Machen Sie Ihre Rezepte schmackhafter und einfacher mit Nestl\u00e9 gezuckerter Kondensmilch \u2013 dem unwiderstehlichen Geschmack.<\/p>\n<\/li>\n<\/ul>\n","protected":false},"excerpt":{"rendered":"<p><strong>Nestl\u00e9 Kondensmilch mit S\u00fc\u00dfe 397 gr<\/strong><\/p>\n<ul>\n<li>\n<p data-start=\"282\" data-end=\"522\">Genie\u00dfen Sie den urspr\u00fcnglichen Geschmack ist die erste Wahl f\u00fcr Liebhaber von S\u00fc\u00dfigkeiten und Backwaren.<\/p>\n<\/li>\n<li>\n<p data-start=\"282\" data-end=\"522\">Es hat eine dichte Textur und einen reichhaltigen Geschmack, der jedem Rezept eine unverwechselbare Note verleiht.<\/p>\n<\/li>\n<\/ul>\n","protected":false},"featured_media":109754,"comment_status":"open","ping_status":"closed","template":"","meta":[],"product_brand":[],"product_cat":[295,315],"product_tag":[977],"class_list":{"0":"post-9141","1":"product","2":"type-product","3":"status-publish","4":"has-post-thumbnail","6":"product_cat-milchprodukte-und-eier","7":"product_cat-sahne","8":"product_tag------de","10":"first","11":"instock","12":"taxable","13":"shipping-taxable","14":"purchasable","15":"product-type-simple"},"yoast_head":"<!-- This site is optimized with the Yoast SEO Premium plugin v26.5 (Yoast SEO v27.3) - https:\/\/yoast.com\/product\/yoast-seo-premium-wordpress\/ -->\n<title>Nestl\u00e9 Kondensmilch mit S\u00fc\u00dfe 397 gr - Yasmin Food<\/title>\n<meta name=\"description\" content=\"Genie\u00dfen Sie den Geschmack von Nestl\u00e9 397 g ges\u00fc\u00dfter Kondensmilch, die perfekte Wahl f\u00fcr Dessert- und Backwarenliebhaber. Probieren Sie es jetzt aus und Sie haben garantiert Signature-Gerichte! Nestl\u00e9 Kondensmilch mit S\u00fc\u00dfe 397 gr\" \/>\n<meta name=\"robots\" content=\"index, follow, max-snippet:-1, max-image-preview:large, max-video-preview:-1\" \/>\n<link rel=\"canonical\" href=\"https:\/\/yasminfood.ch\/de\/product\/milk-center-local-nestle\/\" \/>\n<meta property=\"og:locale\" content=\"de_DE\" \/>\n<meta property=\"og:type\" content=\"article\" \/>\n<meta property=\"og:title\" content=\"Nestl\u00e9 Kondensmilch mit S\u00fc\u00dfe 397 gr\" \/>\n<meta property=\"og:description\" content=\"Nestl\u00e9 Kondensmilch mit S\u00fc\u00dfe 397 gr   Genie\u00dfen Sie den urspr\u00fcnglichen Geschmack ist die erste Wahl f\u00fcr Liebhaber von S\u00fc\u00dfigkeiten und Backwaren.   Es hat eine dichte Textur und einen reichhaltigen Geschmack, der jedem Rezept eine unverwechselbare Note verleiht.\" \/>\n<meta property=\"og:url\" content=\"https:\/\/yasminfood.ch\/de\/product\/milk-center-local-nestle\/\" \/>\n<meta property=\"og:site_name\" content=\"Yasmin Food\" \/>\n<meta property=\"article:publisher\" content=\"https:\/\/www.facebook.com\/yasminmarkt1\" \/>\n<meta property=\"article:modified_time\" content=\"2025-09-15T14:25:20+00:00\" \/>\n<meta property=\"og:image\" content=\"https:\/\/yasminfood.ch\/wp-content\/uploads\/2020\/12\/\u062d\u0644\u064a\u0628-\u0645\u0643\u062b\u0641-\u0645\u062d\u0644\u0649-\u0646\u0633\u062a\u0644\u0647-397-gr.png\" \/>\n\t<meta property=\"og:image:width\" content=\"1080\" \/>\n\t<meta property=\"og:image:height\" content=\"1080\" \/>\n\t<meta property=\"og:image:type\" content=\"image\/png\" \/>\n<meta name=\"twitter:card\" content=\"summary_large_image\" \/>\n<meta name=\"twitter:label1\" content=\"Preis\" \/>\n\t<meta name=\"twitter:data1\" content=\"5.95&nbsp;&#067;&#072;&#070;\" \/>\n\t<meta name=\"twitter:label2\" content=\"Verf\u00fcgbarkeit\" \/>\n\t<meta name=\"twitter:data2\" content=\"Auf Lager\" \/>\n<script type=\"application\/ld+json\" class=\"yoast-schema-graph\">{\"@context\":\"https:\\\/\\\/schema.org\",\"@graph\":[{\"@type\":\"WebPage\",\"@id\":\"https:\\\/\\\/yasminfood.ch\\\/de\\\/product\\\/milk-center-local-nestle\\\/\",\"url\":\"https:\\\/\\\/yasminfood.ch\\\/de\\\/product\\\/milk-center-local-nestle\\\/\",\"name\":\"Nestl\u00e9 Kondensmilch mit S\u00fc\u00dfe 397 gr - Yasmin Food\",\"isPartOf\":{\"@id\":\"https:\\\/\\\/yasminfood.ch\\\/de\\\/#website\"},\"primaryImageOfPage\":{\"@id\":\"https:\\\/\\\/yasminfood.ch\\\/de\\\/product\\\/milk-center-local-nestle\\\/#primaryimage\"},\"image\":{\"@id\":\"https:\\\/\\\/yasminfood.ch\\\/de\\\/product\\\/milk-center-local-nestle\\\/#primaryimage\"},\"thumbnailUrl\":\"https:\\\/\\\/yasminfood.ch\\\/wp-content\\\/uploads\\\/2020\\\/12\\\/\u062d\u0644\u064a\u0628-\u0645\u0643\u062b\u0641-\u0645\u062d\u0644\u0649-\u0646\u0633\u062a\u0644\u0647-397-gr.png\",\"datePublished\":\"2020-12-16T21:24:03+00:00\",\"dateModified\":\"2025-09-15T14:25:20+00:00\",\"description\":\"Genie\u00dfen Sie den Geschmack von Nestl\u00e9 397 g ges\u00fc\u00dfter Kondensmilch, die perfekte Wahl f\u00fcr Dessert- und Backwarenliebhaber. Probieren Sie es jetzt aus und Sie haben garantiert Signature-Gerichte! Nestl\u00e9 Kondensmilch mit S\u00fc\u00dfe 397 gr\",\"breadcrumb\":{\"@id\":\"https:\\\/\\\/yasminfood.ch\\\/de\\\/product\\\/milk-center-local-nestle\\\/#breadcrumb\"},\"inLanguage\":\"de\",\"potentialAction\":[{\"@type\":\"ReadAction\",\"target\":[\"https:\\\/\\\/yasminfood.ch\\\/de\\\/product\\\/milk-center-local-nestle\\\/\"]}]},{\"@type\":\"ImageObject\",\"inLanguage\":\"de\",\"@id\":\"https:\\\/\\\/yasminfood.ch\\\/de\\\/product\\\/milk-center-local-nestle\\\/#primaryimage\",\"url\":\"https:\\\/\\\/yasminfood.ch\\\/wp-content\\\/uploads\\\/2020\\\/12\\\/\u062d\u0644\u064a\u0628-\u0645\u0643\u062b\u0641-\u0645\u062d\u0644\u0649-\u0646\u0633\u062a\u0644\u0647-397-gr.png\",\"contentUrl\":\"https:\\\/\\\/yasminfood.ch\\\/wp-content\\\/uploads\\\/2020\\\/12\\\/\u062d\u0644\u064a\u0628-\u0645\u0643\u062b\u0641-\u0645\u062d\u0644\u0649-\u0646\u0633\u062a\u0644\u0647-397-gr.png\",\"width\":1080,\"height\":1080,\"caption\":\"Nestl\u00e9 Kondensmilch mit S\u00fc\u00dfe 397 gr\"},{\"@type\":\"BreadcrumbList\",\"@id\":\"https:\\\/\\\/yasminfood.ch\\\/de\\\/product\\\/milk-center-local-nestle\\\/#breadcrumb\",\"itemListElement\":[{\"@type\":\"ListItem\",\"position\":1,\"name\":\"\u0627\u0644\u0631\u0626\u064a\u0633\u064a\u0629\",\"item\":\"https:\\\/\\\/yasminfood.ch\\\/de\\\/zuhause\\\/\"},{\"@type\":\"ListItem\",\"position\":2,\"name\":\"Shop\",\"item\":\"https:\\\/\\\/yasminfood.ch\\\/de\\\/shop\\\/\"},{\"@type\":\"ListItem\",\"position\":3,\"name\":\"Dessert &amp; Chips\",\"item\":\"https:\\\/\\\/yasminfood.ch\\\/de\\\/produkt-kategorie\\\/dessert-chips-2\\\/\"},{\"@type\":\"ListItem\",\"position\":4,\"name\":\"Sahne\",\"item\":\"https:\\\/\\\/yasminfood.ch\\\/de\\\/produkt-kategorie\\\/dessert-chips-2\\\/sahne\\\/\"},{\"@type\":\"ListItem\",\"position\":5,\"name\":\"Nestl\u00e9 Kondensmilch mit S\u00fc\u00dfe 397 gr\"}]},{\"@type\":\"WebSite\",\"@id\":\"https:\\\/\\\/yasminfood.ch\\\/de\\\/#website\",\"url\":\"https:\\\/\\\/yasminfood.ch\\\/de\\\/\",\"name\":\"\u064a\u0627\u0633\u0645\u064a\u0646 \u0645\u0627\u0631\u0643\u062a\",\"description\":\"Alles, was Sie brauchen, an einem Ort\",\"publisher\":{\"@id\":\"https:\\\/\\\/yasminfood.ch\\\/de\\\/#organization\"},\"alternateName\":\"Yasmin Food\",\"potentialAction\":[{\"@type\":\"SearchAction\",\"target\":{\"@type\":\"EntryPoint\",\"urlTemplate\":\"https:\\\/\\\/yasminfood.ch\\\/de\\\/?s={search_term_string}\"},\"query-input\":{\"@type\":\"PropertyValueSpecification\",\"valueRequired\":true,\"valueName\":\"search_term_string\"}}],\"inLanguage\":\"de\"},{\"@type\":\"Organization\",\"@id\":\"https:\\\/\\\/yasminfood.ch\\\/de\\\/#organization\",\"name\":\"\u064a\u0627\u0633\u0645\u064a\u0646 \u0645\u0627\u0631\u0643\u062a\",\"alternateName\":\"Yasmin Food\",\"url\":\"https:\\\/\\\/yasminfood.ch\\\/de\\\/\",\"logo\":{\"@type\":\"ImageObject\",\"inLanguage\":\"de\",\"@id\":\"https:\\\/\\\/yasminfood.ch\\\/de\\\/#\\\/schema\\\/logo\\\/image\\\/\",\"url\":\"https:\\\/\\\/yasminfood.ch\\\/wp-content\\\/uploads\\\/2025\\\/05\\\/yasmin-food-header-logo.png\",\"contentUrl\":\"https:\\\/\\\/yasminfood.ch\\\/wp-content\\\/uploads\\\/2025\\\/05\\\/yasmin-food-header-logo.png\",\"width\":330,\"height\":120,\"caption\":\"\u064a\u0627\u0633\u0645\u064a\u0646 \u0645\u0627\u0631\u0643\u062a\"},\"image\":{\"@id\":\"https:\\\/\\\/yasminfood.ch\\\/de\\\/#\\\/schema\\\/logo\\\/image\\\/\"},\"sameAs\":[\"https:\\\/\\\/www.facebook.com\\\/yasminmarkt1\",\"https:\\\/\\\/www.tiktok.com\\\/@yasminmarkt\",\"https:\\\/\\\/www.instagram.com\\\/yasmin.markt1\\\/\",\"https:\\\/\\\/api.whatsapp.com\\\/send\\\/?phone=41799000104\"],\"publishingPrinciples\":\"https:\\\/\\\/yasminfood.ch\\\/de\\\/shop\\\/\",\"ownershipFundingInfo\":\"https:\\\/\\\/yasminfood.ch\\\/de\\\/shop\\\/\"}]}<\/script>\n<meta property=\"product:price:amount\" content=\"5.95\" \/>\n<meta property=\"product:price:currency\" content=\"CHF\" \/>\n<meta property=\"og:availability\" content=\"instock\" \/>\n<meta property=\"product:availability\" content=\"instock\" \/>\n<meta property=\"product:condition\" content=\"new\" \/>\n<!-- \/ Yoast SEO Premium plugin. -->","yoast_head_json":{"title":"Nestl\u00e9 Kondensmilch mit S\u00fc\u00dfe 397 gr - Yasmin Food","description":"Genie\u00dfen Sie den Geschmack von Nestl\u00e9 397 g ges\u00fc\u00dfter Kondensmilch, die perfekte Wahl f\u00fcr Dessert- und Backwarenliebhaber. Probieren Sie es jetzt aus und Sie haben garantiert Signature-Gerichte! Nestl\u00e9 Kondensmilch mit S\u00fc\u00dfe 397 gr","robots":{"index":"index","follow":"follow","max-snippet":"max-snippet:-1","max-image-preview":"max-image-preview:large","max-video-preview":"max-video-preview:-1"},"canonical":"https:\/\/yasminfood.ch\/de\/product\/milk-center-local-nestle\/","og_locale":"de_DE","og_type":"article","og_title":"Nestl\u00e9 Kondensmilch mit S\u00fc\u00dfe 397 gr","og_description":"Nestl\u00e9 Kondensmilch mit S\u00fc\u00dfe 397 gr   Genie\u00dfen Sie den urspr\u00fcnglichen Geschmack ist die erste Wahl f\u00fcr Liebhaber von S\u00fc\u00dfigkeiten und Backwaren.   Es hat eine dichte Textur und einen reichhaltigen Geschmack, der jedem Rezept eine unverwechselbare Note verleiht.","og_url":"https:\/\/yasminfood.ch\/de\/product\/milk-center-local-nestle\/","og_site_name":"Yasmin Food","article_publisher":"https:\/\/www.facebook.com\/yasminmarkt1","article_modified_time":"2025-09-15T14:25:20+00:00","og_image":[{"width":1080,"height":1080,"url":"https:\/\/yasminfood.ch\/wp-content\/uploads\/2020\/12\/\u062d\u0644\u064a\u0628-\u0645\u0643\u062b\u0641-\u0645\u062d\u0644\u0649-\u0646\u0633\u062a\u0644\u0647-397-gr.png","type":"image\/png"}],"twitter_card":"summary_large_image","twitter_misc":{"Preis":"5.95&nbsp;&#67;&#72;&#70;","Verf\u00fcgbarkeit":"Auf Lager"},"schema":{"@context":"https:\/\/schema.org","@graph":[{"@type":"WebPage","@id":"https:\/\/yasminfood.ch\/de\/product\/milk-center-local-nestle\/","url":"https:\/\/yasminfood.ch\/de\/product\/milk-center-local-nestle\/","name":"Nestl\u00e9 Kondensmilch mit S\u00fc\u00dfe 397 gr - Yasmin Food","isPartOf":{"@id":"https:\/\/yasminfood.ch\/de\/#website"},"primaryImageOfPage":{"@id":"https:\/\/yasminfood.ch\/de\/product\/milk-center-local-nestle\/#primaryimage"},"image":{"@id":"https:\/\/yasminfood.ch\/de\/product\/milk-center-local-nestle\/#primaryimage"},"thumbnailUrl":"https:\/\/yasminfood.ch\/wp-content\/uploads\/2020\/12\/\u062d\u0644\u064a\u0628-\u0645\u0643\u062b\u0641-\u0645\u062d\u0644\u0649-\u0646\u0633\u062a\u0644\u0647-397-gr.png","datePublished":"2020-12-16T21:24:03+00:00","dateModified":"2025-09-15T14:25:20+00:00","description":"Genie\u00dfen Sie den Geschmack von Nestl\u00e9 397 g ges\u00fc\u00dfter Kondensmilch, die perfekte Wahl f\u00fcr Dessert- und Backwarenliebhaber. Probieren Sie es jetzt aus und Sie haben garantiert Signature-Gerichte! Nestl\u00e9 Kondensmilch mit S\u00fc\u00dfe 397 gr","breadcrumb":{"@id":"https:\/\/yasminfood.ch\/de\/product\/milk-center-local-nestle\/#breadcrumb"},"inLanguage":"de","potentialAction":[{"@type":"ReadAction","target":["https:\/\/yasminfood.ch\/de\/product\/milk-center-local-nestle\/"]}]},{"@type":"ImageObject","inLanguage":"de","@id":"https:\/\/yasminfood.ch\/de\/product\/milk-center-local-nestle\/#primaryimage","url":"https:\/\/yasminfood.ch\/wp-content\/uploads\/2020\/12\/\u062d\u0644\u064a\u0628-\u0645\u0643\u062b\u0641-\u0645\u062d\u0644\u0649-\u0646\u0633\u062a\u0644\u0647-397-gr.png","contentUrl":"https:\/\/yasminfood.ch\/wp-content\/uploads\/2020\/12\/\u062d\u0644\u064a\u0628-\u0645\u0643\u062b\u0641-\u0645\u062d\u0644\u0649-\u0646\u0633\u062a\u0644\u0647-397-gr.png","width":1080,"height":1080,"caption":"Nestl\u00e9 Kondensmilch mit S\u00fc\u00dfe 397 gr"},{"@type":"BreadcrumbList","@id":"https:\/\/yasminfood.ch\/de\/product\/milk-center-local-nestle\/#breadcrumb","itemListElement":[{"@type":"ListItem","position":1,"name":"\u0627\u0644\u0631\u0626\u064a\u0633\u064a\u0629","item":"https:\/\/yasminfood.ch\/de\/zuhause\/"},{"@type":"ListItem","position":2,"name":"Shop","item":"https:\/\/yasminfood.ch\/de\/shop\/"},{"@type":"ListItem","position":3,"name":"Dessert &amp; Chips","item":"https:\/\/yasminfood.ch\/de\/produkt-kategorie\/dessert-chips-2\/"},{"@type":"ListItem","position":4,"name":"Sahne","item":"https:\/\/yasminfood.ch\/de\/produkt-kategorie\/dessert-chips-2\/sahne\/"},{"@type":"ListItem","position":5,"name":"Nestl\u00e9 Kondensmilch mit S\u00fc\u00dfe 397 gr"}]},{"@type":"WebSite","@id":"https:\/\/yasminfood.ch\/de\/#website","url":"https:\/\/yasminfood.ch\/de\/","name":"\u064a\u0627\u0633\u0645\u064a\u0646 \u0645\u0627\u0631\u0643\u062a","description":"Alles, was Sie brauchen, an einem Ort","publisher":{"@id":"https:\/\/yasminfood.ch\/de\/#organization"},"alternateName":"Yasmin Food","potentialAction":[{"@type":"SearchAction","target":{"@type":"EntryPoint","urlTemplate":"https:\/\/yasminfood.ch\/de\/?s={search_term_string}"},"query-input":{"@type":"PropertyValueSpecification","valueRequired":true,"valueName":"search_term_string"}}],"inLanguage":"de"},{"@type":"Organization","@id":"https:\/\/yasminfood.ch\/de\/#organization","name":"\u064a\u0627\u0633\u0645\u064a\u0646 \u0645\u0627\u0631\u0643\u062a","alternateName":"Yasmin Food","url":"https:\/\/yasminfood.ch\/de\/","logo":{"@type":"ImageObject","inLanguage":"de","@id":"https:\/\/yasminfood.ch\/de\/#\/schema\/logo\/image\/","url":"https:\/\/yasminfood.ch\/wp-content\/uploads\/2025\/05\/yasmin-food-header-logo.png","contentUrl":"https:\/\/yasminfood.ch\/wp-content\/uploads\/2025\/05\/yasmin-food-header-logo.png","width":330,"height":120,"caption":"\u064a\u0627\u0633\u0645\u064a\u0646 \u0645\u0627\u0631\u0643\u062a"},"image":{"@id":"https:\/\/yasminfood.ch\/de\/#\/schema\/logo\/image\/"},"sameAs":["https:\/\/www.facebook.com\/yasminmarkt1","https:\/\/www.tiktok.com\/@yasminmarkt","https:\/\/www.instagram.com\/yasmin.markt1\/","https:\/\/api.whatsapp.com\/send\/?phone=41799000104"],"publishingPrinciples":"https:\/\/yasminfood.ch\/de\/shop\/","ownershipFundingInfo":"https:\/\/yasminfood.ch\/de\/shop\/"}]},"product_price_amount":"5.95","product_price_currency":"CHF","og_availability":"instock","product_availability":"instock","product_condition":"new"},"jetpack_sharing_enabled":true,"_links":{"self":[{"href":"https:\/\/yasminfood.ch\/de\/wp-json\/wp\/v2\/product\/9141","targetHints":{"allow":["GET"]}}],"collection":[{"href":"https:\/\/yasminfood.ch\/de\/wp-json\/wp\/v2\/product"}],"about":[{"href":"https:\/\/yasminfood.ch\/de\/wp-json\/wp\/v2\/types\/product"}],"replies":[{"embeddable":true,"href":"https:\/\/yasminfood.ch\/de\/wp-json\/wp\/v2\/comments?post=9141"}],"version-history":[{"count":1,"href":"https:\/\/yasminfood.ch\/de\/wp-json\/wp\/v2\/product\/9141\/revisions"}],"predecessor-version":[{"id":119471,"href":"https:\/\/yasminfood.ch\/de\/wp-json\/wp\/v2\/product\/9141\/revisions\/119471"}],"wp:featuredmedia":[{"embeddable":true,"href":"https:\/\/yasminfood.ch\/de\/wp-json\/wp\/v2\/media\/109754"}],"wp:attachment":[{"href":"https:\/\/yasminfood.ch\/de\/wp-json\/wp\/v2\/media?parent=9141"}],"wp:term":[{"taxonomy":"product_brand","embeddable":true,"href":"https:\/\/yasminfood.ch\/de\/wp-json\/wp\/v2\/product_brand?post=9141"},{"taxonomy":"product_cat","embeddable":true,"href":"https:\/\/yasminfood.ch\/de\/wp-json\/wp\/v2\/product_cat?post=9141"},{"taxonomy":"product_tag","embeddable":true,"href":"https:\/\/yasminfood.ch\/de\/wp-json\/wp\/v2\/product_tag?post=9141"}],"curies":[{"name":"wp","href":"https:\/\/api.w.org\/{rel}","templated":true}]}}