{"id":9152,"date":"2020-12-16T22:43:31","date_gmt":"2020-12-16T21:43:31","guid":{"rendered":"https:\/\/yasminfood.ch\/product\/tier-ghanna-khanom-1-kg\/"},"modified":"2025-10-07T00:42:28","modified_gmt":"2025-10-06T22:42:28","slug":"ghena-khanom-animal-1-kg","status":"publish","type":"product","link":"https:\/\/yasminfood.ch\/de\/product\/ghena-khanom-animal-1-kg\/","title":{"rendered":"Tier Ghanna Khanom -1 kg"},"content":{"rendered":"<p data-start=\"120\" data-end=\"153\"><strong>\ud83e\uddc8 Tierisches Ghee \u2013 1 kg<\/strong><\/p>\n<ul>\n<li data-start=\"154\" data-end=\"299\">Genie\u00dfen Sie den authentischen Geschmack mit <em data-start=\"179\" data-end=\"200\">Khanom Animal Ghee<\/em>. Diese Margarine hat einen reichen Geschmack und ein k\u00f6stliches Aroma, das Ihren Gerichten einen luxuri\u00f6sen Geschmack und eine unverwechselbare traditionelle Note verleiht.<\/li>\n<li data-start=\"154\" data-end=\"299\">Verwenden Sie es in der Reiszubereitung, in der orientalischen K\u00fcche, in Desserts oder um Backwaren einen besonderen Geschmack zu verleihen. Diese Butter verleiht Ihnen eine hohe Qualit\u00e4t, die jedem Rezept den Unterschied ausmacht.   <\/li>\n<li data-start=\"154\" data-end=\"299\">Das Produkt wird in einer praktischen 1-kg-Packung geliefert, die die Frische und den authentischen Geschmack bewahrt.<\/li>\n<\/ul>\n<p data-start=\"511\" data-end=\"596\">\u2705 Reicher Geschmack und k\u00f6stliches Aroma<br data-start=\"532\" data-end=\"535\">\u2705 Ideal f\u00fcr orientalische Gerichte und Desserts<br data-start=\"569\" data-end=\"572\">\u2705 Praktische 1 kg Packung<\/p>\n","protected":false},"excerpt":{"rendered":"<p data-start=\"120\" data-end=\"153\"><strong>\ud83e\uddc8 Tierisches Ghee \u2013 1 kg<\/strong><\/p>\n<ul>\n<li data-start=\"154\" data-end=\"299\">Genie\u00dfen Sie den authentischen Geschmack mit <em data-start=\"179\" data-end=\"200\">Khanom Animal Ghee<\/em>. Diese Margarine hat einen reichen Geschmack und ein k\u00f6stliches Aroma, das Ihren Gerichten einen luxuri\u00f6sen Geschmack und eine unverwechselbare traditionelle Note verleiht.<\/li>\n<\/ul>\n","protected":false},"featured_media":110409,"comment_status":"open","ping_status":"closed","template":"","meta":[],"product_brand":[2330],"product_cat":[348,347],"product_tag":[983],"class_list":{"0":"post-9152","1":"product","2":"type-product","3":"status-publish","4":"has-post-thumbnail","6":"product_brand-khanom-de","7":"product_cat-ghee-butter","8":"product_cat-oele-margarine","9":"product_tag------de","11":"first","12":"outofstock","13":"taxable","14":"shipping-taxable","15":"purchasable","16":"product-type-simple"},"yoast_head":"<!-- This site is optimized with the Yoast SEO Premium plugin v26.5 (Yoast SEO v27.4) - https:\/\/yoast.com\/product\/yoast-seo-premium-wordpress\/ -->\n<title>Tier Ghanna Khanom -1 kg - Yasmin Food<\/title>\n<meta name=\"description\" content=\"Genie\u00dfen Sie den Geschmack von Animal Khanom Ghee - 1 kg mit dem luxuri\u00f6sen Geschmack Ihrer Gerichte! Verleihen Sie Ihren Rezepten jetzt eine traditionelle Note! \ud83e\uddc8 Yasmin Food Tier Ghanna Khanom -1 kg\" \/>\n<meta name=\"robots\" content=\"index, follow, max-snippet:-1, max-image-preview:large, max-video-preview:-1\" \/>\n<link rel=\"canonical\" href=\"https:\/\/yasminfood.ch\/de\/product\/ghena-khanom-animal-1-kg\/\" \/>\n<meta property=\"og:locale\" content=\"de_DE\" \/>\n<meta property=\"og:type\" content=\"article\" \/>\n<meta property=\"og:title\" content=\"Tier Ghanna Khanom -1 kg\" \/>\n<meta property=\"og:description\" content=\"\ud83e\uddc8 Tierisches Ghee \u2013 1 kg   Genie\u00dfen Sie den authentischen Geschmack mit Khanom Animal Ghee. Diese Margarine hat einen reichen Geschmack und ein k\u00f6stliches Aroma, das Ihren Gerichten einen luxuri\u00f6sen Geschmack und eine unverwechselbare traditionelle Note verleiht.\" \/>\n<meta property=\"og:url\" content=\"https:\/\/yasminfood.ch\/de\/product\/ghena-khanom-animal-1-kg\/\" \/>\n<meta property=\"og:site_name\" content=\"Yasmin Food\" \/>\n<meta property=\"article:publisher\" content=\"https:\/\/www.facebook.com\/yasminmarkt1\" \/>\n<meta property=\"article:modified_time\" content=\"2025-10-06T22:42:28+00:00\" \/>\n<meta property=\"og:image\" content=\"https:\/\/yasminfood.ch\/wp-content\/uploads\/2021\/01\/\u0633\u0645\u0646\u0629-\u062e\u0627\u0646\u0648\u0645-\u062d\u064a\u0648\u0627\u0646\u064a-1-\u0643\u063a.png\" \/>\n\t<meta property=\"og:image:width\" content=\"1080\" \/>\n\t<meta property=\"og:image:height\" content=\"1080\" \/>\n\t<meta property=\"og:image:type\" content=\"image\/png\" \/>\n<meta name=\"twitter:card\" content=\"summary_large_image\" \/>\n<meta name=\"twitter:label1\" content=\"Preis\" \/>\n\t<meta name=\"twitter:data1\" content=\"22.00&nbsp;&#067;&#072;&#070;\" \/>\n\t<meta name=\"twitter:label2\" content=\"Verf\u00fcgbarkeit\" \/>\n\t<meta name=\"twitter:data2\" content=\"ausverkauft\" \/>\n<script type=\"application\/ld+json\" class=\"yoast-schema-graph\">{\"@context\":\"https:\\\/\\\/schema.org\",\"@graph\":[{\"@type\":\"WebPage\",\"@id\":\"https:\\\/\\\/yasminfood.ch\\\/de\\\/product\\\/ghena-khanom-animal-1-kg\\\/\",\"url\":\"https:\\\/\\\/yasminfood.ch\\\/de\\\/product\\\/ghena-khanom-animal-1-kg\\\/\",\"name\":\"Tier Ghanna Khanom -1 kg - Yasmin Food\",\"isPartOf\":{\"@id\":\"https:\\\/\\\/yasminfood.ch\\\/de\\\/#website\"},\"primaryImageOfPage\":{\"@id\":\"https:\\\/\\\/yasminfood.ch\\\/de\\\/product\\\/ghena-khanom-animal-1-kg\\\/#primaryimage\"},\"image\":{\"@id\":\"https:\\\/\\\/yasminfood.ch\\\/de\\\/product\\\/ghena-khanom-animal-1-kg\\\/#primaryimage\"},\"thumbnailUrl\":\"https:\\\/\\\/yasminfood.ch\\\/wp-content\\\/uploads\\\/2021\\\/01\\\/\u0633\u0645\u0646\u0629-\u062e\u0627\u0646\u0648\u0645-\u062d\u064a\u0648\u0627\u0646\u064a-1-\u0643\u063a.png\",\"datePublished\":\"2020-12-16T21:43:31+00:00\",\"dateModified\":\"2025-10-06T22:42:28+00:00\",\"description\":\"Genie\u00dfen Sie den Geschmack von Animal Khanom Ghee - 1 kg mit dem luxuri\u00f6sen Geschmack Ihrer Gerichte! Verleihen Sie Ihren Rezepten jetzt eine traditionelle Note! \ud83e\uddc8 Yasmin Food Tier Ghanna Khanom -1 kg\",\"breadcrumb\":{\"@id\":\"https:\\\/\\\/yasminfood.ch\\\/de\\\/product\\\/ghena-khanom-animal-1-kg\\\/#breadcrumb\"},\"inLanguage\":\"de\",\"potentialAction\":[{\"@type\":\"ReadAction\",\"target\":[\"https:\\\/\\\/yasminfood.ch\\\/de\\\/product\\\/ghena-khanom-animal-1-kg\\\/\"]}]},{\"@type\":\"ImageObject\",\"inLanguage\":\"de\",\"@id\":\"https:\\\/\\\/yasminfood.ch\\\/de\\\/product\\\/ghena-khanom-animal-1-kg\\\/#primaryimage\",\"url\":\"https:\\\/\\\/yasminfood.ch\\\/wp-content\\\/uploads\\\/2021\\\/01\\\/\u0633\u0645\u0646\u0629-\u062e\u0627\u0646\u0648\u0645-\u062d\u064a\u0648\u0627\u0646\u064a-1-\u0643\u063a.png\",\"contentUrl\":\"https:\\\/\\\/yasminfood.ch\\\/wp-content\\\/uploads\\\/2021\\\/01\\\/\u0633\u0645\u0646\u0629-\u062e\u0627\u0646\u0648\u0645-\u062d\u064a\u0648\u0627\u0646\u064a-1-\u0643\u063a.png\",\"width\":1080,\"height\":1080,\"caption\":\"Tier Ghanna Khanom -1 kg\"},{\"@type\":\"BreadcrumbList\",\"@id\":\"https:\\\/\\\/yasminfood.ch\\\/de\\\/product\\\/ghena-khanom-animal-1-kg\\\/#breadcrumb\",\"itemListElement\":[{\"@type\":\"ListItem\",\"position\":1,\"name\":\"\u0627\u0644\u0631\u0626\u064a\u0633\u064a\u0629\",\"item\":\"https:\\\/\\\/yasminfood.ch\\\/de\\\/zuhause\\\/\"},{\"@type\":\"ListItem\",\"position\":2,\"name\":\"Shop\",\"item\":\"https:\\\/\\\/yasminfood.ch\\\/de\\\/shop\\\/\"},{\"@type\":\"ListItem\",\"position\":3,\"name\":\"\u00d6le &amp; Margarine\",\"item\":\"https:\\\/\\\/yasminfood.ch\\\/de\\\/produkt-kategorie\\\/oele-margarine\\\/\"},{\"@type\":\"ListItem\",\"position\":4,\"name\":\"Ghee Butter\",\"item\":\"https:\\\/\\\/yasminfood.ch\\\/de\\\/produkt-kategorie\\\/oele-margarine\\\/ghee-butter\\\/\"},{\"@type\":\"ListItem\",\"position\":5,\"name\":\"Tier Ghanna Khanom -1 kg\"}]},{\"@type\":\"WebSite\",\"@id\":\"https:\\\/\\\/yasminfood.ch\\\/de\\\/#website\",\"url\":\"https:\\\/\\\/yasminfood.ch\\\/de\\\/\",\"name\":\"\u064a\u0627\u0633\u0645\u064a\u0646 \u0645\u0627\u0631\u0643\u062a\",\"description\":\"Alles, was Sie brauchen, an einem Ort\",\"publisher\":{\"@id\":\"https:\\\/\\\/yasminfood.ch\\\/de\\\/#organization\"},\"alternateName\":\"Yasmin Food\",\"potentialAction\":[{\"@type\":\"SearchAction\",\"target\":{\"@type\":\"EntryPoint\",\"urlTemplate\":\"https:\\\/\\\/yasminfood.ch\\\/de\\\/?s={search_term_string}\"},\"query-input\":{\"@type\":\"PropertyValueSpecification\",\"valueRequired\":true,\"valueName\":\"search_term_string\"}}],\"inLanguage\":\"de\"},{\"@type\":\"Organization\",\"@id\":\"https:\\\/\\\/yasminfood.ch\\\/de\\\/#organization\",\"name\":\"\u064a\u0627\u0633\u0645\u064a\u0646 \u0645\u0627\u0631\u0643\u062a\",\"alternateName\":\"Yasmin Food\",\"url\":\"https:\\\/\\\/yasminfood.ch\\\/de\\\/\",\"logo\":{\"@type\":\"ImageObject\",\"inLanguage\":\"de\",\"@id\":\"https:\\\/\\\/yasminfood.ch\\\/de\\\/#\\\/schema\\\/logo\\\/image\\\/\",\"url\":\"https:\\\/\\\/yasminfood.ch\\\/wp-content\\\/uploads\\\/2025\\\/05\\\/yasmin-food-header-logo.png\",\"contentUrl\":\"https:\\\/\\\/yasminfood.ch\\\/wp-content\\\/uploads\\\/2025\\\/05\\\/yasmin-food-header-logo.png\",\"width\":330,\"height\":120,\"caption\":\"\u064a\u0627\u0633\u0645\u064a\u0646 \u0645\u0627\u0631\u0643\u062a\"},\"image\":{\"@id\":\"https:\\\/\\\/yasminfood.ch\\\/de\\\/#\\\/schema\\\/logo\\\/image\\\/\"},\"sameAs\":[\"https:\\\/\\\/www.facebook.com\\\/yasminmarkt1\",\"https:\\\/\\\/www.tiktok.com\\\/@yasminmarkt\",\"https:\\\/\\\/www.instagram.com\\\/yasmin.markt1\\\/\",\"https:\\\/\\\/api.whatsapp.com\\\/send\\\/?phone=41799000104\"],\"publishingPrinciples\":\"https:\\\/\\\/yasminfood.ch\\\/de\\\/shop\\\/\",\"ownershipFundingInfo\":\"https:\\\/\\\/yasminfood.ch\\\/de\\\/shop\\\/\"}]}<\/script>\n<meta property=\"product:price:amount\" content=\"22.00\" \/>\n<meta property=\"product:price:currency\" content=\"CHF\" \/>\n<meta property=\"og:availability\" content=\"out of stock\" \/>\n<meta property=\"product:availability\" content=\"out of stock\" \/>\n<meta property=\"product:condition\" content=\"new\" \/>\n<!-- \/ Yoast SEO Premium plugin. -->","yoast_head_json":{"title":"Tier Ghanna Khanom -1 kg - Yasmin Food","description":"Genie\u00dfen Sie den Geschmack von Animal Khanom Ghee - 1 kg mit dem luxuri\u00f6sen Geschmack Ihrer Gerichte! Verleihen Sie Ihren Rezepten jetzt eine traditionelle Note! \ud83e\uddc8 Yasmin Food Tier Ghanna Khanom -1 kg","robots":{"index":"index","follow":"follow","max-snippet":"max-snippet:-1","max-image-preview":"max-image-preview:large","max-video-preview":"max-video-preview:-1"},"canonical":"https:\/\/yasminfood.ch\/de\/product\/ghena-khanom-animal-1-kg\/","og_locale":"de_DE","og_type":"article","og_title":"Tier Ghanna Khanom -1 kg","og_description":"\ud83e\uddc8 Tierisches Ghee \u2013 1 kg   Genie\u00dfen Sie den authentischen Geschmack mit Khanom Animal Ghee. Diese Margarine hat einen reichen Geschmack und ein k\u00f6stliches Aroma, das Ihren Gerichten einen luxuri\u00f6sen Geschmack und eine unverwechselbare traditionelle Note verleiht.","og_url":"https:\/\/yasminfood.ch\/de\/product\/ghena-khanom-animal-1-kg\/","og_site_name":"Yasmin Food","article_publisher":"https:\/\/www.facebook.com\/yasminmarkt1","article_modified_time":"2025-10-06T22:42:28+00:00","og_image":[{"width":1080,"height":1080,"url":"https:\/\/yasminfood.ch\/wp-content\/uploads\/2021\/01\/\u0633\u0645\u0646\u0629-\u062e\u0627\u0646\u0648\u0645-\u062d\u064a\u0648\u0627\u0646\u064a-1-\u0643\u063a.png","type":"image\/png"}],"twitter_card":"summary_large_image","twitter_misc":{"Preis":"22.00&nbsp;&#67;&#72;&#70;","Verf\u00fcgbarkeit":"ausverkauft"},"schema":{"@context":"https:\/\/schema.org","@graph":[{"@type":"WebPage","@id":"https:\/\/yasminfood.ch\/de\/product\/ghena-khanom-animal-1-kg\/","url":"https:\/\/yasminfood.ch\/de\/product\/ghena-khanom-animal-1-kg\/","name":"Tier Ghanna Khanom -1 kg - Yasmin Food","isPartOf":{"@id":"https:\/\/yasminfood.ch\/de\/#website"},"primaryImageOfPage":{"@id":"https:\/\/yasminfood.ch\/de\/product\/ghena-khanom-animal-1-kg\/#primaryimage"},"image":{"@id":"https:\/\/yasminfood.ch\/de\/product\/ghena-khanom-animal-1-kg\/#primaryimage"},"thumbnailUrl":"https:\/\/yasminfood.ch\/wp-content\/uploads\/2021\/01\/\u0633\u0645\u0646\u0629-\u062e\u0627\u0646\u0648\u0645-\u062d\u064a\u0648\u0627\u0646\u064a-1-\u0643\u063a.png","datePublished":"2020-12-16T21:43:31+00:00","dateModified":"2025-10-06T22:42:28+00:00","description":"Genie\u00dfen Sie den Geschmack von Animal Khanom Ghee - 1 kg mit dem luxuri\u00f6sen Geschmack Ihrer Gerichte! Verleihen Sie Ihren Rezepten jetzt eine traditionelle Note! \ud83e\uddc8 Yasmin Food Tier Ghanna Khanom -1 kg","breadcrumb":{"@id":"https:\/\/yasminfood.ch\/de\/product\/ghena-khanom-animal-1-kg\/#breadcrumb"},"inLanguage":"de","potentialAction":[{"@type":"ReadAction","target":["https:\/\/yasminfood.ch\/de\/product\/ghena-khanom-animal-1-kg\/"]}]},{"@type":"ImageObject","inLanguage":"de","@id":"https:\/\/yasminfood.ch\/de\/product\/ghena-khanom-animal-1-kg\/#primaryimage","url":"https:\/\/yasminfood.ch\/wp-content\/uploads\/2021\/01\/\u0633\u0645\u0646\u0629-\u062e\u0627\u0646\u0648\u0645-\u062d\u064a\u0648\u0627\u0646\u064a-1-\u0643\u063a.png","contentUrl":"https:\/\/yasminfood.ch\/wp-content\/uploads\/2021\/01\/\u0633\u0645\u0646\u0629-\u062e\u0627\u0646\u0648\u0645-\u062d\u064a\u0648\u0627\u0646\u064a-1-\u0643\u063a.png","width":1080,"height":1080,"caption":"Tier Ghanna Khanom -1 kg"},{"@type":"BreadcrumbList","@id":"https:\/\/yasminfood.ch\/de\/product\/ghena-khanom-animal-1-kg\/#breadcrumb","itemListElement":[{"@type":"ListItem","position":1,"name":"\u0627\u0644\u0631\u0626\u064a\u0633\u064a\u0629","item":"https:\/\/yasminfood.ch\/de\/zuhause\/"},{"@type":"ListItem","position":2,"name":"Shop","item":"https:\/\/yasminfood.ch\/de\/shop\/"},{"@type":"ListItem","position":3,"name":"\u00d6le &amp; Margarine","item":"https:\/\/yasminfood.ch\/de\/produkt-kategorie\/oele-margarine\/"},{"@type":"ListItem","position":4,"name":"Ghee Butter","item":"https:\/\/yasminfood.ch\/de\/produkt-kategorie\/oele-margarine\/ghee-butter\/"},{"@type":"ListItem","position":5,"name":"Tier Ghanna Khanom -1 kg"}]},{"@type":"WebSite","@id":"https:\/\/yasminfood.ch\/de\/#website","url":"https:\/\/yasminfood.ch\/de\/","name":"\u064a\u0627\u0633\u0645\u064a\u0646 \u0645\u0627\u0631\u0643\u062a","description":"Alles, was Sie brauchen, an einem Ort","publisher":{"@id":"https:\/\/yasminfood.ch\/de\/#organization"},"alternateName":"Yasmin Food","potentialAction":[{"@type":"SearchAction","target":{"@type":"EntryPoint","urlTemplate":"https:\/\/yasminfood.ch\/de\/?s={search_term_string}"},"query-input":{"@type":"PropertyValueSpecification","valueRequired":true,"valueName":"search_term_string"}}],"inLanguage":"de"},{"@type":"Organization","@id":"https:\/\/yasminfood.ch\/de\/#organization","name":"\u064a\u0627\u0633\u0645\u064a\u0646 \u0645\u0627\u0631\u0643\u062a","alternateName":"Yasmin Food","url":"https:\/\/yasminfood.ch\/de\/","logo":{"@type":"ImageObject","inLanguage":"de","@id":"https:\/\/yasminfood.ch\/de\/#\/schema\/logo\/image\/","url":"https:\/\/yasminfood.ch\/wp-content\/uploads\/2025\/05\/yasmin-food-header-logo.png","contentUrl":"https:\/\/yasminfood.ch\/wp-content\/uploads\/2025\/05\/yasmin-food-header-logo.png","width":330,"height":120,"caption":"\u064a\u0627\u0633\u0645\u064a\u0646 \u0645\u0627\u0631\u0643\u062a"},"image":{"@id":"https:\/\/yasminfood.ch\/de\/#\/schema\/logo\/image\/"},"sameAs":["https:\/\/www.facebook.com\/yasminmarkt1","https:\/\/www.tiktok.com\/@yasminmarkt","https:\/\/www.instagram.com\/yasmin.markt1\/","https:\/\/api.whatsapp.com\/send\/?phone=41799000104"],"publishingPrinciples":"https:\/\/yasminfood.ch\/de\/shop\/","ownershipFundingInfo":"https:\/\/yasminfood.ch\/de\/shop\/"}]},"product_price_amount":"22.00","product_price_currency":"CHF","og_availability":"out of stock","product_availability":"out of stock","product_condition":"new"},"jetpack_sharing_enabled":true,"_links":{"self":[{"href":"https:\/\/yasminfood.ch\/de\/wp-json\/wp\/v2\/product\/9152","targetHints":{"allow":["GET"]}}],"collection":[{"href":"https:\/\/yasminfood.ch\/de\/wp-json\/wp\/v2\/product"}],"about":[{"href":"https:\/\/yasminfood.ch\/de\/wp-json\/wp\/v2\/types\/product"}],"replies":[{"embeddable":true,"href":"https:\/\/yasminfood.ch\/de\/wp-json\/wp\/v2\/comments?post=9152"}],"version-history":[{"count":2,"href":"https:\/\/yasminfood.ch\/de\/wp-json\/wp\/v2\/product\/9152\/revisions"}],"predecessor-version":[{"id":120010,"href":"https:\/\/yasminfood.ch\/de\/wp-json\/wp\/v2\/product\/9152\/revisions\/120010"}],"wp:featuredmedia":[{"embeddable":true,"href":"https:\/\/yasminfood.ch\/de\/wp-json\/wp\/v2\/media\/110409"}],"wp:attachment":[{"href":"https:\/\/yasminfood.ch\/de\/wp-json\/wp\/v2\/media?parent=9152"}],"wp:term":[{"taxonomy":"product_brand","embeddable":true,"href":"https:\/\/yasminfood.ch\/de\/wp-json\/wp\/v2\/product_brand?post=9152"},{"taxonomy":"product_cat","embeddable":true,"href":"https:\/\/yasminfood.ch\/de\/wp-json\/wp\/v2\/product_cat?post=9152"},{"taxonomy":"product_tag","embeddable":true,"href":"https:\/\/yasminfood.ch\/de\/wp-json\/wp\/v2\/product_tag?post=9152"}],"curies":[{"name":"wp","href":"https:\/\/api.w.org\/{rel}","templated":true}]}}