{"id":9806,"date":"2020-12-31T00:25:54","date_gmt":"2020-12-30T23:25:54","guid":{"rendered":"https:\/\/yasminfood.ch\/product\/die-urspruengliche-syrische-gruene-karte-250g\/"},"modified":"2025-10-07T00:42:24","modified_gmt":"2025-10-06T22:42:24","slug":"mta-karte-grun-syrisch-original-250g","status":"publish","type":"product","link":"https:\/\/yasminfood.ch\/de\/product\/mta-karte-grun-syrisch-original-250g\/","title":{"rendered":"Mate Map Gr\u00fcn 250 gr"},"content":{"rendered":"<p><strong>Mate Map Gr\u00fcn 250 gr<\/strong><\/p>\n<ul>\n<li>&#8211; Hohe Qualit\u00e4t &#8211; f\u00fcr sch\u00f6ne Abende mit Freunden und mit Shisha, und es ist auch ein gesundes Getr\u00e4nk mit vielen Vorteilen.<\/li>\n<\/ul>\n","protected":false},"excerpt":{"rendered":"<p><strong>Mate Map Gr\u00fcn 250 gr<\/strong><\/p>\n<ul>\n<li>&#8211; Hohe Qualit\u00e4t &#8211; f\u00fcr sch\u00f6ne Abende mit Freunden und mit Shisha, und es ist auch ein gesundes Getr\u00e4nk mit vielen Vorteilen.<\/li>\n<\/ul>\n","protected":false},"featured_media":109590,"comment_status":"open","ping_status":"closed","template":"","meta":[],"product_brand":[],"product_cat":[367,382],"product_tag":[2014,1049],"class_list":{"0":"post-9806","1":"product","2":"type-product","3":"status-publish","4":"has-post-thumbnail","6":"product_cat-getraenke-fluessigkeiten","7":"product_cat-mate-tee","8":"product_tag-einheimischer-argentinischer-kumpel","9":"product_tag----de","11":"first","12":"instock","13":"taxable","14":"shipping-taxable","15":"purchasable","16":"product-type-simple"},"yoast_head":"<!-- This site is optimized with the Yoast SEO Premium plugin v26.5 (Yoast SEO v27.3) - https:\/\/yoast.com\/product\/yoast-seo-premium-wordpress\/ -->\n<title>Mate Map Gr\u00fcn 250 gr - Yasmin Food<\/title>\n<meta name=\"description\" content=\"Genie\u00dfen Sie sch\u00f6ne Abende mit der hochwertigen 250 gr gr\u00fcnen Karte matt. Probieren Sie noch heute die vielen Vorteile aus! \ud83c\udf1f Yasmin Food Mate Map Gr\u00fcn 250 gr\" \/>\n<meta name=\"robots\" content=\"index, follow, max-snippet:-1, max-image-preview:large, max-video-preview:-1\" \/>\n<link rel=\"canonical\" href=\"https:\/\/yasminfood.ch\/de\/product\/mta-karte-grun-syrisch-original-250g\/\" \/>\n<meta property=\"og:locale\" content=\"de_DE\" \/>\n<meta property=\"og:type\" content=\"article\" \/>\n<meta property=\"og:title\" content=\"Mate Map Gr\u00fcn 250 gr\" \/>\n<meta property=\"og:description\" content=\"Mate Map Gr\u00fcn 250 gr  - Hohe Qualit\u00e4t - f\u00fcr sch\u00f6ne Abende mit Freunden und mit Shisha, und es ist auch ein gesundes Getr\u00e4nk mit vielen Vorteilen.\" \/>\n<meta property=\"og:url\" content=\"https:\/\/yasminfood.ch\/de\/product\/mta-karte-grun-syrisch-original-250g\/\" \/>\n<meta property=\"og:site_name\" content=\"Yasmin Food\" \/>\n<meta property=\"article:publisher\" content=\"https:\/\/www.facebook.com\/yasminmarkt1\" \/>\n<meta property=\"article:modified_time\" content=\"2025-10-06T22:42:24+00:00\" \/>\n<meta property=\"og:image\" content=\"https:\/\/yasminfood.ch\/wp-content\/uploads\/2020\/12\/\u0645\u062a\u0629-\u0627\u0644\u062e\u0627\u0631\u0637\u0629-\u062e\u0636\u0631\u0627\u0621-250-gr.png\" \/>\n\t<meta property=\"og:image:width\" content=\"1080\" \/>\n\t<meta property=\"og:image:height\" content=\"1080\" \/>\n\t<meta property=\"og:image:type\" content=\"image\/png\" \/>\n<meta name=\"twitter:card\" content=\"summary_large_image\" \/>\n<meta name=\"twitter:label1\" content=\"Preis\" \/>\n\t<meta name=\"twitter:data1\" content=\"2.95&nbsp;&#067;&#072;&#070;\" \/>\n\t<meta name=\"twitter:label2\" content=\"Verf\u00fcgbarkeit\" \/>\n\t<meta name=\"twitter:data2\" content=\"Auf Lager\" \/>\n<script type=\"application\/ld+json\" class=\"yoast-schema-graph\">{\"@context\":\"https:\\\/\\\/schema.org\",\"@graph\":[{\"@type\":\"WebPage\",\"@id\":\"https:\\\/\\\/yasminfood.ch\\\/de\\\/product\\\/mta-karte-grun-syrisch-original-250g\\\/\",\"url\":\"https:\\\/\\\/yasminfood.ch\\\/de\\\/product\\\/mta-karte-grun-syrisch-original-250g\\\/\",\"name\":\"Mate Map Gr\u00fcn 250 gr - Yasmin Food\",\"isPartOf\":{\"@id\":\"https:\\\/\\\/yasminfood.ch\\\/de\\\/#website\"},\"primaryImageOfPage\":{\"@id\":\"https:\\\/\\\/yasminfood.ch\\\/de\\\/product\\\/mta-karte-grun-syrisch-original-250g\\\/#primaryimage\"},\"image\":{\"@id\":\"https:\\\/\\\/yasminfood.ch\\\/de\\\/product\\\/mta-karte-grun-syrisch-original-250g\\\/#primaryimage\"},\"thumbnailUrl\":\"https:\\\/\\\/yasminfood.ch\\\/wp-content\\\/uploads\\\/2020\\\/12\\\/\u0645\u062a\u0629-\u0627\u0644\u062e\u0627\u0631\u0637\u0629-\u062e\u0636\u0631\u0627\u0621-250-gr.png\",\"datePublished\":\"2020-12-30T23:25:54+00:00\",\"dateModified\":\"2025-10-06T22:42:24+00:00\",\"description\":\"Genie\u00dfen Sie sch\u00f6ne Abende mit der hochwertigen 250 gr gr\u00fcnen Karte matt. Probieren Sie noch heute die vielen Vorteile aus! \ud83c\udf1f Yasmin Food Mate Map Gr\u00fcn 250 gr\",\"breadcrumb\":{\"@id\":\"https:\\\/\\\/yasminfood.ch\\\/de\\\/product\\\/mta-karte-grun-syrisch-original-250g\\\/#breadcrumb\"},\"inLanguage\":\"de\",\"potentialAction\":[{\"@type\":\"ReadAction\",\"target\":[\"https:\\\/\\\/yasminfood.ch\\\/de\\\/product\\\/mta-karte-grun-syrisch-original-250g\\\/\"]}]},{\"@type\":\"ImageObject\",\"inLanguage\":\"de\",\"@id\":\"https:\\\/\\\/yasminfood.ch\\\/de\\\/product\\\/mta-karte-grun-syrisch-original-250g\\\/#primaryimage\",\"url\":\"https:\\\/\\\/yasminfood.ch\\\/wp-content\\\/uploads\\\/2020\\\/12\\\/\u0645\u062a\u0629-\u0627\u0644\u062e\u0627\u0631\u0637\u0629-\u062e\u0636\u0631\u0627\u0621-250-gr.png\",\"contentUrl\":\"https:\\\/\\\/yasminfood.ch\\\/wp-content\\\/uploads\\\/2020\\\/12\\\/\u0645\u062a\u0629-\u0627\u0644\u062e\u0627\u0631\u0637\u0629-\u062e\u0636\u0631\u0627\u0621-250-gr.png\",\"width\":1080,\"height\":1080,\"caption\":\"Mate Map Gr\u00fcn 250 gr\"},{\"@type\":\"BreadcrumbList\",\"@id\":\"https:\\\/\\\/yasminfood.ch\\\/de\\\/product\\\/mta-karte-grun-syrisch-original-250g\\\/#breadcrumb\",\"itemListElement\":[{\"@type\":\"ListItem\",\"position\":1,\"name\":\"\u0627\u0644\u0631\u0626\u064a\u0633\u064a\u0629\",\"item\":\"https:\\\/\\\/yasminfood.ch\\\/de\\\/zuhause\\\/\"},{\"@type\":\"ListItem\",\"position\":2,\"name\":\"Shop\",\"item\":\"https:\\\/\\\/yasminfood.ch\\\/de\\\/shop\\\/\"},{\"@type\":\"ListItem\",\"position\":3,\"name\":\"Getr\u00e4nke &amp; Fl\u00fcssigkeiten\",\"item\":\"https:\\\/\\\/yasminfood.ch\\\/de\\\/produkt-kategorie\\\/getraenke-fluessigkeiten\\\/\"},{\"@type\":\"ListItem\",\"position\":4,\"name\":\"Mate Tee\",\"item\":\"https:\\\/\\\/yasminfood.ch\\\/de\\\/produkt-kategorie\\\/getraenke-fluessigkeiten\\\/mate-tee\\\/\"},{\"@type\":\"ListItem\",\"position\":5,\"name\":\"Mate Map Gr\u00fcn 250 gr\"}]},{\"@type\":\"WebSite\",\"@id\":\"https:\\\/\\\/yasminfood.ch\\\/de\\\/#website\",\"url\":\"https:\\\/\\\/yasminfood.ch\\\/de\\\/\",\"name\":\"\u064a\u0627\u0633\u0645\u064a\u0646 \u0645\u0627\u0631\u0643\u062a\",\"description\":\"Alles, was Sie brauchen, an einem Ort\",\"publisher\":{\"@id\":\"https:\\\/\\\/yasminfood.ch\\\/de\\\/#organization\"},\"alternateName\":\"Yasmin Food\",\"potentialAction\":[{\"@type\":\"SearchAction\",\"target\":{\"@type\":\"EntryPoint\",\"urlTemplate\":\"https:\\\/\\\/yasminfood.ch\\\/de\\\/?s={search_term_string}\"},\"query-input\":{\"@type\":\"PropertyValueSpecification\",\"valueRequired\":true,\"valueName\":\"search_term_string\"}}],\"inLanguage\":\"de\"},{\"@type\":\"Organization\",\"@id\":\"https:\\\/\\\/yasminfood.ch\\\/de\\\/#organization\",\"name\":\"\u064a\u0627\u0633\u0645\u064a\u0646 \u0645\u0627\u0631\u0643\u062a\",\"alternateName\":\"Yasmin Food\",\"url\":\"https:\\\/\\\/yasminfood.ch\\\/de\\\/\",\"logo\":{\"@type\":\"ImageObject\",\"inLanguage\":\"de\",\"@id\":\"https:\\\/\\\/yasminfood.ch\\\/de\\\/#\\\/schema\\\/logo\\\/image\\\/\",\"url\":\"https:\\\/\\\/yasminfood.ch\\\/wp-content\\\/uploads\\\/2025\\\/05\\\/yasmin-food-header-logo.png\",\"contentUrl\":\"https:\\\/\\\/yasminfood.ch\\\/wp-content\\\/uploads\\\/2025\\\/05\\\/yasmin-food-header-logo.png\",\"width\":330,\"height\":120,\"caption\":\"\u064a\u0627\u0633\u0645\u064a\u0646 \u0645\u0627\u0631\u0643\u062a\"},\"image\":{\"@id\":\"https:\\\/\\\/yasminfood.ch\\\/de\\\/#\\\/schema\\\/logo\\\/image\\\/\"},\"sameAs\":[\"https:\\\/\\\/www.facebook.com\\\/yasminmarkt1\",\"https:\\\/\\\/www.tiktok.com\\\/@yasminmarkt\",\"https:\\\/\\\/www.instagram.com\\\/yasmin.markt1\\\/\",\"https:\\\/\\\/api.whatsapp.com\\\/send\\\/?phone=41799000104\"],\"publishingPrinciples\":\"https:\\\/\\\/yasminfood.ch\\\/de\\\/shop\\\/\",\"ownershipFundingInfo\":\"https:\\\/\\\/yasminfood.ch\\\/de\\\/shop\\\/\"}]}<\/script>\n<meta property=\"product:price:amount\" content=\"2.95\" \/>\n<meta property=\"product:price:currency\" content=\"CHF\" \/>\n<meta property=\"og:availability\" content=\"instock\" \/>\n<meta property=\"product:availability\" content=\"instock\" \/>\n<meta property=\"product:condition\" content=\"new\" \/>\n<!-- \/ Yoast SEO Premium plugin. -->","yoast_head_json":{"title":"Mate Map Gr\u00fcn 250 gr - Yasmin Food","description":"Genie\u00dfen Sie sch\u00f6ne Abende mit der hochwertigen 250 gr gr\u00fcnen Karte matt. Probieren Sie noch heute die vielen Vorteile aus! \ud83c\udf1f Yasmin Food Mate Map Gr\u00fcn 250 gr","robots":{"index":"index","follow":"follow","max-snippet":"max-snippet:-1","max-image-preview":"max-image-preview:large","max-video-preview":"max-video-preview:-1"},"canonical":"https:\/\/yasminfood.ch\/de\/product\/mta-karte-grun-syrisch-original-250g\/","og_locale":"de_DE","og_type":"article","og_title":"Mate Map Gr\u00fcn 250 gr","og_description":"Mate Map Gr\u00fcn 250 gr  - Hohe Qualit\u00e4t - f\u00fcr sch\u00f6ne Abende mit Freunden und mit Shisha, und es ist auch ein gesundes Getr\u00e4nk mit vielen Vorteilen.","og_url":"https:\/\/yasminfood.ch\/de\/product\/mta-karte-grun-syrisch-original-250g\/","og_site_name":"Yasmin Food","article_publisher":"https:\/\/www.facebook.com\/yasminmarkt1","article_modified_time":"2025-10-06T22:42:24+00:00","og_image":[{"width":1080,"height":1080,"url":"https:\/\/yasminfood.ch\/wp-content\/uploads\/2020\/12\/\u0645\u062a\u0629-\u0627\u0644\u062e\u0627\u0631\u0637\u0629-\u062e\u0636\u0631\u0627\u0621-250-gr.png","type":"image\/png"}],"twitter_card":"summary_large_image","twitter_misc":{"Preis":"2.95&nbsp;&#67;&#72;&#70;","Verf\u00fcgbarkeit":"Auf Lager"},"schema":{"@context":"https:\/\/schema.org","@graph":[{"@type":"WebPage","@id":"https:\/\/yasminfood.ch\/de\/product\/mta-karte-grun-syrisch-original-250g\/","url":"https:\/\/yasminfood.ch\/de\/product\/mta-karte-grun-syrisch-original-250g\/","name":"Mate Map Gr\u00fcn 250 gr - Yasmin Food","isPartOf":{"@id":"https:\/\/yasminfood.ch\/de\/#website"},"primaryImageOfPage":{"@id":"https:\/\/yasminfood.ch\/de\/product\/mta-karte-grun-syrisch-original-250g\/#primaryimage"},"image":{"@id":"https:\/\/yasminfood.ch\/de\/product\/mta-karte-grun-syrisch-original-250g\/#primaryimage"},"thumbnailUrl":"https:\/\/yasminfood.ch\/wp-content\/uploads\/2020\/12\/\u0645\u062a\u0629-\u0627\u0644\u062e\u0627\u0631\u0637\u0629-\u062e\u0636\u0631\u0627\u0621-250-gr.png","datePublished":"2020-12-30T23:25:54+00:00","dateModified":"2025-10-06T22:42:24+00:00","description":"Genie\u00dfen Sie sch\u00f6ne Abende mit der hochwertigen 250 gr gr\u00fcnen Karte matt. Probieren Sie noch heute die vielen Vorteile aus! \ud83c\udf1f Yasmin Food Mate Map Gr\u00fcn 250 gr","breadcrumb":{"@id":"https:\/\/yasminfood.ch\/de\/product\/mta-karte-grun-syrisch-original-250g\/#breadcrumb"},"inLanguage":"de","potentialAction":[{"@type":"ReadAction","target":["https:\/\/yasminfood.ch\/de\/product\/mta-karte-grun-syrisch-original-250g\/"]}]},{"@type":"ImageObject","inLanguage":"de","@id":"https:\/\/yasminfood.ch\/de\/product\/mta-karte-grun-syrisch-original-250g\/#primaryimage","url":"https:\/\/yasminfood.ch\/wp-content\/uploads\/2020\/12\/\u0645\u062a\u0629-\u0627\u0644\u062e\u0627\u0631\u0637\u0629-\u062e\u0636\u0631\u0627\u0621-250-gr.png","contentUrl":"https:\/\/yasminfood.ch\/wp-content\/uploads\/2020\/12\/\u0645\u062a\u0629-\u0627\u0644\u062e\u0627\u0631\u0637\u0629-\u062e\u0636\u0631\u0627\u0621-250-gr.png","width":1080,"height":1080,"caption":"Mate Map Gr\u00fcn 250 gr"},{"@type":"BreadcrumbList","@id":"https:\/\/yasminfood.ch\/de\/product\/mta-karte-grun-syrisch-original-250g\/#breadcrumb","itemListElement":[{"@type":"ListItem","position":1,"name":"\u0627\u0644\u0631\u0626\u064a\u0633\u064a\u0629","item":"https:\/\/yasminfood.ch\/de\/zuhause\/"},{"@type":"ListItem","position":2,"name":"Shop","item":"https:\/\/yasminfood.ch\/de\/shop\/"},{"@type":"ListItem","position":3,"name":"Getr\u00e4nke &amp; Fl\u00fcssigkeiten","item":"https:\/\/yasminfood.ch\/de\/produkt-kategorie\/getraenke-fluessigkeiten\/"},{"@type":"ListItem","position":4,"name":"Mate Tee","item":"https:\/\/yasminfood.ch\/de\/produkt-kategorie\/getraenke-fluessigkeiten\/mate-tee\/"},{"@type":"ListItem","position":5,"name":"Mate Map Gr\u00fcn 250 gr"}]},{"@type":"WebSite","@id":"https:\/\/yasminfood.ch\/de\/#website","url":"https:\/\/yasminfood.ch\/de\/","name":"\u064a\u0627\u0633\u0645\u064a\u0646 \u0645\u0627\u0631\u0643\u062a","description":"Alles, was Sie brauchen, an einem Ort","publisher":{"@id":"https:\/\/yasminfood.ch\/de\/#organization"},"alternateName":"Yasmin Food","potentialAction":[{"@type":"SearchAction","target":{"@type":"EntryPoint","urlTemplate":"https:\/\/yasminfood.ch\/de\/?s={search_term_string}"},"query-input":{"@type":"PropertyValueSpecification","valueRequired":true,"valueName":"search_term_string"}}],"inLanguage":"de"},{"@type":"Organization","@id":"https:\/\/yasminfood.ch\/de\/#organization","name":"\u064a\u0627\u0633\u0645\u064a\u0646 \u0645\u0627\u0631\u0643\u062a","alternateName":"Yasmin Food","url":"https:\/\/yasminfood.ch\/de\/","logo":{"@type":"ImageObject","inLanguage":"de","@id":"https:\/\/yasminfood.ch\/de\/#\/schema\/logo\/image\/","url":"https:\/\/yasminfood.ch\/wp-content\/uploads\/2025\/05\/yasmin-food-header-logo.png","contentUrl":"https:\/\/yasminfood.ch\/wp-content\/uploads\/2025\/05\/yasmin-food-header-logo.png","width":330,"height":120,"caption":"\u064a\u0627\u0633\u0645\u064a\u0646 \u0645\u0627\u0631\u0643\u062a"},"image":{"@id":"https:\/\/yasminfood.ch\/de\/#\/schema\/logo\/image\/"},"sameAs":["https:\/\/www.facebook.com\/yasminmarkt1","https:\/\/www.tiktok.com\/@yasminmarkt","https:\/\/www.instagram.com\/yasmin.markt1\/","https:\/\/api.whatsapp.com\/send\/?phone=41799000104"],"publishingPrinciples":"https:\/\/yasminfood.ch\/de\/shop\/","ownershipFundingInfo":"https:\/\/yasminfood.ch\/de\/shop\/"}]},"product_price_amount":"2.95","product_price_currency":"CHF","og_availability":"instock","product_availability":"instock","product_condition":"new"},"jetpack_sharing_enabled":true,"_links":{"self":[{"href":"https:\/\/yasminfood.ch\/de\/wp-json\/wp\/v2\/product\/9806","targetHints":{"allow":["GET"]}}],"collection":[{"href":"https:\/\/yasminfood.ch\/de\/wp-json\/wp\/v2\/product"}],"about":[{"href":"https:\/\/yasminfood.ch\/de\/wp-json\/wp\/v2\/types\/product"}],"replies":[{"embeddable":true,"href":"https:\/\/yasminfood.ch\/de\/wp-json\/wp\/v2\/comments?post=9806"}],"version-history":[{"count":1,"href":"https:\/\/yasminfood.ch\/de\/wp-json\/wp\/v2\/product\/9806\/revisions"}],"predecessor-version":[{"id":120009,"href":"https:\/\/yasminfood.ch\/de\/wp-json\/wp\/v2\/product\/9806\/revisions\/120009"}],"wp:featuredmedia":[{"embeddable":true,"href":"https:\/\/yasminfood.ch\/de\/wp-json\/wp\/v2\/media\/109590"}],"wp:attachment":[{"href":"https:\/\/yasminfood.ch\/de\/wp-json\/wp\/v2\/media?parent=9806"}],"wp:term":[{"taxonomy":"product_brand","embeddable":true,"href":"https:\/\/yasminfood.ch\/de\/wp-json\/wp\/v2\/product_brand?post=9806"},{"taxonomy":"product_cat","embeddable":true,"href":"https:\/\/yasminfood.ch\/de\/wp-json\/wp\/v2\/product_cat?post=9806"},{"taxonomy":"product_tag","embeddable":true,"href":"https:\/\/yasminfood.ch\/de\/wp-json\/wp\/v2\/product_tag?post=9806"}],"curies":[{"name":"wp","href":"https:\/\/api.w.org\/{rel}","templated":true}]}}