{"id":3515,"date":"2020-10-11T11:22:56","date_gmt":"2020-10-11T09:22:56","guid":{"rendered":"https:\/\/yasminfood.ch\/terms-of-use\/"},"modified":"2025-05-18T10:21:46","modified_gmt":"2025-05-18T08:21:46","slug":"terms-of-use","status":"publish","type":"page","link":"https:\/\/yasminfood.ch\/en\/terms-of-use\/","title":{"rendered":"Terms of use"},"content":{"rendered":"<h2 dir=\"ltr\" style=\"text-align: center;\"><strong>Allgemeine Gesch\u00e4ftsbedingungen (AGB) von Yasmin Food GmbH <\/strong><\/h2>\n<h2 dir=\"ltr\">1. Geltungsbereich<\/h2>\n<p dir=\"ltr\"><strong>F\u00fcr alle Bestellungen \u00fcber unsere Webseite gelten die nachfolgenden Allgemeinen Gesch\u00e4ftsbedingungen (AGB). Das Angebot auf dieser Webseite richtet sich ausschliesslich an Konsumentinnen und Konsumenten mit Wohnsitz in der Schweiz (nachfolgend &#8220;Kunde&#8221;). <\/strong><\/p>\n<p dir=\"ltr\">Als Konsumentin oder Konsument wird eine nat\u00fcrliche Person bezeichnet, welche mit <strong>Yasmin Food GmbH<\/strong> gesch\u00e4ftliche Beziehungen pflegt, die weder ihrer gewerblichen noch ihrer selbst\u00e4ndigen beruflichen T\u00e4tigkeit zugeordnet werden kann. Bestellungen in nicht haushalts\u00fcblichen Mengen k\u00f6nnen ohne Begr\u00fcndung abgelehnt werden.<\/p>\n<p dir=\"ltr\"><strong>Yasmin Food GmbH<\/strong> beh\u00e4lt sich das Recht vor, diese AGB jederzeit zu \u00e4ndern. Massgebend ist jeweils die zum Zeitpunkt der Bestellung geltende Version dieser AGB, welche f\u00fcr diese Bestellung nicht einseitig ge\u00e4ndert werden k\u00f6nnen. Entgegenstehende oder von diesen AGB abweichende Bedingungen der Kundschaft werden nicht anerkannt.<\/p>\n<p dir=\"ltr\"><strong>Der Betreiber dieses Internetauftritts ist <\/strong><strong>Yasmin Food GmbH<\/strong><strong> (&gt;Link Impressum).<\/strong><\/p>\n<h2 dir=\"ltr\">2. Informationen auf dieser Webseite<\/h2>\n<p dir=\"ltr\"><strong>Yasmin Food GmbH<\/strong><strong> beinhaltet <\/strong>Informationen \u00fcber Produkte und Dienstleistungen. Preis- und Sortiments\u00e4nderungen sowie technische \u00c4nderungen bleiben vorbehalten. Alle Angaben auf &lt;www.SHOPNAME.ch&gt; (Produktbeschreibungen, Abbildungen, Illustrationen, Filme, Masse, Gewichte, technische Spezifikationen, Zubeh\u00f6rbeziehungen und sonstige Angaben) dienen der Illustration und sind als N\u00e4herungswerte zu verstehen und sind unverbindlich. Sie stellen insbesondere keine Zusicherung von Eigenschaften oder Garantien dar, ausser es ist explizit anders vermerkt. <strong>Yasmin Food GmbH<\/strong> bem\u00fcht sich, s\u00e4mtliche Angaben und Informationen auf dieser Webseite korrekt, vollst\u00e4ndig, aktuell und \u00fcbersichtlich bereitzustellen, jedoch kann <strong>Yasmin Food GmbH<\/strong> weder ausdr\u00fccklich noch stillschweigend daf\u00fcr Gew\u00e4hr leisten.<\/p>\n<p dir=\"ltr\">S\u00e4mtliche Angebote auf dieser Webseite gelten als freibleibend und sind nicht als verbindliche Offerte zu verstehen.<\/p>\n<p dir=\"ltr\">Yasmin Food GmbH kann keine Garantie abgeben, dass die aufgef\u00fchrten Produkte zum Zeitpunkt der Bestellung verf\u00fcgbar sind. Daher sind alle Angaben zu Verf\u00fcgbarkeit und Lieferzeiten ohne Gew\u00e4hr und k\u00f6nnen sich jederzeit und ohne Ank\u00fcndigung \u00e4ndern.<\/p>\n<h2 dir=\"ltr\">3. Preise<\/h2>\n<p dir=\"ltr\">Die auf Yasmin Food GmbH angegebenen Verkaufspreise stellen Endpreise dar und beinhalten, wenn nicht anders vermerkt, die gesetzliche Mehrwertsteuer und allf\u00e4llige weitere gesetzliche Abgaben wie vorgezogene Recyclinggeb\u00fchren (VRG) oder Urheberrechtsabgaben bei Elektronikger\u00e4ten. Die Preise verstehen sich rein netto in Schweizer Franken (CHF).<\/p>\n<p dir=\"ltr\">Allf\u00e4llige Versandkosten werden, wo nicht anders vorgesehen, zus\u00e4tzlich verrechnet und sind durch den Kunden zu bezahlen. Versandkosten werden im Bestellprozess separat ausgewiesen.<\/p>\n<p dir=\"ltr\">Technische \u00c4nderungen, Irrt\u00fcmer und Druckfehler bleiben vorbehalten, insbesondere kann Yasmin Food GmbH Preis\u00e4nderungen jederzeit und ohne Vorank\u00fcndigungen vornehmen. In den Verkaufspreisen sind keine Beratungs- und Supportdienstleistungen inbegriffen.<\/p>\n<h2 dir=\"ltr\">4. Vertragsabschluss<\/h2>\n<p dir=\"ltr\">Die Produkte und Preise auf dieser Webseite gelten als unverbindliche Angebote.<\/p>\n<p dir=\"ltr\">Mit der Bestellung \u00fcber diese Webseite inklusive der Annahme dieser AGB gibt der Kunde ein rechtlich verbindliches Angebot zum Vertragsabschluss ab. Yasmin Food GmbH versendet daraufhin eine automatische Bestelleingangsbest\u00e4tigung per Email, welche best\u00e4tigt, dass das Angebot des Kunden bei Yasmin Food GmbH eingegangen ist. Get\u00e4tigte Bestellungen sind f\u00fcr den Kunden verbindlich. Wo nicht anders vermerkt, gibt es kein R\u00fcckgabe- bzw. R\u00fccktrittsrecht.<\/p>\n<p dir=\"ltr\">Der Vertrag kommt zustande, sobald Yasmin Food GmbH eine Annahmeerkl\u00e4rung per Email versendet, worin der Versand der bestellten Produkte oder Dienstleistungen best\u00e4tigt wird.<\/p>\n<p dir=\"ltr\">Bestellungen werden erst nach vollst\u00e4ndigem Zahlungseingang (Ausnahme: Lieferung gegen Rechnung) und sofern die Waren verf\u00fcgbar sind, ausgeliefert. Ergibt sich, dass die bestellten Waren nicht oder nicht vollst\u00e4ndig geliefert werden k\u00f6nnen, ist Yasmin Food GmbH berechtigt, die Bestellung nicht oder nur teilweise anzunehmen bzw. auszuf\u00fchren. In einem solchen Fall wird Yasmin Food GmbH den Kunden per Email informieren. Sollte die Zahlung des Kunden bereits bei Yasmin Food GmbH eingegangen sein, wird die Zahlung dem Kunden zur\u00fcckerstattet. Ist noch keine Zahlung erfolgt, wird der Kunde von der Zahlungspflicht befreit.<\/p>\n<h2 dir=\"ltr\">5. Zahlungsm\u00f6glichkeiten und Eigentumsvorbehalt<\/h2>\n<p dir=\"ltr\">Dem Kunden stehen die im Bestellvorgang angegebenen Zahlungsm\u00f6glichkeiten zur Verf\u00fcgung.<\/p>\n<p dir=\"ltr\">Yasmin Food GmbH beh\u00e4lt sich das Recht vor, Kunden ohne Angabe von Gr\u00fcnden von einzelnen Zahlungsm\u00f6glichkeiten auszuschliessen oder auf Vorauskasse zu bestehen.<\/p>\n<p dir=\"ltr\">Yasmin Food GmbH kann bei Zahlungsverzug des Kunden Verzugszinsen von 5% pro Jahr sowie eine Mahngeb\u00fchr von maximal CHF 20.- pro Mahnung erheben.<\/p>\n<p dir=\"ltr\">Die dem Kunden gelieferten Produkte bleiben bis zur vollst\u00e4ndigen Bezahlung im Eigentum von Yasmin Food GmbH.<\/p>\n<h2 dir=\"ltr\">6. Lieferung, Pr\u00fcfpflicht, M\u00e4ngelr\u00fcge und R\u00fccksendung<\/h2>\n<p dir=\"ltr\">Die Lieferungen werden per Post oder Kurierdienst an die vom Kunden in der Bestellung angegebene Adresse versandt.<\/p>\n<p dir=\"ltr\">Yasmin Food GmbH ist bem\u00fcht m\u00f6glichst kurze Lieferfristen einzuhalten. Allf\u00e4llig in der Bestellbest\u00e4tigung angegebene Lieferfristen sind jedoch unverbindlich. Yasmin Food GmbH ist zu Teillieferungen berechtigt. Die Versandkosten werden in diesem Fall dem Kunden nur einmal berechnet.<\/p>\n<p dir=\"ltr\">Der Versand der Rechnung, soweit Lieferung gegen Rechnung angeboten wird, erfolgt nach Wahl von Yasmin Food GmbH per Email oder auf dem Postweg.<\/p>\n<p dir=\"ltr\">Ist die Lieferung nicht zustellbar oder verweigert der Kunde die Annahme der Lieferung, kann Yasmin Food GmbH den Vertrag nach einer Mitteilung per Email an den Kunden und unter Einhalten einer angemessenen Nachfrist aufl\u00f6sen sowie die Kosten f\u00fcr die Umtriebe in Rechnung stellen.<\/p>\n<p dir=\"ltr\">Der Kunde ist verpflichtet, die gelieferten Waren sofort nach Eingang der Lieferung zu pr\u00fcfen und allf\u00e4llige M\u00e4ngel, f\u00fcr die Yasmin Food GmbH Gew\u00e4hr leistet, unverz\u00fcglich schriftlich per Brief oder Email an die Adresse im Impressum (&gt;Link) Anzeige zu machen.<\/p>\n<p dir=\"ltr\">R\u00fccksendungen an Yasmin Food GmbH erfolgen auf Rechnung und Gefahr des Kunden. Der Kunde hat die Waren originalverpackt, komplett mit allem Zubeh\u00f6r und zusammen mit dem Lieferschein und einer ausf\u00fchrlichen Beschreibung der M\u00e4ngel an die von Yasmin Food GmbH angegebene R\u00fccksendeadresse Impressum (&gt;Link) zu schicken.<\/p>\n<p dir=\"ltr\">Ergibt sich bei der Pr\u00fcfung durch Yasmin Food GmbH, dass die Waren keine feststellbaren M\u00e4ngel aufweisen oder diese nicht unter die Garantie des Herstellers fallen, kann Yasmin Food GmbH die Umtriebe, die R\u00fccksendung oder die allf\u00e4llige Entsorgung dem Kunden in Rechnung stellen.<\/p>\n<h2 dir=\"ltr\">7. Widerrufsrecht<\/h2>\n<p dir=\"ltr\">Dem Kunden wird w\u00e4hrend 10 Kalendertagen nach Erhalt der Ware ein Widerrufsrecht gew\u00e4hrt. Die Frist gilt als eingehalten, wenn der Kunde den schriftlichen Widerruf per Email oder Brief (Adresse gem\u00e4ss Impressum, &gt;Link) innerhalb der Frist an Yasmin Food GmbH abschickt. Der Widerruf bedarf keiner Begr\u00fcndung.<\/p>\n<p dir=\"ltr\">Die Aus\u00fcbung des Widerrufsrechts f\u00fchrt zu einer R\u00fcckabwicklung des Vertrages. Der Kunde muss die Waren innert 10 Kalendertagen originalverpackt, komplett mit allem Zubeh\u00f6r und zusammen mit dem Lieferschein an die von Yasmin Food GmbH angegebene R\u00fccksendeadresse im Impressum (&gt;Link) zur\u00fccksenden. R\u00fccksendungen an Yasmin Food GmbH erfolgen auf Rechnung und Gefahr des Kunden. Eine allenfalls bereits geleistete Zahlung wird innerhalb von 20 Kalendertagen an den Kunden zur\u00fcckerstattet, sofern Yasmin Food GmbH die Ware bereits zur\u00fcckerhalten hat oder der Kunde einen Versandnachweis erbringen kann.<\/p>\n<p dir=\"ltr\">Yasmin Food GmbH beh\u00e4lt sich vor, f\u00fcr Besch\u00e4digungen, \u00fcberm\u00e4ssige Abnutzung oder Wertverlust aufgrund unsachgem\u00e4ssen Umgangs angemessenen Entsch\u00e4digung zu verlangen und die Wertminderung vom bereits bezahlten Kaufpreis abzuziehen oder dem Kunden in Rechnung zu stellen.<\/p>\n<p dir=\"ltr\">In folgenden F\u00e4llen wird kein Widerrufsrecht gew\u00e4hrt:<\/p>\n<p style=\"direction: ltr;\">&#8211; Wenn der Vertrag ein Zufallselement hat, namentlich weil der Preis Schwankungen unterliegt, auf die der Anbieter keinen Einfluss hat;<\/p>\n<p style=\"direction: ltr;\">&#8211; Wenn der Vertrag eine bewegliche Sache zum Gegenstand hat, die aufgrund ihrer Beschaffenheit nicht f\u00fcr eine R\u00fccksendung geeignet ist oder schnell verderben kann;<\/p>\n<p style=\"direction: ltr;\">&#8211; Wenn der Vertrag eine bewegliche Sache zum Gegenstand hat, die nach Vorgaben des Kunden angefertigt wird oder eindeutig auf pers\u00f6nliche Bed\u00fcrfnisse zugeschnitten ist;<\/p>\n<p style=\"direction: ltr;\">&#8211; Wenn der Vertrag digitale Inhalte zum Gegenstand hat und diese Inhalte nicht auf einem festen Datentr\u00e4ger zur Verf\u00fcgung gestellt werden oder wenn der Vertrag von beiden Vertragsparteien sofort vollst\u00e4ndig zu erf\u00fcllen ist;<\/p>\n<p style=\"direction: ltr;\">&#8211; Wenn der Vertrag eine Dienstleistung zum Gegenstand hat und der Vertrag vom Anbieter mit der vorg\u00e4ngigen ausdr\u00fccklichen Zustimmung des Kunden vollst\u00e4ndig zu erf\u00fcllen ist, bevor die Widerrufsfrist abgelaufen ist.<\/p>\n<p style=\"direction: ltr;\">&#8211; In den Bereichen Unterbringung, Bef\u00f6rderung, Lieferung von Speisen und Getr\u00e4nken sowie Freizeitgestaltung, wenn sich der Anbieter bei Vertragsabschluss verpflichtet, die Dienstleistungen zu einem bestimmten Zeitpunkt oder innerhalb eines genau angegebenen Zeitraums zu erbringen.<\/p>\n<h2 dir=\"ltr\">8. Gew\u00e4hrleistung<\/h2>\n<p dir=\"ltr\">Yasmin Food GmbH bem\u00fcht sich, Waren in einwandfreier Qualit\u00e4t zu liefern. Bei rechtzeitig ger\u00fcgten M\u00e4ngeln \u00fcbernimmt Yasmin Food GmbH w\u00e4hrend der gesetzlichen Gew\u00e4hrleistungsfrist von in der Regel zwei Jahren seit dem Lieferdatum die Gew\u00e4hrleistung f\u00fcr M\u00e4ngelfreiheit und Funktionsf\u00e4higkeit des vom Kunden erworbenen Gegenstandes. Es liegt im Ermessen von Yasmin Food GmbH die Gew\u00e4hrleistung durch kostenlose Reparatur, gleichwertigen Ersatz oder durch R\u00fcckerstattung des Kaufpreises zu erbringen. Weitere Gew\u00e4hrleistungsrechte sind ausgeschlossen.<\/p>\n<p dir=\"ltr\">Von der Gew\u00e4hrleistung werden die normale Abn\u00fctzung sowie die Folgen unsachgem\u00e4sser Behandlung oder Besch\u00e4digung durch den Kunden oder Drittpersonen sowie M\u00e4ngel, die auf \u00e4ussere Umst\u00e4nde zur\u00fcckzuf\u00fchren sind, nicht erfasst. Ebenso wird die Gew\u00e4hrleistung f\u00fcr Verbrauchs- und Verschleissteile (z.B. Batterien, Akkus, etc.) wegbedungen.<\/p>\n<p dir=\"ltr\">Yasmin Food GmbH ist es nicht m\u00f6glich, Zusicherungen oder Garantien f\u00fcr die Aktualit\u00e4t, Vollst\u00e4ndigkeit und Korrektheit der Daten sowie f\u00fcr die st\u00e4ndige oder ungest\u00f6rte Verf\u00fcgbarkeit der Webseite, deren Funktionalit\u00e4ten, integrierten Hyperlinks und weiteren Inhalten abzugeben. Insbesondere wird weder zugesichert, noch garantiert, dass durch die Nutzung der Webseite keine Rechte von Dritten verletzt werden, die nicht im Besitz von Yasmin Food GmbH sind.<\/p>\n<h2 dir=\"ltr\">9. Haftung<\/h2>\n<p dir=\"ltr\">Yasmin Food GmbH schliesst jede Haftung, unabh\u00e4ngig von ihrem Rechtsgrund, sowie Schadenersatzanspr\u00fcche gegen Yasmin Food GmbH und gegen allf\u00e4llige Hilfspersonen und Erf\u00fcllungsgehilfen aus. Yasmin Food GmbH haftet insbesondere nicht f\u00fcr indirekte Sch\u00e4den und Mangelfolgesch\u00e4den, entgangenen Gewinn oder sonstige Personen-, Sach- und reine Verm\u00f6genssch\u00e4den des Kunden. Vorbehalten bleibt eine weitergehende zwingende gesetzliche Haftung, beispielsweise f\u00fcr grobe Fahrl\u00e4ssigkeit oder rechtswidrige Absicht.<\/p>\n<p dir=\"ltr\">Yasmin Food GmbH benutzt Hyperlinks lediglich f\u00fcr den vereinfachten Zugang des Kunden zu anderen Webangeboten. Yasmin Food GmbH kann weder den Inhalt dieser Webangebote im Einzelnen kennen, noch die Haftung oder sonstige Verantwortung f\u00fcr die Inhalte dieser Webseiten \u00fcbernehmen.<\/p>\n<h2 dir=\"ltr\">10. Datenschutz<\/h2>\n<p dir=\"ltr\">Yasmin Food GmbH darf die im Rahmen des Vertragsschlusses aufgenommenen Daten zur Erf\u00fcllung der Verpflichtungen aus dem Kaufvertrag verarbeiten und nutzen sowie zu Marketingzwecken verwenden. Die zur Leistungserf\u00fcllung notwendigen Daten k\u00f6nnen auch an beauftrage Dienstleistungspartner (Logistikpartner) oder sonstigen Dritten weitergegeben werden.<\/p>\n<p dir=\"ltr\">Die Datenschutzbestimmungen sind im Einzelnen unter folgendem Link abrufbar: (&gt;Link Datenschutz)<\/p>\n<h2 dir=\"ltr\">11. Teilung\u00fcltigkeit<\/h2>\n<p dir=\"ltr\">Sollten sich einzelne Bestimmungen dieser AGB als unwirksam oder undurchf\u00fchrbar erweisen oder unwirksam oder undurchf\u00fchrbar werden, so bleibt dadurch die Wirksamkeit der \u00fcbrigen Bestimmungen unber\u00fchrt.<\/p>\n<h2 dir=\"ltr\">12. Weitere Bestimmungen<\/h2>\n<p dir=\"ltr\">Yasmin Food GmbH beh\u00e4lt sich ausdr\u00fccklich vor, die vorliegenden AGB jederzeit zu \u00e4ndern und ohne Ank\u00fcndigung in Kraft zu setzen.<\/p>\n<p dir=\"ltr\">Im Falle von Streitigkeiten kommt <strong>ausschliesslich materielles Schweizer Recht<\/strong> unter Ausschluss von kollisionsrechtlichen Normen zur Anwendung. Das UN-Kaufrecht (CISG, Wiener Kaufrecht) wird explizit ausgeschlossen.<\/p>\n<p dir=\"ltr\"><strong>Gerichtsstand ist &lt;Ort\/Sitz von SHOPNAME&gt; oder der Wohnsitz der Konsumentin oder des Konsumenten<\/strong>.<\/p>\n<h2 dir=\"ltr\">13. Kontakt<\/h2>\n<p dir=\"ltr\">Bei Fragen zu diesen AGB bitte melden bei: (&gt;Impressum).<\/p>\n<p dir=\"ltr\" style=\"text-align: right;\">(Version 21. Februar 2020)<\/p>\n","protected":false},"excerpt":{"rendered":"<p>Allgemeine Gesch\u00e4ftsbedingungen (AGB) von Yasmin Food GmbH 1. Geltungsbereich F\u00fcr alle Bestellungen \u00fcber unsere Webseite gelten die nachfolgenden Allgemeinen Gesch\u00e4ftsbedingungen<\/p>\n","protected":false},"author":1,"featured_media":0,"parent":0,"menu_order":0,"comment_status":"closed","ping_status":"closed","template":"","meta":{"footnotes":""},"class_list":["post-3515","page","type-page","status-publish","hentry"],"yoast_head":"<!-- This site is optimized with the Yoast SEO Premium plugin v26.5 (Yoast SEO v27.3) - https:\/\/yoast.com\/product\/yoast-seo-premium-wordpress\/ -->\n<title>Terms of use - Yasmin Food<\/title>\n<meta name=\"robots\" content=\"index, follow, max-snippet:-1, max-image-preview:large, max-video-preview:-1\" \/>\n<link rel=\"canonical\" href=\"https:\/\/yasminfood.ch\/en\/terms-of-use\/\" \/>\n<meta property=\"og:locale\" content=\"en_US\" \/>\n<meta property=\"og:type\" content=\"article\" \/>\n<meta property=\"og:title\" content=\"Terms of use\" \/>\n<meta property=\"og:description\" content=\"Allgemeine Gesch\u00e4ftsbedingungen (AGB) von Yasmin Food GmbH 1. Geltungsbereich F\u00fcr alle Bestellungen \u00fcber unsere Webseite gelten die nachfolgenden\" \/>\n<meta property=\"og:url\" content=\"https:\/\/yasminfood.ch\/en\/terms-of-use\/\" \/>\n<meta property=\"og:site_name\" content=\"Yasmin Food\" \/>\n<meta property=\"article:publisher\" content=\"https:\/\/www.facebook.com\/yasminmarkt1\" \/>\n<meta property=\"article:modified_time\" content=\"2025-05-18T08:21:46+00:00\" \/>\n<meta property=\"og:image\" content=\"https:\/\/yasminfood.ch\/wp-content\/uploads\/2025\/04\/\u062a\u0635\u0645\u064a\u0645-\u0628\u062f\u0648\u0646-\u0639\u0646\u0648\u0627\u0646-7.png\" \/>\n\t<meta property=\"og:image:width\" content=\"1536\" \/>\n\t<meta property=\"og:image:height\" content=\"806\" \/>\n\t<meta property=\"og:image:type\" content=\"image\/png\" \/>\n<meta name=\"twitter:card\" content=\"summary_large_image\" \/>\n<meta name=\"twitter:label1\" content=\"Est. reading time\" \/>\n\t<meta name=\"twitter:data1\" content=\"12 minutes\" \/>\n<script type=\"application\/ld+json\" class=\"yoast-schema-graph\">{\"@context\":\"https:\\\/\\\/schema.org\",\"@graph\":[{\"@type\":\"WebPage\",\"@id\":\"https:\\\/\\\/yasminfood.ch\\\/en\\\/terms-of-use\\\/\",\"url\":\"https:\\\/\\\/yasminfood.ch\\\/en\\\/terms-of-use\\\/\",\"name\":\"Terms of use - Yasmin Food\",\"isPartOf\":{\"@id\":\"https:\\\/\\\/yasminfood.ch\\\/en\\\/#website\"},\"datePublished\":\"2020-10-11T09:22:56+00:00\",\"dateModified\":\"2025-05-18T08:21:46+00:00\",\"breadcrumb\":{\"@id\":\"https:\\\/\\\/yasminfood.ch\\\/en\\\/terms-of-use\\\/#breadcrumb\"},\"inLanguage\":\"en-US\",\"potentialAction\":[{\"@type\":\"ReadAction\",\"target\":[\"https:\\\/\\\/yasminfood.ch\\\/en\\\/terms-of-use\\\/\"]}]},{\"@type\":\"BreadcrumbList\",\"@id\":\"https:\\\/\\\/yasminfood.ch\\\/en\\\/terms-of-use\\\/#breadcrumb\",\"itemListElement\":[{\"@type\":\"ListItem\",\"position\":1,\"name\":\"\u0627\u0644\u0631\u0626\u064a\u0633\u064a\u0629\",\"item\":\"https:\\\/\\\/yasminfood.ch\\\/en\\\/home\\\/\"},{\"@type\":\"ListItem\",\"position\":2,\"name\":\"Terms of use\"}]},{\"@type\":\"WebSite\",\"@id\":\"https:\\\/\\\/yasminfood.ch\\\/en\\\/#website\",\"url\":\"https:\\\/\\\/yasminfood.ch\\\/en\\\/\",\"name\":\"\u064a\u0627\u0633\u0645\u064a\u0646 \u0645\u0627\u0631\u0643\u062a\",\"description\":\"Everything you need in one place\",\"publisher\":{\"@id\":\"https:\\\/\\\/yasminfood.ch\\\/en\\\/#organization\"},\"alternateName\":\"Yasmin Food\",\"potentialAction\":[{\"@type\":\"SearchAction\",\"target\":{\"@type\":\"EntryPoint\",\"urlTemplate\":\"https:\\\/\\\/yasminfood.ch\\\/en\\\/?s={search_term_string}\"},\"query-input\":{\"@type\":\"PropertyValueSpecification\",\"valueRequired\":true,\"valueName\":\"search_term_string\"}}],\"inLanguage\":\"en-US\"},{\"@type\":\"Organization\",\"@id\":\"https:\\\/\\\/yasminfood.ch\\\/en\\\/#organization\",\"name\":\"\u064a\u0627\u0633\u0645\u064a\u0646 \u0645\u0627\u0631\u0643\u062a\",\"alternateName\":\"Yasmin Food\",\"url\":\"https:\\\/\\\/yasminfood.ch\\\/en\\\/\",\"logo\":{\"@type\":\"ImageObject\",\"inLanguage\":\"en-US\",\"@id\":\"https:\\\/\\\/yasminfood.ch\\\/en\\\/#\\\/schema\\\/logo\\\/image\\\/\",\"url\":\"https:\\\/\\\/yasminfood.ch\\\/wp-content\\\/uploads\\\/2025\\\/05\\\/yasmin-food-header-logo.png\",\"contentUrl\":\"https:\\\/\\\/yasminfood.ch\\\/wp-content\\\/uploads\\\/2025\\\/05\\\/yasmin-food-header-logo.png\",\"width\":330,\"height\":120,\"caption\":\"\u064a\u0627\u0633\u0645\u064a\u0646 \u0645\u0627\u0631\u0643\u062a\"},\"image\":{\"@id\":\"https:\\\/\\\/yasminfood.ch\\\/en\\\/#\\\/schema\\\/logo\\\/image\\\/\"},\"sameAs\":[\"https:\\\/\\\/www.facebook.com\\\/yasminmarkt1\",\"https:\\\/\\\/www.tiktok.com\\\/@yasminmarkt\",\"https:\\\/\\\/www.instagram.com\\\/yasmin.markt1\\\/\",\"https:\\\/\\\/api.whatsapp.com\\\/send\\\/?phone=41799000104\"],\"publishingPrinciples\":\"https:\\\/\\\/yasminfood.ch\\\/de\\\/shop\\\/\",\"ownershipFundingInfo\":\"https:\\\/\\\/yasminfood.ch\\\/de\\\/shop\\\/\"}]}<\/script>\n<!-- \/ Yoast SEO Premium plugin. -->","yoast_head_json":{"title":"Terms of use - Yasmin Food","robots":{"index":"index","follow":"follow","max-snippet":"max-snippet:-1","max-image-preview":"max-image-preview:large","max-video-preview":"max-video-preview:-1"},"canonical":"https:\/\/yasminfood.ch\/en\/terms-of-use\/","og_locale":"en_US","og_type":"article","og_title":"Terms of use","og_description":"Allgemeine Gesch\u00e4ftsbedingungen (AGB) von Yasmin Food GmbH 1. Geltungsbereich F\u00fcr alle Bestellungen \u00fcber unsere Webseite gelten die nachfolgenden","og_url":"https:\/\/yasminfood.ch\/en\/terms-of-use\/","og_site_name":"Yasmin Food","article_publisher":"https:\/\/www.facebook.com\/yasminmarkt1","article_modified_time":"2025-05-18T08:21:46+00:00","og_image":[{"width":1536,"height":806,"url":"https:\/\/yasminfood.ch\/wp-content\/uploads\/2025\/04\/\u062a\u0635\u0645\u064a\u0645-\u0628\u062f\u0648\u0646-\u0639\u0646\u0648\u0627\u0646-7.png","type":"image\/png"}],"twitter_card":"summary_large_image","twitter_misc":{"Est. reading time":"12 minutes"},"schema":{"@context":"https:\/\/schema.org","@graph":[{"@type":"WebPage","@id":"https:\/\/yasminfood.ch\/en\/terms-of-use\/","url":"https:\/\/yasminfood.ch\/en\/terms-of-use\/","name":"Terms of use - Yasmin Food","isPartOf":{"@id":"https:\/\/yasminfood.ch\/en\/#website"},"datePublished":"2020-10-11T09:22:56+00:00","dateModified":"2025-05-18T08:21:46+00:00","breadcrumb":{"@id":"https:\/\/yasminfood.ch\/en\/terms-of-use\/#breadcrumb"},"inLanguage":"en-US","potentialAction":[{"@type":"ReadAction","target":["https:\/\/yasminfood.ch\/en\/terms-of-use\/"]}]},{"@type":"BreadcrumbList","@id":"https:\/\/yasminfood.ch\/en\/terms-of-use\/#breadcrumb","itemListElement":[{"@type":"ListItem","position":1,"name":"\u0627\u0644\u0631\u0626\u064a\u0633\u064a\u0629","item":"https:\/\/yasminfood.ch\/en\/home\/"},{"@type":"ListItem","position":2,"name":"Terms of use"}]},{"@type":"WebSite","@id":"https:\/\/yasminfood.ch\/en\/#website","url":"https:\/\/yasminfood.ch\/en\/","name":"\u064a\u0627\u0633\u0645\u064a\u0646 \u0645\u0627\u0631\u0643\u062a","description":"Everything you need in one place","publisher":{"@id":"https:\/\/yasminfood.ch\/en\/#organization"},"alternateName":"Yasmin Food","potentialAction":[{"@type":"SearchAction","target":{"@type":"EntryPoint","urlTemplate":"https:\/\/yasminfood.ch\/en\/?s={search_term_string}"},"query-input":{"@type":"PropertyValueSpecification","valueRequired":true,"valueName":"search_term_string"}}],"inLanguage":"en-US"},{"@type":"Organization","@id":"https:\/\/yasminfood.ch\/en\/#organization","name":"\u064a\u0627\u0633\u0645\u064a\u0646 \u0645\u0627\u0631\u0643\u062a","alternateName":"Yasmin Food","url":"https:\/\/yasminfood.ch\/en\/","logo":{"@type":"ImageObject","inLanguage":"en-US","@id":"https:\/\/yasminfood.ch\/en\/#\/schema\/logo\/image\/","url":"https:\/\/yasminfood.ch\/wp-content\/uploads\/2025\/05\/yasmin-food-header-logo.png","contentUrl":"https:\/\/yasminfood.ch\/wp-content\/uploads\/2025\/05\/yasmin-food-header-logo.png","width":330,"height":120,"caption":"\u064a\u0627\u0633\u0645\u064a\u0646 \u0645\u0627\u0631\u0643\u062a"},"image":{"@id":"https:\/\/yasminfood.ch\/en\/#\/schema\/logo\/image\/"},"sameAs":["https:\/\/www.facebook.com\/yasminmarkt1","https:\/\/www.tiktok.com\/@yasminmarkt","https:\/\/www.instagram.com\/yasmin.markt1\/","https:\/\/api.whatsapp.com\/send\/?phone=41799000104"],"publishingPrinciples":"https:\/\/yasminfood.ch\/de\/shop\/","ownershipFundingInfo":"https:\/\/yasminfood.ch\/de\/shop\/"}]}},"jetpack_sharing_enabled":true,"_links":{"self":[{"href":"https:\/\/yasminfood.ch\/en\/wp-json\/wp\/v2\/pages\/3515","targetHints":{"allow":["GET"]}}],"collection":[{"href":"https:\/\/yasminfood.ch\/en\/wp-json\/wp\/v2\/pages"}],"about":[{"href":"https:\/\/yasminfood.ch\/en\/wp-json\/wp\/v2\/types\/page"}],"author":[{"embeddable":true,"href":"https:\/\/yasminfood.ch\/en\/wp-json\/wp\/v2\/users\/1"}],"replies":[{"embeddable":true,"href":"https:\/\/yasminfood.ch\/en\/wp-json\/wp\/v2\/comments?post=3515"}],"version-history":[{"count":1,"href":"https:\/\/yasminfood.ch\/en\/wp-json\/wp\/v2\/pages\/3515\/revisions"}],"predecessor-version":[{"id":109504,"href":"https:\/\/yasminfood.ch\/en\/wp-json\/wp\/v2\/pages\/3515\/revisions\/109504"}],"wp:attachment":[{"href":"https:\/\/yasminfood.ch\/en\/wp-json\/wp\/v2\/media?parent=3515"}],"curies":[{"name":"wp","href":"https:\/\/api.w.org\/{rel}","templated":true}]}}