{"id":120435,"date":"2025-10-13T23:52:06","date_gmt":"2025-10-13T21:52:06","guid":{"rendered":"https:\/\/yasminfood.ch\/product\/nylon-tablecloth-90-x-100-cm\/"},"modified":"2025-10-13T23:55:19","modified_gmt":"2025-10-13T21:55:19","slug":"nylon-tablecloth-90-x-100-cm","status":"publish","type":"product","link":"https:\/\/yasminfood.ch\/en\/product\/nylon-tablecloth-90-x-100-cm\/","title":{"rendered":"Nylon Tablecloth 90 \u00d7 100 Cm"},"content":{"rendered":"<p><strong>Nylon Tablecloth 90 \u00d7 100 Cm<\/strong><\/p>\n<ul>\n<li>\n<p data-start=\"141\" data-end=\"384\">Made of high-quality nylon material that provides excellent protection against liquids and stains, it is also easy to use and dispose of after completion. <br data-start=\"327\" data-end=\"330\">Perfect for homes, restaurants, parties and family events. <\/p>\n<p data-start=\"386\" data-end=\"402\"><strong data-start=\"386\" data-end=\"400\">Specifications:<\/strong><\/p>\n<ul data-start=\"403\" data-end=\"565\">\n<li data-start=\"403\" data-end=\"426\">\n<p data-start=\"405\" data-end=\"426\">Size: 90 \u00d7 100 cm <\/p>\n<\/li>\n<li data-start=\"427\" data-end=\"457\">\n<p data-start=\"429\" data-end=\"457\">Material: Waterproof Nylon <\/p>\n<\/li>\n<li data-start=\"458\" data-end=\"496\">\n<p data-start=\"460\" data-end=\"496\">Use: Disposable <\/p>\n<\/li>\n<li data-start=\"497\" data-end=\"529\">\n<p data-start=\"499\" data-end=\"529\">Number of Pieces in Package: 20 Pieces <\/p>\n<\/li>\n<li data-start=\"530\" data-end=\"565\">\n<p data-start=\"532\" data-end=\"565\">Color: White decorated with elegant graphics <\/p>\n<\/li>\n<\/ul>\n<p data-start=\"567\" data-end=\"582\"><strong data-start=\"567\" data-end=\"580\">Features:<\/strong><\/p>\n<ul data-start=\"583\" data-end=\"718\">\n<li data-start=\"583\" data-end=\"627\">\n<p data-start=\"585\" data-end=\"627\">Keeps the table from dirt and spills<\/p>\n<\/li>\n<li data-start=\"628\" data-end=\"650\">\n<p data-start=\"630\" data-end=\"650\">Easy to Spread and Switch<\/p>\n<\/li>\n<li data-start=\"651\" data-end=\"686\">\n<p data-start=\"653\" data-end=\"686\">Simple design for all occasions<\/p>\n<\/li>\n<li data-start=\"687\" data-end=\"718\">\n<p data-start=\"689\" data-end=\"718\">Ideal choice for trips and banquets<\/p>\n<\/li>\n<\/ul>\n<\/li>\n<\/ul>\n","protected":false},"excerpt":{"rendered":"<p><strong>Nylon Tablecloth 90 \u00d7 100 Cm<\/strong><\/p>\n<ul>\n<li>\n<p data-start=\"141\" data-end=\"384\">Made of high-quality nylon material that provides excellent protection against liquids and stains, it is also easy to use and dispose of after completion. <\/p>\n<\/li>\n<\/ul>\n","protected":false},"featured_media":120428,"comment_status":"open","ping_status":"closed","template":"","meta":[],"product_brand":[],"product_cat":[902,389],"product_tag":[],"class_list":{"0":"post-120435","1":"product","2":"type-product","3":"status-publish","4":"has-post-thumbnail","6":"product_cat-kitchen-utensils","7":"product_cat-nonfood-en","9":"first","10":"instock","11":"taxable","12":"shipping-taxable","13":"purchasable","14":"product-type-simple"},"yoast_head":"<!-- This site is optimized with the Yoast SEO Premium plugin v26.5 (Yoast SEO v27.5) - https:\/\/yoast.com\/product\/yoast-seo-premium-wordpress\/ -->\n<title>Nylon Tablecloth 90 \u00d7 100 Cm - Yasmin Food<\/title>\n<meta name=\"description\" content=\"Protect your table with this 90 \u00d7 100 cm Nylon Tablecloth that is liquid resistant. Great for family events, order it now! Nylon Tablecloth 90 \u00d7 100 Cm\" \/>\n<meta name=\"robots\" content=\"index, follow, max-snippet:-1, max-image-preview:large, max-video-preview:-1\" \/>\n<link rel=\"canonical\" href=\"https:\/\/yasminfood.ch\/en\/product\/nylon-tablecloth-90-x-100-cm\/\" \/>\n<meta property=\"og:locale\" content=\"en_US\" \/>\n<meta property=\"og:type\" content=\"article\" \/>\n<meta property=\"og:title\" content=\"Nylon Tablecloth 90 \u00d7 100 Cm\" \/>\n<meta property=\"og:description\" content=\"Nylon Tablecloth 90 \u00d7 100 Cm   Made of high-quality nylon material that provides excellent protection against liquids and stains, it is also easy to use and dispose of after completion.\" \/>\n<meta property=\"og:url\" content=\"https:\/\/yasminfood.ch\/en\/product\/nylon-tablecloth-90-x-100-cm\/\" \/>\n<meta property=\"og:site_name\" content=\"Yasmin Food\" \/>\n<meta property=\"article:publisher\" content=\"https:\/\/www.facebook.com\/yasminmarkt1\" \/>\n<meta property=\"article:modified_time\" content=\"2025-10-13T21:55:19+00:00\" \/>\n<meta property=\"og:image\" content=\"https:\/\/yasminfood.ch\/wp-content\/uploads\/2025\/10\/\u0645\u0641\u0631\u0634-\u0637\u0627\u0648\u0644\u0629-\u0646\u0627\u064a\u0644\u0648\u0646-90-\u00d7-120-\u0633\u0645.png\" \/>\n\t<meta property=\"og:image:width\" content=\"1080\" \/>\n\t<meta property=\"og:image:height\" content=\"1080\" \/>\n\t<meta property=\"og:image:type\" content=\"image\/png\" \/>\n<meta name=\"twitter:card\" content=\"summary_large_image\" \/>\n<meta name=\"twitter:label1\" content=\"Price\" \/>\n\t<meta name=\"twitter:data1\" content=\"4.95&nbsp;&#067;&#072;&#070;\" \/>\n\t<meta name=\"twitter:label2\" content=\"Availability\" \/>\n\t<meta name=\"twitter:data2\" content=\"In stock\" \/>\n<script type=\"application\/ld+json\" class=\"yoast-schema-graph\">{\"@context\":\"https:\\\/\\\/schema.org\",\"@graph\":[{\"@type\":\"WebPage\",\"@id\":\"https:\\\/\\\/yasminfood.ch\\\/en\\\/product\\\/nylon-tablecloth-90-x-100-cm\\\/\",\"url\":\"https:\\\/\\\/yasminfood.ch\\\/en\\\/product\\\/nylon-tablecloth-90-x-100-cm\\\/\",\"name\":\"Nylon Tablecloth 90 \u00d7 100 Cm - Yasmin Food\",\"isPartOf\":{\"@id\":\"https:\\\/\\\/yasminfood.ch\\\/en\\\/#website\"},\"primaryImageOfPage\":{\"@id\":\"https:\\\/\\\/yasminfood.ch\\\/en\\\/product\\\/nylon-tablecloth-90-x-100-cm\\\/#primaryimage\"},\"image\":{\"@id\":\"https:\\\/\\\/yasminfood.ch\\\/en\\\/product\\\/nylon-tablecloth-90-x-100-cm\\\/#primaryimage\"},\"thumbnailUrl\":\"https:\\\/\\\/yasminfood.ch\\\/wp-content\\\/uploads\\\/2025\\\/10\\\/\u0645\u0641\u0631\u0634-\u0637\u0627\u0648\u0644\u0629-\u0646\u0627\u064a\u0644\u0648\u0646-90-\u00d7-120-\u0633\u0645.png\",\"datePublished\":\"2025-10-13T21:52:06+00:00\",\"dateModified\":\"2025-10-13T21:55:19+00:00\",\"description\":\"Protect your table with this 90 \u00d7 100 cm Nylon Tablecloth that is liquid resistant. Great for family events, order it now! Nylon Tablecloth 90 \u00d7 100 Cm\",\"breadcrumb\":{\"@id\":\"https:\\\/\\\/yasminfood.ch\\\/en\\\/product\\\/nylon-tablecloth-90-x-100-cm\\\/#breadcrumb\"},\"inLanguage\":\"en-US\",\"potentialAction\":[{\"@type\":\"ReadAction\",\"target\":[\"https:\\\/\\\/yasminfood.ch\\\/en\\\/product\\\/nylon-tablecloth-90-x-100-cm\\\/\"]}]},{\"@type\":\"ImageObject\",\"inLanguage\":\"en-US\",\"@id\":\"https:\\\/\\\/yasminfood.ch\\\/en\\\/product\\\/nylon-tablecloth-90-x-100-cm\\\/#primaryimage\",\"url\":\"https:\\\/\\\/yasminfood.ch\\\/wp-content\\\/uploads\\\/2025\\\/10\\\/\u0645\u0641\u0631\u0634-\u0637\u0627\u0648\u0644\u0629-\u0646\u0627\u064a\u0644\u0648\u0646-90-\u00d7-120-\u0633\u0645.png\",\"contentUrl\":\"https:\\\/\\\/yasminfood.ch\\\/wp-content\\\/uploads\\\/2025\\\/10\\\/\u0645\u0641\u0631\u0634-\u0637\u0627\u0648\u0644\u0629-\u0646\u0627\u064a\u0644\u0648\u0646-90-\u00d7-120-\u0633\u0645.png\",\"width\":1080,\"height\":1080,\"caption\":\"Nylon Tablecloth 90 \u00d7 100 Cm\"},{\"@type\":\"BreadcrumbList\",\"@id\":\"https:\\\/\\\/yasminfood.ch\\\/en\\\/product\\\/nylon-tablecloth-90-x-100-cm\\\/#breadcrumb\",\"itemListElement\":[{\"@type\":\"ListItem\",\"position\":1,\"name\":\"\u0627\u0644\u0631\u0626\u064a\u0633\u064a\u0629\",\"item\":\"https:\\\/\\\/yasminfood.ch\\\/en\\\/home\\\/\"},{\"@type\":\"ListItem\",\"position\":2,\"name\":\"Shop\",\"item\":\"https:\\\/\\\/yasminfood.ch\\\/en\\\/shop\\\/\"},{\"@type\":\"ListItem\",\"position\":3,\"name\":\"nonfood\",\"item\":\"https:\\\/\\\/yasminfood.ch\\\/en\\\/product-category\\\/nonfood-en\\\/\"},{\"@type\":\"ListItem\",\"position\":4,\"name\":\"Nylon Tablecloth 90 \u00d7 100 Cm\"}]},{\"@type\":\"WebSite\",\"@id\":\"https:\\\/\\\/yasminfood.ch\\\/en\\\/#website\",\"url\":\"https:\\\/\\\/yasminfood.ch\\\/en\\\/\",\"name\":\"\u064a\u0627\u0633\u0645\u064a\u0646 \u0645\u0627\u0631\u0643\u062a\",\"description\":\"Everything you need in one place\",\"publisher\":{\"@id\":\"https:\\\/\\\/yasminfood.ch\\\/en\\\/#organization\"},\"alternateName\":\"Yasmin Food\",\"potentialAction\":[{\"@type\":\"SearchAction\",\"target\":{\"@type\":\"EntryPoint\",\"urlTemplate\":\"https:\\\/\\\/yasminfood.ch\\\/en\\\/?s={search_term_string}\"},\"query-input\":{\"@type\":\"PropertyValueSpecification\",\"valueRequired\":true,\"valueName\":\"search_term_string\"}}],\"inLanguage\":\"en-US\"},{\"@type\":\"Organization\",\"@id\":\"https:\\\/\\\/yasminfood.ch\\\/en\\\/#organization\",\"name\":\"\u064a\u0627\u0633\u0645\u064a\u0646 \u0645\u0627\u0631\u0643\u062a\",\"alternateName\":\"Yasmin Food\",\"url\":\"https:\\\/\\\/yasminfood.ch\\\/en\\\/\",\"logo\":{\"@type\":\"ImageObject\",\"inLanguage\":\"en-US\",\"@id\":\"https:\\\/\\\/yasminfood.ch\\\/en\\\/#\\\/schema\\\/logo\\\/image\\\/\",\"url\":\"https:\\\/\\\/yasminfood.ch\\\/wp-content\\\/uploads\\\/2025\\\/05\\\/yasmin-food-header-logo.png\",\"contentUrl\":\"https:\\\/\\\/yasminfood.ch\\\/wp-content\\\/uploads\\\/2025\\\/05\\\/yasmin-food-header-logo.png\",\"width\":330,\"height\":120,\"caption\":\"\u064a\u0627\u0633\u0645\u064a\u0646 \u0645\u0627\u0631\u0643\u062a\"},\"image\":{\"@id\":\"https:\\\/\\\/yasminfood.ch\\\/en\\\/#\\\/schema\\\/logo\\\/image\\\/\"},\"sameAs\":[\"https:\\\/\\\/www.facebook.com\\\/yasminmarkt1\",\"https:\\\/\\\/www.tiktok.com\\\/@yasminmarkt\",\"https:\\\/\\\/www.instagram.com\\\/yasmin.markt1\\\/\",\"https:\\\/\\\/api.whatsapp.com\\\/send\\\/?phone=41799000104\"],\"publishingPrinciples\":\"https:\\\/\\\/yasminfood.ch\\\/de\\\/shop\\\/\",\"ownershipFundingInfo\":\"https:\\\/\\\/yasminfood.ch\\\/de\\\/shop\\\/\"}]}<\/script>\n<meta property=\"product:price:amount\" content=\"4.95\" \/>\n<meta property=\"product:price:currency\" content=\"CHF\" \/>\n<meta property=\"og:availability\" content=\"instock\" \/>\n<meta property=\"product:availability\" content=\"instock\" \/>\n<meta property=\"product:condition\" content=\"new\" \/>\n<!-- \/ Yoast SEO Premium plugin. -->","yoast_head_json":{"title":"Nylon Tablecloth 90 \u00d7 100 Cm - Yasmin Food","description":"Protect your table with this 90 \u00d7 100 cm Nylon Tablecloth that is liquid resistant. Great for family events, order it now! Nylon Tablecloth 90 \u00d7 100 Cm","robots":{"index":"index","follow":"follow","max-snippet":"max-snippet:-1","max-image-preview":"max-image-preview:large","max-video-preview":"max-video-preview:-1"},"canonical":"https:\/\/yasminfood.ch\/en\/product\/nylon-tablecloth-90-x-100-cm\/","og_locale":"en_US","og_type":"article","og_title":"Nylon Tablecloth 90 \u00d7 100 Cm","og_description":"Nylon Tablecloth 90 \u00d7 100 Cm   Made of high-quality nylon material that provides excellent protection against liquids and stains, it is also easy to use and dispose of after completion.","og_url":"https:\/\/yasminfood.ch\/en\/product\/nylon-tablecloth-90-x-100-cm\/","og_site_name":"Yasmin Food","article_publisher":"https:\/\/www.facebook.com\/yasminmarkt1","article_modified_time":"2025-10-13T21:55:19+00:00","og_image":[{"width":1080,"height":1080,"url":"https:\/\/yasminfood.ch\/wp-content\/uploads\/2025\/10\/\u0645\u0641\u0631\u0634-\u0637\u0627\u0648\u0644\u0629-\u0646\u0627\u064a\u0644\u0648\u0646-90-\u00d7-120-\u0633\u0645.png","type":"image\/png"}],"twitter_card":"summary_large_image","twitter_misc":{"Price":"4.95&nbsp;&#67;&#72;&#70;","Availability":"In stock"},"schema":{"@context":"https:\/\/schema.org","@graph":[{"@type":"WebPage","@id":"https:\/\/yasminfood.ch\/en\/product\/nylon-tablecloth-90-x-100-cm\/","url":"https:\/\/yasminfood.ch\/en\/product\/nylon-tablecloth-90-x-100-cm\/","name":"Nylon Tablecloth 90 \u00d7 100 Cm - Yasmin Food","isPartOf":{"@id":"https:\/\/yasminfood.ch\/en\/#website"},"primaryImageOfPage":{"@id":"https:\/\/yasminfood.ch\/en\/product\/nylon-tablecloth-90-x-100-cm\/#primaryimage"},"image":{"@id":"https:\/\/yasminfood.ch\/en\/product\/nylon-tablecloth-90-x-100-cm\/#primaryimage"},"thumbnailUrl":"https:\/\/yasminfood.ch\/wp-content\/uploads\/2025\/10\/\u0645\u0641\u0631\u0634-\u0637\u0627\u0648\u0644\u0629-\u0646\u0627\u064a\u0644\u0648\u0646-90-\u00d7-120-\u0633\u0645.png","datePublished":"2025-10-13T21:52:06+00:00","dateModified":"2025-10-13T21:55:19+00:00","description":"Protect your table with this 90 \u00d7 100 cm Nylon Tablecloth that is liquid resistant. Great for family events, order it now! Nylon Tablecloth 90 \u00d7 100 Cm","breadcrumb":{"@id":"https:\/\/yasminfood.ch\/en\/product\/nylon-tablecloth-90-x-100-cm\/#breadcrumb"},"inLanguage":"en-US","potentialAction":[{"@type":"ReadAction","target":["https:\/\/yasminfood.ch\/en\/product\/nylon-tablecloth-90-x-100-cm\/"]}]},{"@type":"ImageObject","inLanguage":"en-US","@id":"https:\/\/yasminfood.ch\/en\/product\/nylon-tablecloth-90-x-100-cm\/#primaryimage","url":"https:\/\/yasminfood.ch\/wp-content\/uploads\/2025\/10\/\u0645\u0641\u0631\u0634-\u0637\u0627\u0648\u0644\u0629-\u0646\u0627\u064a\u0644\u0648\u0646-90-\u00d7-120-\u0633\u0645.png","contentUrl":"https:\/\/yasminfood.ch\/wp-content\/uploads\/2025\/10\/\u0645\u0641\u0631\u0634-\u0637\u0627\u0648\u0644\u0629-\u0646\u0627\u064a\u0644\u0648\u0646-90-\u00d7-120-\u0633\u0645.png","width":1080,"height":1080,"caption":"Nylon Tablecloth 90 \u00d7 100 Cm"},{"@type":"BreadcrumbList","@id":"https:\/\/yasminfood.ch\/en\/product\/nylon-tablecloth-90-x-100-cm\/#breadcrumb","itemListElement":[{"@type":"ListItem","position":1,"name":"\u0627\u0644\u0631\u0626\u064a\u0633\u064a\u0629","item":"https:\/\/yasminfood.ch\/en\/home\/"},{"@type":"ListItem","position":2,"name":"Shop","item":"https:\/\/yasminfood.ch\/en\/shop\/"},{"@type":"ListItem","position":3,"name":"nonfood","item":"https:\/\/yasminfood.ch\/en\/product-category\/nonfood-en\/"},{"@type":"ListItem","position":4,"name":"Nylon Tablecloth 90 \u00d7 100 Cm"}]},{"@type":"WebSite","@id":"https:\/\/yasminfood.ch\/en\/#website","url":"https:\/\/yasminfood.ch\/en\/","name":"\u064a\u0627\u0633\u0645\u064a\u0646 \u0645\u0627\u0631\u0643\u062a","description":"Everything you need in one place","publisher":{"@id":"https:\/\/yasminfood.ch\/en\/#organization"},"alternateName":"Yasmin Food","potentialAction":[{"@type":"SearchAction","target":{"@type":"EntryPoint","urlTemplate":"https:\/\/yasminfood.ch\/en\/?s={search_term_string}"},"query-input":{"@type":"PropertyValueSpecification","valueRequired":true,"valueName":"search_term_string"}}],"inLanguage":"en-US"},{"@type":"Organization","@id":"https:\/\/yasminfood.ch\/en\/#organization","name":"\u064a\u0627\u0633\u0645\u064a\u0646 \u0645\u0627\u0631\u0643\u062a","alternateName":"Yasmin Food","url":"https:\/\/yasminfood.ch\/en\/","logo":{"@type":"ImageObject","inLanguage":"en-US","@id":"https:\/\/yasminfood.ch\/en\/#\/schema\/logo\/image\/","url":"https:\/\/yasminfood.ch\/wp-content\/uploads\/2025\/05\/yasmin-food-header-logo.png","contentUrl":"https:\/\/yasminfood.ch\/wp-content\/uploads\/2025\/05\/yasmin-food-header-logo.png","width":330,"height":120,"caption":"\u064a\u0627\u0633\u0645\u064a\u0646 \u0645\u0627\u0631\u0643\u062a"},"image":{"@id":"https:\/\/yasminfood.ch\/en\/#\/schema\/logo\/image\/"},"sameAs":["https:\/\/www.facebook.com\/yasminmarkt1","https:\/\/www.tiktok.com\/@yasminmarkt","https:\/\/www.instagram.com\/yasmin.markt1\/","https:\/\/api.whatsapp.com\/send\/?phone=41799000104"],"publishingPrinciples":"https:\/\/yasminfood.ch\/de\/shop\/","ownershipFundingInfo":"https:\/\/yasminfood.ch\/de\/shop\/"}]},"product_price_amount":"4.95","product_price_currency":"CHF","og_availability":"instock","product_availability":"instock","product_condition":"new"},"jetpack_sharing_enabled":true,"_links":{"self":[{"href":"https:\/\/yasminfood.ch\/en\/wp-json\/wp\/v2\/product\/120435","targetHints":{"allow":["GET"]}}],"collection":[{"href":"https:\/\/yasminfood.ch\/en\/wp-json\/wp\/v2\/product"}],"about":[{"href":"https:\/\/yasminfood.ch\/en\/wp-json\/wp\/v2\/types\/product"}],"replies":[{"embeddable":true,"href":"https:\/\/yasminfood.ch\/en\/wp-json\/wp\/v2\/comments?post=120435"}],"version-history":[{"count":1,"href":"https:\/\/yasminfood.ch\/en\/wp-json\/wp\/v2\/product\/120435\/revisions"}],"predecessor-version":[{"id":120436,"href":"https:\/\/yasminfood.ch\/en\/wp-json\/wp\/v2\/product\/120435\/revisions\/120436"}],"wp:featuredmedia":[{"embeddable":true,"href":"https:\/\/yasminfood.ch\/en\/wp-json\/wp\/v2\/media\/120428"}],"wp:attachment":[{"href":"https:\/\/yasminfood.ch\/en\/wp-json\/wp\/v2\/media?parent=120435"}],"wp:term":[{"taxonomy":"product_brand","embeddable":true,"href":"https:\/\/yasminfood.ch\/en\/wp-json\/wp\/v2\/product_brand?post=120435"},{"taxonomy":"product_cat","embeddable":true,"href":"https:\/\/yasminfood.ch\/en\/wp-json\/wp\/v2\/product_cat?post=120435"},{"taxonomy":"product_tag","embeddable":true,"href":"https:\/\/yasminfood.ch\/en\/wp-json\/wp\/v2\/product_tag?post=120435"}],"curies":[{"name":"wp","href":"https:\/\/api.w.org\/{rel}","templated":true}]}}